{"id":9121,"date":"2025-11-10T11:58:52","date_gmt":"2025-11-10T10:58:52","guid":{"rendered":"https:\/\/ofertacular.com\/index.php\/producto\/kuulaa-powerbank\/"},"modified":"2025-11-10T11:58:52","modified_gmt":"2025-11-10T10:58:52","slug":"kuulaa-powerbank","status":"publish","type":"product","link":"https:\/\/ofertacular.com\/index.php\/producto\/kuulaa-powerbank\/","title":{"rendered":"Kuulaa Powerbank"},"content":{"rendered":"<div class=\"oferta-container\">\n<p>\ud83d\udfe5 <b>\u00a1APROVECHA!<\/b> \ud83d\udfe5 #Publicidad #Amazon #16<\/p>\n<p>\ud83d\udd34 <b>Powerbank Kuulaa <\/b><\/p>\n<p>\u2705 <b>AHORA 10.25 \u20ac<\/b> \u2714\ufe0f\ud83d\udfe1<\/p>\n<p>\u274c Antes 11.99 \u20ac<\/p>\n<p>\ud83d\uded2: <a href=\"https:\/\/btz.es\/5ciZcB7\" target=\"_blank\" rel=\"nofollow noopener\">https:\/\/btz.es\/5ciZcB7<\/a><\/p>\n<p>Descubre la potencia y fiabilidad del Powerbank Kuulaa, dise\u00f1ado para mantener tus dispositivos siempre cargados en cualquier lugar. Con una capacidad \u00f3ptima y un dise\u00f1o compacto, este cargador port\u00e1til es el compa\u00f1ero ideal para tu smartphone, tablet y otros dispositivos electr\u00f3nicos. Perfecto para quienes necesitan energ\u00eda en movimiento, el Powerbank Kuulaa ofrece carga r\u00e1pida y segura, asegurando que nunca te quedes sin bater\u00eda. Aprovecha esta oportunidad y lleva contigo la soluci\u00f3n energ\u00e9tica que tu vida digital necesita.<\/p>\n<\/p><\/div>\n","protected":false},"excerpt":{"rendered":"<p>\ud83d\udfe5 \u00a1APROVECHA! \ud83d\udfe5 #Publicidad #Amazon #16 \ud83d\udd34 Powerbank Kuulaa \u2705 AHORA 10.25 \u20ac \u2714\ufe0f\ud83d\udfe1 \u274c Antes 11.99 \u20ac \ud83d\uded2: https:\/\/btz.es\/5ciZcB7 Descubre la potencia y fiabilidad del Powerbank Kuulaa, dise\u00f1ado para mantener tus dispositivos siempre cargados en cualquier lugar. Con una capacidad \u00f3ptima y un dise\u00f1o compacto, este cargador port\u00e1til es el compa\u00f1ero ideal para tu [&hellip;]<\/p>\n","protected":false},"featured_media":9120,"template":"","meta":{"_gspb_post_css":""},"store":[],"product_brand":[],"product_cat":[16],"product_tag":[],"class_list":{"0":"post-9121","1":"product","2":"type-product","3":"status-publish","4":"has-post-thumbnail","6":"product_cat-sin-categorizar","8":"first","9":"instock","10":"sale","11":"shipping-taxable","12":"product-type-external"},"jetpack_sharing_enabled":true,"_links":{"self":[{"href":"https:\/\/ofertacular.com\/index.php\/wp-json\/wp\/v2\/product\/9121","targetHints":{"allow":["GET"]}}],"collection":[{"href":"https:\/\/ofertacular.com\/index.php\/wp-json\/wp\/v2\/product"}],"about":[{"href":"https:\/\/ofertacular.com\/index.php\/wp-json\/wp\/v2\/types\/product"}],"wp:featuredmedia":[{"embeddable":true,"href":"https:\/\/ofertacular.com\/index.php\/wp-json\/wp\/v2\/media\/9120"}],"wp:attachment":[{"href":"https:\/\/ofertacular.com\/index.php\/wp-json\/wp\/v2\/media?parent=9121"}],"wp:term":[{"taxonomy":"store","embeddable":true,"href":"https:\/\/ofertacular.com\/index.php\/wp-json\/wp\/v2\/store?post=9121"},{"taxonomy":"product_brand","embeddable":true,"href":"https:\/\/ofertacular.com\/index.php\/wp-json\/wp\/v2\/product_brand?post=9121"},{"taxonomy":"product_cat","embeddable":true,"href":"https:\/\/ofertacular.com\/index.php\/wp-json\/wp\/v2\/product_cat?post=9121"},{"taxonomy":"product_tag","embeddable":true,"href":"https:\/\/ofertacular.com\/index.php\/wp-json\/wp\/v2\/product_tag?post=9121"}],"curies":[{"name":"wp","href":"https:\/\/api.w.org\/{rel}","templated":true}]}}