{"id":9141,"date":"2025-11-11T08:18:10","date_gmt":"2025-11-11T07:18:10","guid":{"rendered":"https:\/\/ofertacular.com\/index.php\/producto\/1005009939406371\/"},"modified":"2025-11-11T08:18:10","modified_gmt":"2025-11-11T07:18:10","slug":"1005009939406371","status":"publish","type":"product","link":"https:\/\/ofertacular.com\/index.php\/producto\/1005009939406371\/","title":{"rendered":"Bater\u00eda Probador"},"content":{"rendered":"<div class=\"oferta-container\">\n<p>\ud83d\udfe5 <b>\u00a1GANGAZO!<\/b> \ud83d\udfe5 #Publicidad #Amazon #<\/p>\n<p>\ud83d\udd34 <b>Probador Bater\u00edas <\/b><\/p>\n<p>\u2705 <b>AHORA 2.63\u20ac \u20ac<\/b> \u2714\ufe0f\ud83d\udfe1<\/p>\n<p>\u274c Antes 6.50 \u20ac<\/p>\n<p>\ud83d\uded2: <a href=\"https:\/\/btz.es\/5cnWab5\" target=\"_blank\" rel=\"nofollow noopener\">https:\/\/btz.es\/5cnWab5<\/a><\/p>\n<p>Descubre el probador de bater\u00edas de alta precisi\u00f3n, ideal para diagnosticar f\u00e1cilmente el estado de tus bater\u00edas de autom\u00f3vil, moto o dispositivos electr\u00f3nicos. Este probador de bater\u00edas compacto y port\u00e1til te permite medir voltaje, carga y salud de la bater\u00eda en tiempo real, garantizando un mantenimiento eficaz y prolongando la vida \u00fatil de tus bater\u00edas. Compatible con bater\u00edas de 12V y 24V, es la herramienta perfecta para mec\u00e1nicos, aficionados y profesionales que buscan un dispositivo confiable y f\u00e1cil de usar. Optimiza el rendimiento de tus veh\u00edculos y equipos con este probado probador de bater\u00edas que ofrece resultados r\u00e1pidos, precisos y confiables. No pierdas tiempo ni dinero con bater\u00edas defectuosas, adquiere hoy mismo este probador de bater\u00edas, una soluci\u00f3n imprescindible para el cuidado de tus sistemas el\u00e9ctricos y para evitar fallos inesperados. Con su dise\u00f1o ergon\u00f3mico y resistente, es adecuado tanto para uso dom\u00e9stico como profesional. Adem\u00e1s, su pantalla digital facilita la lectura de los valores, haci\u00e9ndolo accesible para cualquier usuario. Mant\u00e9n siempre tus bater\u00edas en \u00f3ptimas condiciones y evita contratiempos con este probador de bater\u00edas esencial para cualquier taller o garaje.<\/p>\n<\/p><\/div>\n","protected":false},"excerpt":{"rendered":"<p>\ud83d\udfe5 \u00a1GANGAZO! \ud83d\udfe5 #Publicidad #Amazon # \ud83d\udd34 Probador Bater\u00edas \u2705 AHORA 2.63\u20ac \u20ac \u2714\ufe0f\ud83d\udfe1 \u274c Antes 6.50 \u20ac \ud83d\uded2: https:\/\/btz.es\/5cnWab5 Descubre el probador de bater\u00edas de alta precisi\u00f3n, ideal para diagnosticar f\u00e1cilmente el estado de tus bater\u00edas de autom\u00f3vil, moto o dispositivos electr\u00f3nicos. Este probador de bater\u00edas compacto y port\u00e1til te permite medir voltaje, carga [&hellip;]<\/p>\n","protected":false},"featured_media":9140,"template":"","meta":{"_gspb_post_css":""},"store":[],"product_brand":[],"product_cat":[16],"product_tag":[],"class_list":{"0":"post-9141","1":"product","2":"type-product","3":"status-publish","4":"has-post-thumbnail","6":"product_cat-sin-categorizar","8":"first","9":"instock","10":"shipping-taxable","11":"product-type-external"},"jetpack_sharing_enabled":true,"_links":{"self":[{"href":"https:\/\/ofertacular.com\/index.php\/wp-json\/wp\/v2\/product\/9141","targetHints":{"allow":["GET"]}}],"collection":[{"href":"https:\/\/ofertacular.com\/index.php\/wp-json\/wp\/v2\/product"}],"about":[{"href":"https:\/\/ofertacular.com\/index.php\/wp-json\/wp\/v2\/types\/product"}],"wp:featuredmedia":[{"embeddable":true,"href":"https:\/\/ofertacular.com\/index.php\/wp-json\/wp\/v2\/media\/9140"}],"wp:attachment":[{"href":"https:\/\/ofertacular.com\/index.php\/wp-json\/wp\/v2\/media?parent=9141"}],"wp:term":[{"taxonomy":"store","embeddable":true,"href":"https:\/\/ofertacular.com\/index.php\/wp-json\/wp\/v2\/store?post=9141"},{"taxonomy":"product_brand","embeddable":true,"href":"https:\/\/ofertacular.com\/index.php\/wp-json\/wp\/v2\/product_brand?post=9141"},{"taxonomy":"product_cat","embeddable":true,"href":"https:\/\/ofertacular.com\/index.php\/wp-json\/wp\/v2\/product_cat?post=9141"},{"taxonomy":"product_tag","embeddable":true,"href":"https:\/\/ofertacular.com\/index.php\/wp-json\/wp\/v2\/product_tag?post=9141"}],"curies":[{"name":"wp","href":"https:\/\/api.w.org\/{rel}","templated":true}]}}