{"id":9159,"date":"2025-11-11T10:27:42","date_gmt":"2025-11-11T09:27:42","guid":{"rendered":"https:\/\/ofertacular.com\/index.php\/producto\/vaqueros-mujer\/"},"modified":"2025-11-11T10:27:42","modified_gmt":"2025-11-11T09:27:42","slug":"vaqueros-mujer","status":"publish","type":"product","link":"https:\/\/ofertacular.com\/index.php\/producto\/vaqueros-mujer\/","title":{"rendered":"Vaqueros Mujer"},"content":{"rendered":"<div class=\"oferta-container\">\n<p>\ud83d\udfe5 <b>INCRE\u00cdBLE<\/b> \ud83d\udfe5 #Publicidad #Amazon #16<\/p>\n<p>\ud83d\udd34 <b>Vaqueros Mujer <\/b><\/p>\n<p>\u2705 <b>AHORA 22.73 \u20ac<\/b> \u2714\ufe0f\ud83d\udfe1<\/p>\n<p>\u274c Antes 30.30 \u20ac<\/p>\n<p>\ud83d\uded2: <a href=\"https:\/\/btz.es\/5co2BUi\" target=\"_blank\" rel=\"nofollow noopener\">https:\/\/btz.es\/5co2BUi<\/a><\/p>\n<p>Descubre nuestra exclusiva colecci\u00f3n de vaqueros para mujer, dise\u00f1ados para ofrecer comodidad y estilo a la moda. Con cortes modernos y tejidos de alta calidad, estos vaqueros realzan tu figura y se adaptan a cualquier ocasi\u00f3n, desde el d\u00eda a d\u00eda hasta eventos especiales. Encuentra el par perfecto que combina con tu estilo \u00fanico y luce espectacular con la mejor tendencia en denim femenino.<\/p>\n<\/p><\/div>\n","protected":false},"excerpt":{"rendered":"<p>\ud83d\udfe5 INCRE\u00cdBLE \ud83d\udfe5 #Publicidad #Amazon #16 \ud83d\udd34 Vaqueros Mujer \u2705 AHORA 22.73 \u20ac \u2714\ufe0f\ud83d\udfe1 \u274c Antes 30.30 \u20ac \ud83d\uded2: https:\/\/btz.es\/5co2BUi Descubre nuestra exclusiva colecci\u00f3n de vaqueros para mujer, dise\u00f1ados para ofrecer comodidad y estilo a la moda. Con cortes modernos y tejidos de alta calidad, estos vaqueros realzan tu figura y se adaptan a cualquier [&hellip;]<\/p>\n","protected":false},"featured_media":9158,"template":"","meta":{"_gspb_post_css":""},"store":[],"product_brand":[],"product_cat":[16],"product_tag":[],"class_list":{"0":"post-9159","1":"product","2":"type-product","3":"status-publish","4":"has-post-thumbnail","6":"product_cat-sin-categorizar","8":"first","9":"instock","10":"sale","11":"shipping-taxable","12":"product-type-external"},"jetpack_sharing_enabled":true,"_links":{"self":[{"href":"https:\/\/ofertacular.com\/index.php\/wp-json\/wp\/v2\/product\/9159","targetHints":{"allow":["GET"]}}],"collection":[{"href":"https:\/\/ofertacular.com\/index.php\/wp-json\/wp\/v2\/product"}],"about":[{"href":"https:\/\/ofertacular.com\/index.php\/wp-json\/wp\/v2\/types\/product"}],"wp:featuredmedia":[{"embeddable":true,"href":"https:\/\/ofertacular.com\/index.php\/wp-json\/wp\/v2\/media\/9158"}],"wp:attachment":[{"href":"https:\/\/ofertacular.com\/index.php\/wp-json\/wp\/v2\/media?parent=9159"}],"wp:term":[{"taxonomy":"store","embeddable":true,"href":"https:\/\/ofertacular.com\/index.php\/wp-json\/wp\/v2\/store?post=9159"},{"taxonomy":"product_brand","embeddable":true,"href":"https:\/\/ofertacular.com\/index.php\/wp-json\/wp\/v2\/product_brand?post=9159"},{"taxonomy":"product_cat","embeddable":true,"href":"https:\/\/ofertacular.com\/index.php\/wp-json\/wp\/v2\/product_cat?post=9159"},{"taxonomy":"product_tag","embeddable":true,"href":"https:\/\/ofertacular.com\/index.php\/wp-json\/wp\/v2\/product_tag?post=9159"}],"curies":[{"name":"wp","href":"https:\/\/api.w.org\/{rel}","templated":true}]}}