{"id":9177,"date":"2025-11-11T11:37:17","date_gmt":"2025-11-11T10:37:17","guid":{"rendered":"https:\/\/ofertacular.com\/index.php\/producto\/cecotec-freidora-2\/"},"modified":"2025-11-11T11:37:17","modified_gmt":"2025-11-11T10:37:17","slug":"cecotec-freidora-2","status":"publish","type":"product","link":"https:\/\/ofertacular.com\/index.php\/producto\/cecotec-freidora-2\/","title":{"rendered":"Cecotec Freidora"},"content":{"rendered":"<div class=\"oferta-container\">\n<p>\ud83d\udfe5 <b>DESCUENTAZO<\/b> \ud83d\udfe5 #Publicidad #Amazon #16<\/p>\n<p>\ud83d\udd34 <b>Freidora Cecotec <\/b><\/p>\n<p>\u2705 <b>AHORA 99 \u20ac<\/b> \u2714\ufe0f\ud83d\udfe1<\/p>\n<p>\u274c Antes 124.90 \u20ac<\/p>\n<p>\ud83d\uded2: <a href=\"https:\/\/btz.es\/5coKiaw\" target=\"_blank\" rel=\"nofollow noopener\">https:\/\/btz.es\/5coKiaw<\/a><\/p>\n<p>Descubre la Freidora Cecotec, un electrodom\u00e9stico imprescindible para cocinar de manera r\u00e1pida y saludable. Gracias a su innovadora tecnolog\u00eda, permite fre\u00edr con muy poco o nada de aceite, conservando el sabor y la textura crujiente de tus alimentos favoritos. Ideal para preparar patatas fritas, pescado, pollo y mucho m\u00e1s, esta freidora combina eficiencia, dise\u00f1o moderno y facilidad de uso. Optimizada para un consumo energ\u00e9tico responsable, es perfecta para familias que buscan calidad y comodidad en la cocina. Compra ahora la Freidora Cecotec y disfruta de comidas deliciosas con un toque profesional.<\/p>\n<\/p><\/div>\n","protected":false},"excerpt":{"rendered":"<p>\ud83d\udfe5 DESCUENTAZO \ud83d\udfe5 #Publicidad #Amazon #16 \ud83d\udd34 Freidora Cecotec \u2705 AHORA 99 \u20ac \u2714\ufe0f\ud83d\udfe1 \u274c Antes 124.90 \u20ac \ud83d\uded2: https:\/\/btz.es\/5coKiaw Descubre la Freidora Cecotec, un electrodom\u00e9stico imprescindible para cocinar de manera r\u00e1pida y saludable. Gracias a su innovadora tecnolog\u00eda, permite fre\u00edr con muy poco o nada de aceite, conservando el sabor y la textura crujiente [&hellip;]<\/p>\n","protected":false},"featured_media":9176,"template":"","meta":{"_gspb_post_css":""},"store":[],"product_brand":[],"product_cat":[16],"product_tag":[],"class_list":{"0":"post-9177","1":"product","2":"type-product","3":"status-publish","4":"has-post-thumbnail","6":"product_cat-sin-categorizar","8":"first","9":"instock","10":"sale","11":"shipping-taxable","12":"product-type-external"},"jetpack_sharing_enabled":true,"_links":{"self":[{"href":"https:\/\/ofertacular.com\/index.php\/wp-json\/wp\/v2\/product\/9177","targetHints":{"allow":["GET"]}}],"collection":[{"href":"https:\/\/ofertacular.com\/index.php\/wp-json\/wp\/v2\/product"}],"about":[{"href":"https:\/\/ofertacular.com\/index.php\/wp-json\/wp\/v2\/types\/product"}],"wp:featuredmedia":[{"embeddable":true,"href":"https:\/\/ofertacular.com\/index.php\/wp-json\/wp\/v2\/media\/9176"}],"wp:attachment":[{"href":"https:\/\/ofertacular.com\/index.php\/wp-json\/wp\/v2\/media?parent=9177"}],"wp:term":[{"taxonomy":"store","embeddable":true,"href":"https:\/\/ofertacular.com\/index.php\/wp-json\/wp\/v2\/store?post=9177"},{"taxonomy":"product_brand","embeddable":true,"href":"https:\/\/ofertacular.com\/index.php\/wp-json\/wp\/v2\/product_brand?post=9177"},{"taxonomy":"product_cat","embeddable":true,"href":"https:\/\/ofertacular.com\/index.php\/wp-json\/wp\/v2\/product_cat?post=9177"},{"taxonomy":"product_tag","embeddable":true,"href":"https:\/\/ofertacular.com\/index.php\/wp-json\/wp\/v2\/product_tag?post=9177"}],"curies":[{"name":"wp","href":"https:\/\/api.w.org\/{rel}","templated":true}]}}