{"id":9179,"date":"2025-11-11T11:46:25","date_gmt":"2025-11-11T10:46:25","guid":{"rendered":"https:\/\/ofertacular.com\/index.php\/producto\/1005008380642076\/"},"modified":"2025-11-11T11:46:25","modified_gmt":"2025-11-11T10:46:25","slug":"1005008380642076","status":"publish","type":"product","link":"https:\/\/ofertacular.com\/index.php\/producto\/1005008380642076\/","title":{"rendered":"Dubai Woody"},"content":{"rendered":"<div class=\"oferta-container\">\n<p>\ud83d\udfe5 <b>\u00a1OFERTA ESPECIAL!<\/b> \ud83d\udfe5 #Publicidad #Amazon #<\/p>\n<p>\ud83d\udd34 <b>Perfume Woody <\/b><\/p>\n<p>\u2705 <b>AHORA 11.79\u20ac \u20ac<\/b> \u2714\ufe0f\ud83d\udfe1<\/p>\n<p>\u274c Antes 28.53 \u20ac<\/p>\n<p>\ud83d\uded2: <a href=\"https:\/\/btz.es\/5coM0I9\" target=\"_blank\" rel=\"nofollow noopener\">https:\/\/btz.es\/5coM0I9<\/a><\/p>\n<p>Descubre el perfume Dubai Woody, una fragancia \u00fanica que captura la esencia de lujo y sofisticaci\u00f3n de Dub\u00e1i. Este perfume amaderado est\u00e1 dise\u00f1ado para quienes buscan una experiencia olfativa elegante y duradera, perfecta para cualquier ocasi\u00f3n especial. Dubai Woody combina notas c\u00e1lidas y terrosas que evocan la belleza ex\u00f3tica de los bosques y el ambiente misterioso del desierto. Con su aroma distintivo, esta fragancia es ideal para hombres y mujeres que valoran la autenticidad y el estilo en cada detalle. Su presentaci\u00f3n refinada lo convierte en un regalo perfecto para quienes aprecian productos exclusivos y de alta calidad. Si buscas un perfume que refleje confianza, energ\u00eda y elegancia, Dubai Woody es tu elecci\u00f3n ideal. No pierdas la oportunidad de a\u00f1adir esta joya olfativa a tu colecci\u00f3n y destacar en cualquier evento con un aroma que deja huella.<\/p>\n<\/p><\/div>\n","protected":false},"excerpt":{"rendered":"<p>\ud83d\udfe5 \u00a1OFERTA ESPECIAL! \ud83d\udfe5 #Publicidad #Amazon # \ud83d\udd34 Perfume Woody \u2705 AHORA 11.79\u20ac \u20ac \u2714\ufe0f\ud83d\udfe1 \u274c Antes 28.53 \u20ac \ud83d\uded2: https:\/\/btz.es\/5coM0I9 Descubre el perfume Dubai Woody, una fragancia \u00fanica que captura la esencia de lujo y sofisticaci\u00f3n de Dub\u00e1i. Este perfume amaderado est\u00e1 dise\u00f1ado para quienes buscan una experiencia olfativa elegante y duradera, perfecta para [&hellip;]<\/p>\n","protected":false},"featured_media":9178,"template":"","meta":{"_gspb_post_css":""},"store":[],"product_brand":[],"product_cat":[16],"product_tag":[],"class_list":{"0":"post-9179","1":"product","2":"type-product","3":"status-publish","4":"has-post-thumbnail","6":"product_cat-sin-categorizar","8":"first","9":"instock","10":"shipping-taxable","11":"product-type-external"},"jetpack_sharing_enabled":true,"_links":{"self":[{"href":"https:\/\/ofertacular.com\/index.php\/wp-json\/wp\/v2\/product\/9179","targetHints":{"allow":["GET"]}}],"collection":[{"href":"https:\/\/ofertacular.com\/index.php\/wp-json\/wp\/v2\/product"}],"about":[{"href":"https:\/\/ofertacular.com\/index.php\/wp-json\/wp\/v2\/types\/product"}],"wp:featuredmedia":[{"embeddable":true,"href":"https:\/\/ofertacular.com\/index.php\/wp-json\/wp\/v2\/media\/9178"}],"wp:attachment":[{"href":"https:\/\/ofertacular.com\/index.php\/wp-json\/wp\/v2\/media?parent=9179"}],"wp:term":[{"taxonomy":"store","embeddable":true,"href":"https:\/\/ofertacular.com\/index.php\/wp-json\/wp\/v2\/store?post=9179"},{"taxonomy":"product_brand","embeddable":true,"href":"https:\/\/ofertacular.com\/index.php\/wp-json\/wp\/v2\/product_brand?post=9179"},{"taxonomy":"product_cat","embeddable":true,"href":"https:\/\/ofertacular.com\/index.php\/wp-json\/wp\/v2\/product_cat?post=9179"},{"taxonomy":"product_tag","embeddable":true,"href":"https:\/\/ofertacular.com\/index.php\/wp-json\/wp\/v2\/product_tag?post=9179"}],"curies":[{"name":"wp","href":"https:\/\/api.w.org\/{rel}","templated":true}]}}