{"id":9205,"date":"2025-11-11T18:50:28","date_gmt":"2025-11-11T17:50:28","guid":{"rendered":"https:\/\/ofertacular.com\/index.php\/producto\/pepe-jeans-21\/"},"modified":"2025-11-11T18:50:28","modified_gmt":"2025-11-11T17:50:28","slug":"pepe-jeans-21","status":"publish","type":"product","link":"https:\/\/ofertacular.com\/index.php\/producto\/pepe-jeans-21\/","title":{"rendered":"Pepe Jeans"},"content":{"rendered":"<div class=\"oferta-container\">\n<p>\ud83d\udfe5 <b>CHOLLAZO<\/b> \ud83d\udfe5 #Publicidad #Amazon #16<\/p>\n<p>\ud83d\udd34 <b>Jeans Pepe <\/b><\/p>\n<p>\u2705 <b>AHORA 12.49 \u20ac<\/b> \u2714\ufe0f\ud83d\udfe1<\/p>\n<p>\u274c Antes 29.90 \u20ac<\/p>\n<p>\ud83d\uded2: <a href=\"https:\/\/btz.es\/5cq5lGk\" target=\"_blank\" rel=\"nofollow noopener\">https:\/\/btz.es\/5cq5lGk<\/a><\/p>\n<p>Descubre la \u00faltima colecci\u00f3n de Jeans Pepe, dise\u00f1ada para ofrecer comodidad y estilo inigualables. Fabricados con materiales de alta calidad, nuestros jeans son perfectos para cualquier ocasi\u00f3n, combinando moda urbana y durabilidad. Aprovecha las ofertas exclusivas y renueva tu guardarropa con la autenticidad y elegancia que solo Pepe Jeans puede ofrecer. \u00a1Compra ahora y destaca con un estilo \u00fanico!<\/p>\n<\/p><\/div>\n","protected":false},"excerpt":{"rendered":"<p>\ud83d\udfe5 CHOLLAZO \ud83d\udfe5 #Publicidad #Amazon #16 \ud83d\udd34 Jeans Pepe \u2705 AHORA 12.49 \u20ac \u2714\ufe0f\ud83d\udfe1 \u274c Antes 29.90 \u20ac \ud83d\uded2: https:\/\/btz.es\/5cq5lGk Descubre la \u00faltima colecci\u00f3n de Jeans Pepe, dise\u00f1ada para ofrecer comodidad y estilo inigualables. Fabricados con materiales de alta calidad, nuestros jeans son perfectos para cualquier ocasi\u00f3n, combinando moda urbana y durabilidad. Aprovecha las ofertas [&hellip;]<\/p>\n","protected":false},"featured_media":9204,"template":"","meta":{"_gspb_post_css":""},"store":[],"product_brand":[],"product_cat":[16],"product_tag":[],"class_list":{"0":"post-9205","1":"product","2":"type-product","3":"status-publish","4":"has-post-thumbnail","6":"product_cat-sin-categorizar","8":"first","9":"instock","10":"sale","11":"shipping-taxable","12":"product-type-external"},"jetpack_sharing_enabled":true,"_links":{"self":[{"href":"https:\/\/ofertacular.com\/index.php\/wp-json\/wp\/v2\/product\/9205","targetHints":{"allow":["GET"]}}],"collection":[{"href":"https:\/\/ofertacular.com\/index.php\/wp-json\/wp\/v2\/product"}],"about":[{"href":"https:\/\/ofertacular.com\/index.php\/wp-json\/wp\/v2\/types\/product"}],"wp:featuredmedia":[{"embeddable":true,"href":"https:\/\/ofertacular.com\/index.php\/wp-json\/wp\/v2\/media\/9204"}],"wp:attachment":[{"href":"https:\/\/ofertacular.com\/index.php\/wp-json\/wp\/v2\/media?parent=9205"}],"wp:term":[{"taxonomy":"store","embeddable":true,"href":"https:\/\/ofertacular.com\/index.php\/wp-json\/wp\/v2\/store?post=9205"},{"taxonomy":"product_brand","embeddable":true,"href":"https:\/\/ofertacular.com\/index.php\/wp-json\/wp\/v2\/product_brand?post=9205"},{"taxonomy":"product_cat","embeddable":true,"href":"https:\/\/ofertacular.com\/index.php\/wp-json\/wp\/v2\/product_cat?post=9205"},{"taxonomy":"product_tag","embeddable":true,"href":"https:\/\/ofertacular.com\/index.php\/wp-json\/wp\/v2\/product_tag?post=9205"}],"curies":[{"name":"wp","href":"https:\/\/api.w.org\/{rel}","templated":true}]}}