{"id":9237,"date":"2025-11-12T10:52:44","date_gmt":"2025-11-12T09:52:44","guid":{"rendered":"https:\/\/ofertacular.com\/index.php\/producto\/1005007582385639-2\/"},"modified":"2025-11-12T10:52:44","modified_gmt":"2025-11-12T09:52:44","slug":"1005007582385639-2","status":"publish","type":"product","link":"https:\/\/ofertacular.com\/index.php\/producto\/1005007582385639-2\/","title":{"rendered":"Colgate Toothpaste"},"content":{"rendered":"<div class=\"oferta-container\">\n<p>\ud83d\udfe5 <b>AHORRA AQU\u00cd<\/b> \ud83d\udfe5 #Publicidad #Amazon #<\/p>\n<p>\ud83d\udd34 <b>Pasta dental Colgate Protecci\u00f3n contra caries<\/b><\/p>\n<p>\u2705 <b>AHORA 11.84 \u20ac<\/b> \u2714\ufe0f\ud83d\udfe1<\/p>\n<p>\u274c Antes 23.88 \u20ac<\/p>\n<p>\ud83c\udf9f Cup\u00f3n IFPZBMW3<\/p>\n<p>\ud83d\uded2: <a href=\"https:\/\/btz.es\/5cuz1xE\" target=\"_blank\" rel=\"nofollow noopener\">https:\/\/btz.es\/5cuz1xE<\/a><\/p>\n<p>La pasta dental Colgate con su f\u00f3rmula avanzada de protecci\u00f3n contra caries es la elecci\u00f3n perfecta para quienes buscan una higiene bucal completa y efectiva. Este producto ha sido dise\u00f1ado con el prop\u00f3sito de ofrecer no solo un aliento fresco, sino tambi\u00e9n una defensa efectiva contra las caries, que son una de las principales preocupaciones de salud dental en todo el mundo. Su especial formulaci\u00f3n incluye fl\u00faor, un mineral conocido por sus propiedades que ayudan a remineralizar el esmalte dental y fortalecerlo, previniendo as\u00ed la formaci\u00f3n de caries desde el primer uso.<\/p>\n<p>La importancia de utilizar una pasta dental de calidad no puede ser subestimada. La pasta dental Colgate es conocida mundialmente por su compromiso con la salud oral, respaldada por a\u00f1os de investigaci\u00f3n y desarrollo. Cada vez que utilizas esta pasta, puedes estar seguro de que est\u00e1s proporcionando a tus dientes la protecci\u00f3n que necesitan. Su f\u00f3rmula ayuda a eliminar la acumulaci\u00f3n de placa, una sustancia pegajosa que se forma en los dientes y es la principal causante de caries y problemas en las enc\u00edas.<\/p>\n<p>Adem\u00e1s de su eficacia en la protecci\u00f3n contra caries, la pasta dental Colgate tambi\u00e9n ayuda a combatir el mal aliento. Esto se debe a su capacidad de eliminar bacterias en la boca que causan olores desagradables. Con un uso regular, disfrutar\u00e1s de una sensaci\u00f3n de frescura prolongada, lo que te permitir\u00e1 sentirte saludable y seguro de tu sonrisa en cualquier momento.<\/p>\n<p>El sabor de la pasta es otra de sus grandes ventajas. Est\u00e1 disponible en una variedad de sabores que hacen que el cepillado diario sea una experiencia mucho m\u00e1s agradable, sobre todo para los m\u00e1s peque\u00f1os de la casa. Un buen sabor puede motivar a los ni\u00f1os a cepillarse los dientes regularmente, un h\u00e1bito que es fundamental para mantener una buena salud oral desde una edad temprana.<\/p>\n<p>Colgate tambi\u00e9n ha pensado en la sostenibilidad. Si est\u00e1s buscando una pasta dental que cumpla con tus expectativas no solo en t\u00e9rminos de eficacia, sino tambi\u00e9n de responsabilidad ambiental, este producto es una excelente opci\u00f3n. Sus envases est\u00e1n dise\u00f1ados para ser m\u00e1s sostenibles y su compromiso con el medio ambiente es evidente.<\/p>\n<p>Para maximizar los beneficios de la pasta dental Colgate, se recomienda cepillarse los dientes al menos dos veces al d\u00eda, preferiblemente despu\u00e9s de cada comida. Aseg\u00farate de utilizar un cepillo de dientes adecuado y de reemplazarlo cada tres meses para garantizar la eficacia de tu rutina de cepillado.<\/p>\n<p>Finalmente, es importante a\u00f1adir que el cuidado dental va m\u00e1s all\u00e1 del simple acto de cepillarse. Normalmente se sugiere complementar el cepillado con el uso de hilo dental o enjuague bucal para una limpieza completa. As\u00ed, podr\u00e1s mejorar m\u00e1s tus h\u00e1bitos dentales y asegurar un aliento fresco y dientes fuertes. Haz de la pasta dental Colgate una parte esencial de tu rutina de cuidado bucal y descubre por qu\u00e9 es una elecci\u00f3n preferida por millones de personas en todo el mundo.<\/p>\n<\/p><\/div>\n","protected":false},"excerpt":{"rendered":"<p>\ud83d\udfe5 AHORRA AQU\u00cd \ud83d\udfe5 #Publicidad #Amazon # \ud83d\udd34 Pasta dental Colgate Protecci\u00f3n contra caries \u2705 AHORA 11.84 \u20ac \u2714\ufe0f\ud83d\udfe1 \u274c Antes 23.88 \u20ac \ud83c\udf9f Cup\u00f3n IFPZBMW3 \ud83d\uded2: https:\/\/btz.es\/5cuz1xE La pasta dental Colgate con su f\u00f3rmula avanzada de protecci\u00f3n contra caries es la elecci\u00f3n perfecta para quienes buscan una higiene bucal completa y efectiva. Este producto [&hellip;]<\/p>\n","protected":false},"featured_media":9236,"template":"","meta":{"_gspb_post_css":""},"store":[],"product_brand":[],"product_cat":[16],"product_tag":[],"class_list":{"0":"post-9237","1":"product","2":"type-product","3":"status-publish","4":"has-post-thumbnail","6":"product_cat-sin-categorizar","8":"first","9":"instock","10":"sale","11":"shipping-taxable","12":"product-type-external"},"jetpack_sharing_enabled":true,"_links":{"self":[{"href":"https:\/\/ofertacular.com\/index.php\/wp-json\/wp\/v2\/product\/9237","targetHints":{"allow":["GET"]}}],"collection":[{"href":"https:\/\/ofertacular.com\/index.php\/wp-json\/wp\/v2\/product"}],"about":[{"href":"https:\/\/ofertacular.com\/index.php\/wp-json\/wp\/v2\/types\/product"}],"wp:featuredmedia":[{"embeddable":true,"href":"https:\/\/ofertacular.com\/index.php\/wp-json\/wp\/v2\/media\/9236"}],"wp:attachment":[{"href":"https:\/\/ofertacular.com\/index.php\/wp-json\/wp\/v2\/media?parent=9237"}],"wp:term":[{"taxonomy":"store","embeddable":true,"href":"https:\/\/ofertacular.com\/index.php\/wp-json\/wp\/v2\/store?post=9237"},{"taxonomy":"product_brand","embeddable":true,"href":"https:\/\/ofertacular.com\/index.php\/wp-json\/wp\/v2\/product_brand?post=9237"},{"taxonomy":"product_cat","embeddable":true,"href":"https:\/\/ofertacular.com\/index.php\/wp-json\/wp\/v2\/product_cat?post=9237"},{"taxonomy":"product_tag","embeddable":true,"href":"https:\/\/ofertacular.com\/index.php\/wp-json\/wp\/v2\/product_tag?post=9237"}],"curies":[{"name":"wp","href":"https:\/\/api.w.org\/{rel}","templated":true}]}}