{"id":9257,"date":"2025-11-12T13:57:17","date_gmt":"2025-11-12T12:57:17","guid":{"rendered":"https:\/\/ofertacular.com\/index.php\/producto\/pixel-9a-smartphone\/"},"modified":"2025-11-12T13:57:17","modified_gmt":"2025-11-12T12:57:17","slug":"pixel-9a-smartphone","status":"publish","type":"product","link":"https:\/\/ofertacular.com\/index.php\/producto\/pixel-9a-smartphone\/","title":{"rendered":"Pixel 9a Smartphone"},"content":{"rendered":"<div class=\"oferta-container\">\n<p>\ud83d\udfe5 <b>\u00a1NO TE LA PIERDAS!<\/b> \ud83d\udfe5 #Publicidad #Amazon #16<\/p>\n<p>\ud83d\udd34 <b>Smartphone Pixel <\/b><\/p>\n<p>\u2705 <b>AHORA 470.91 \u20ac<\/b> \u2714\ufe0f\ud83d\udfe1<\/p>\n<p>\u274c Antes 648.95 \u20ac<\/p>\n<p>\ud83d\uded2: <a href=\"https:\/\/btz.es\/5cvjTLd\" target=\"_blank\" rel=\"nofollow noopener\">https:\/\/btz.es\/5cvjTLd<\/a><\/p>\n<p>Descubre el nuevo Smartphone Pixel 9a, la combinaci\u00f3n perfecta de tecnolog\u00eda avanzada y dise\u00f1o elegante. Equipado con una c\u00e1mara de alta resoluci\u00f3n y un rendimiento excepcional, este dispositivo es ideal para usuarios que buscan calidad y fiabilidad. Optimizado para ofrecer una experiencia fluida y una conectividad impecable, el Pixel 9a es tu aliado perfecto para el d\u00eda a d\u00eda. \u00a1Potencia y estilo en la palma de tu mano!<\/p>\n<\/p><\/div>\n","protected":false},"excerpt":{"rendered":"<p>\ud83d\udfe5 \u00a1NO TE LA PIERDAS! \ud83d\udfe5 #Publicidad #Amazon #16 \ud83d\udd34 Smartphone Pixel \u2705 AHORA 470.91 \u20ac \u2714\ufe0f\ud83d\udfe1 \u274c Antes 648.95 \u20ac \ud83d\uded2: https:\/\/btz.es\/5cvjTLd Descubre el nuevo Smartphone Pixel 9a, la combinaci\u00f3n perfecta de tecnolog\u00eda avanzada y dise\u00f1o elegante. Equipado con una c\u00e1mara de alta resoluci\u00f3n y un rendimiento excepcional, este dispositivo es ideal para usuarios [&hellip;]<\/p>\n","protected":false},"featured_media":9256,"template":"","meta":{"_gspb_post_css":""},"store":[],"product_brand":[],"product_cat":[16],"product_tag":[],"class_list":{"0":"post-9257","1":"product","2":"type-product","3":"status-publish","4":"has-post-thumbnail","6":"product_cat-sin-categorizar","8":"first","9":"instock","10":"sale","11":"shipping-taxable","12":"product-type-external"},"jetpack_sharing_enabled":true,"_links":{"self":[{"href":"https:\/\/ofertacular.com\/index.php\/wp-json\/wp\/v2\/product\/9257","targetHints":{"allow":["GET"]}}],"collection":[{"href":"https:\/\/ofertacular.com\/index.php\/wp-json\/wp\/v2\/product"}],"about":[{"href":"https:\/\/ofertacular.com\/index.php\/wp-json\/wp\/v2\/types\/product"}],"wp:featuredmedia":[{"embeddable":true,"href":"https:\/\/ofertacular.com\/index.php\/wp-json\/wp\/v2\/media\/9256"}],"wp:attachment":[{"href":"https:\/\/ofertacular.com\/index.php\/wp-json\/wp\/v2\/media?parent=9257"}],"wp:term":[{"taxonomy":"store","embeddable":true,"href":"https:\/\/ofertacular.com\/index.php\/wp-json\/wp\/v2\/store?post=9257"},{"taxonomy":"product_brand","embeddable":true,"href":"https:\/\/ofertacular.com\/index.php\/wp-json\/wp\/v2\/product_brand?post=9257"},{"taxonomy":"product_cat","embeddable":true,"href":"https:\/\/ofertacular.com\/index.php\/wp-json\/wp\/v2\/product_cat?post=9257"},{"taxonomy":"product_tag","embeddable":true,"href":"https:\/\/ofertacular.com\/index.php\/wp-json\/wp\/v2\/product_tag?post=9257"}],"curies":[{"name":"wp","href":"https:\/\/api.w.org\/{rel}","templated":true}]}}