{"id":9263,"date":"2025-11-13T08:14:30","date_gmt":"2025-11-13T07:14:30","guid":{"rendered":"https:\/\/ofertacular.com\/index.php\/producto\/osborne-oloroso\/"},"modified":"2025-11-13T08:14:30","modified_gmt":"2025-11-13T07:14:30","slug":"osborne-oloroso","status":"publish","type":"product","link":"https:\/\/ofertacular.com\/index.php\/producto\/osborne-oloroso\/","title":{"rendered":"Osborne Oloroso"},"content":{"rendered":"<div class=\"oferta-container\">\n<p>\ud83d\udfe5 <b>AHORRA AQU\u00cd<\/b> \ud83d\udfe5 #Publicidad #Amazon #16<\/p>\n<p>\ud83d\udd34 <b>Vino Oloroso <\/b><\/p>\n<p>\u2705 <b>AHORA 4.84 \u20ac<\/b> \u2714\ufe0f\ud83d\udfe1<\/p>\n<p>\u274c Antes 11.73 \u20ac<\/p>\n<p>\ud83d\uded2: <a href=\"https:\/\/btz.es\/5czChZs\" target=\"_blank\" rel=\"nofollow noopener\">https:\/\/btz.es\/5czChZs<\/a><\/p>\n<p>Descubre el aut\u00e9ntico sabor del Vino Oloroso Osborne, una exquisita variedad que destaca por su aroma intenso y su rica tradici\u00f3n vin\u00edcola. Perfecto para acompa\u00f1ar tus mejores momentos, este vino combina calidad y elegancia en cada copa. Ideal para amantes del buen vino que buscan una experiencia \u00fanica y sofisticada. Aprovecha esta oferta exclusiva y lleva a casa la excelencia de Osborne.<\/p>\n<\/p><\/div>\n","protected":false},"excerpt":{"rendered":"<p>\ud83d\udfe5 AHORRA AQU\u00cd \ud83d\udfe5 #Publicidad #Amazon #16 \ud83d\udd34 Vino Oloroso \u2705 AHORA 4.84 \u20ac \u2714\ufe0f\ud83d\udfe1 \u274c Antes 11.73 \u20ac \ud83d\uded2: https:\/\/btz.es\/5czChZs Descubre el aut\u00e9ntico sabor del Vino Oloroso Osborne, una exquisita variedad que destaca por su aroma intenso y su rica tradici\u00f3n vin\u00edcola. Perfecto para acompa\u00f1ar tus mejores momentos, este vino combina calidad y elegancia [&hellip;]<\/p>\n","protected":false},"featured_media":9262,"template":"","meta":{"_gspb_post_css":""},"store":[],"product_brand":[],"product_cat":[16],"product_tag":[],"class_list":{"0":"post-9263","1":"product","2":"type-product","3":"status-publish","4":"has-post-thumbnail","6":"product_cat-sin-categorizar","8":"first","9":"instock","10":"sale","11":"shipping-taxable","12":"product-type-external"},"jetpack_sharing_enabled":true,"_links":{"self":[{"href":"https:\/\/ofertacular.com\/index.php\/wp-json\/wp\/v2\/product\/9263","targetHints":{"allow":["GET"]}}],"collection":[{"href":"https:\/\/ofertacular.com\/index.php\/wp-json\/wp\/v2\/product"}],"about":[{"href":"https:\/\/ofertacular.com\/index.php\/wp-json\/wp\/v2\/types\/product"}],"wp:featuredmedia":[{"embeddable":true,"href":"https:\/\/ofertacular.com\/index.php\/wp-json\/wp\/v2\/media\/9262"}],"wp:attachment":[{"href":"https:\/\/ofertacular.com\/index.php\/wp-json\/wp\/v2\/media?parent=9263"}],"wp:term":[{"taxonomy":"store","embeddable":true,"href":"https:\/\/ofertacular.com\/index.php\/wp-json\/wp\/v2\/store?post=9263"},{"taxonomy":"product_brand","embeddable":true,"href":"https:\/\/ofertacular.com\/index.php\/wp-json\/wp\/v2\/product_brand?post=9263"},{"taxonomy":"product_cat","embeddable":true,"href":"https:\/\/ofertacular.com\/index.php\/wp-json\/wp\/v2\/product_cat?post=9263"},{"taxonomy":"product_tag","embeddable":true,"href":"https:\/\/ofertacular.com\/index.php\/wp-json\/wp\/v2\/product_tag?post=9263"}],"curies":[{"name":"wp","href":"https:\/\/api.w.org\/{rel}","templated":true}]}}