{"id":9297,"date":"2025-11-13T13:57:45","date_gmt":"2025-11-13T12:57:45","guid":{"rendered":"https:\/\/ofertacular.com\/index.php\/producto\/perro-valla\/"},"modified":"2025-11-13T13:57:45","modified_gmt":"2025-11-13T12:57:45","slug":"perro-valla","status":"publish","type":"product","link":"https:\/\/ofertacular.com\/index.php\/producto\/perro-valla\/","title":{"rendered":"Perro Valla"},"content":{"rendered":"<div class=\"oferta-container\">\n<p>\ud83d\udfe5 <b>\u00a1DESCUENTO \u00daNICO!<\/b> \ud83d\udfe5 #Publicidad #Amazon #16<\/p>\n<p>\ud83d\udd34 <b>Valla Perro <\/b><\/p>\n<p>\u2705 <b>AHORA 50.99 \u20ac<\/b> \u2714\ufe0f\ud83d\udfe1<\/p>\n<p>\u274c Antes 72.99 \u20ac<\/p>\n<p>\ud83d\uded2: <a href=\"https:\/\/btz.es\/5c1a7Wb\" target=\"_blank\" rel=\"nofollow noopener\">https:\/\/btz.es\/5c1a7Wb<\/a><\/p>\n<p>Valla para perro dise\u00f1ada para garantizar la seguridad y comodidad de tu mascota en cualquier espacio exterior. Fabricada con materiales resistentes y duraderos, esta valla es f\u00e1cil de instalar y mantener, proporcionando un \u00e1rea segura y delimitada para que tu perro disfrute. Ideal para jardines, patios y \u00e1reas recreativas, esta valla para perro combina funcionalidad con un dise\u00f1o atractivo que se adapta a cualquier entorno. \u00a1Protege a tu mascota con la mejor soluci\u00f3n del mercado, creada para durar y ofrecer tranquilidad a los due\u00f1os de perros!<\/p>\n<\/p><\/div>\n","protected":false},"excerpt":{"rendered":"<p>\ud83d\udfe5 \u00a1DESCUENTO \u00daNICO! \ud83d\udfe5 #Publicidad #Amazon #16 \ud83d\udd34 Valla Perro \u2705 AHORA 50.99 \u20ac \u2714\ufe0f\ud83d\udfe1 \u274c Antes 72.99 \u20ac \ud83d\uded2: https:\/\/btz.es\/5c1a7Wb Valla para perro dise\u00f1ada para garantizar la seguridad y comodidad de tu mascota en cualquier espacio exterior. Fabricada con materiales resistentes y duraderos, esta valla es f\u00e1cil de instalar y mantener, proporcionando un \u00e1rea [&hellip;]<\/p>\n","protected":false},"featured_media":9296,"template":"","meta":{"_gspb_post_css":""},"store":[],"product_brand":[],"product_cat":[16],"product_tag":[],"class_list":{"0":"post-9297","1":"product","2":"type-product","3":"status-publish","4":"has-post-thumbnail","6":"product_cat-sin-categorizar","8":"first","9":"instock","10":"sale","11":"shipping-taxable","12":"product-type-external"},"jetpack_sharing_enabled":true,"_links":{"self":[{"href":"https:\/\/ofertacular.com\/index.php\/wp-json\/wp\/v2\/product\/9297","targetHints":{"allow":["GET"]}}],"collection":[{"href":"https:\/\/ofertacular.com\/index.php\/wp-json\/wp\/v2\/product"}],"about":[{"href":"https:\/\/ofertacular.com\/index.php\/wp-json\/wp\/v2\/types\/product"}],"wp:featuredmedia":[{"embeddable":true,"href":"https:\/\/ofertacular.com\/index.php\/wp-json\/wp\/v2\/media\/9296"}],"wp:attachment":[{"href":"https:\/\/ofertacular.com\/index.php\/wp-json\/wp\/v2\/media?parent=9297"}],"wp:term":[{"taxonomy":"store","embeddable":true,"href":"https:\/\/ofertacular.com\/index.php\/wp-json\/wp\/v2\/store?post=9297"},{"taxonomy":"product_brand","embeddable":true,"href":"https:\/\/ofertacular.com\/index.php\/wp-json\/wp\/v2\/product_brand?post=9297"},{"taxonomy":"product_cat","embeddable":true,"href":"https:\/\/ofertacular.com\/index.php\/wp-json\/wp\/v2\/product_cat?post=9297"},{"taxonomy":"product_tag","embeddable":true,"href":"https:\/\/ofertacular.com\/index.php\/wp-json\/wp\/v2\/product_tag?post=9297"}],"curies":[{"name":"wp","href":"https:\/\/api.w.org\/{rel}","templated":true}]}}