{"id":9317,"date":"2025-11-14T08:35:21","date_gmt":"2025-11-14T07:35:21","guid":{"rendered":"https:\/\/ofertacular.com\/index.php\/producto\/1005008375729710-2\/"},"modified":"2025-11-14T08:35:21","modified_gmt":"2025-11-14T07:35:21","slug":"1005008375729710-2","status":"publish","type":"product","link":"https:\/\/ofertacular.com\/index.php\/producto\/1005008375729710-2\/","title":{"rendered":"Coca-Cola Pack"},"content":{"rendered":"<div class=\"oferta-container\">\n<p>\ud83d\udfe5 <b>\u00a1GANGAZO!<\/b> \ud83d\udfe5 #Publicidad #Amazon #<\/p>\n<p>\ud83d\udd34 <b>Coca-Cola Pack Coca-Cola<\/b><\/p>\n<p>\u2705 <b>AHORA 12.45 \u20ac<\/b> \u2714\ufe0f\ud83d\udfe1<\/p>\n<p>\u274c Antes 25.00 \u20ac<\/p>\n<p>\ud83c\udf9f Cup\u00f3n COCA-COLA10<\/p>\n<p>\ud83d\uded2: <a href=\"https:\/\/btz.es\/5c57UoB\" target=\"_blank\" rel=\"nofollow noopener\">https:\/\/btz.es\/5c57UoB<\/a><\/p>\n<p>Descubre el emblem\u00e1tico sabor de Coca-Cola con este pack que incluye las versiones Original y Zero. Perfecto para compartir en cualquier ocasi\u00f3n, este paquete es ideal para fiestas, reuniones o simplemente disfrutar en casa. Con su sabor \u00fanico y refrescante, Coca-Cola ha sido la bebida preferida de millones de personas en todo el mundo durante m\u00e1s de un siglo. <\/p>\n<p>El pack incluye:<br \/>\n1. **Coca-Cola Original**: Esta es la receta cl\u00e1sica que ha conquistado paladares desde su creaci\u00f3n. Con su burbujeante efervescencia y su sabor inconfundible, es la pareja perfecta de tus comidas, ya sea una hamburguesa jugosa o una pizza caliente. Esta variante aporta dulzura y ese toque especial que solo Coca-Cola puede ofrecer. Cada sorbo es una explosi\u00f3n de sabor que evoca momentos de felicidad y nostalgia. Perfecto para esos d\u00edas de verano, el Coca-Cola Original es un cl\u00e1sico atemporal que nunca pasa de moda.<\/p>\n<p>2. **Coca-Cola Zero**: Si est\u00e1s buscando disfrutar del delicioso sabor de la Coca-Cola sin las calor\u00edas, esta opci\u00f3n es para ti. Coca-Cola Zero mantiene el sabor caracter\u00edstico de la bebida original, pero sin az\u00facares, lo que la convierte en una opci\u00f3n ideal para quienes cuidan su ingesta cal\u00f3rica. Esta variedad se ha vuelto extremadamente popular entre quienes desean disfrutar de un refresco sin comprometer su estilo de vida saludable. Es el compa\u00f1ero perfecto para una comida ligera o una tarde en la piscina, ofreciendo ese mismo placer refrescante sin remordimientos.<\/p>\n<p>### \u00bfPor qu\u00e9 elegir Coca-Cola?<br \/>\nCoca-Cola es m\u00e1s que una bebida, es una experiencia. Su historia rica y emocionante se remonta a 1886, y desde entonces, ha evolucionado convirti\u00e9ndose en un s\u00edmbolo de felicidad y compa\u00f1erismo. Ya sea que est\u00e9s celebrando una victoria, disfrutando de un d\u00eda tranquilo en casa o compartiendo risas con amigos, Coca-Cola siempre est\u00e1 presente.<\/p>\n<p>### Perfecto para cualquier ocasi\u00f3n<br \/>\nEste pack es perfecto para diferentes ocasiones. \u00bfPlaneas una barbacoa? Lleva este conjunto de refrescos para disfrutar de una comida al aire libre. \u00bfOrganizando una noche de cine en casa? Aseg\u00farate de que nunca falte Coca-Cola en tu mesa. Adem\u00e1s, es un regalo ideal para aquellos que aprecian un buen refresco.  <\/p>\n<p>Tambi\u00e9n puedes utilizar este pack en eventos deportivos, picnics o simplemente para tenerlo en tu refrigerador, aportando frescura a tus d\u00edas. Las latas son f\u00e1ciles de llevar y se pueden disfrutar en cualquier lugar, convirti\u00e9ndola en la opci\u00f3n ideal para aquellos que siempre est\u00e1n en movimiento.<\/p>\n<p>### \u00bfC\u00f3mo disfrutar mejor Coca-Cola?<br \/>\nPara aumentar el placer de disfrutar Coca-Cola al m\u00e1ximo, comb\u00ednala con tus snacks favoritos. Desde palomitas de ma\u00edz, nachos, hasta aperitivos m\u00e1s elaborados, esta bebida siempre complementar\u00e1 los sabores. Adem\u00e1s, si quieres experimentar algo nuevo, prueba mezclarlas en c\u00f3cteles refrescantes o con hielo, a\u00f1adiendo una rodaja de lim\u00f3n para un toque extra.  <\/p>\n<p>### Sostenibilidad y responsabilidad social<br \/>\nCoca-Cola se compromete con la sostenibilidad y la responsabilidad social. Desde iniciativas para reducir el consumo de agua hasta estrategias para aumentar el reciclaje de envases, la marca trabaja continuamente en mejorar su impacto en el medio ambiente. Al elegir este pack, tambi\u00e9n contribuyes a un futuro m\u00e1s sostenible, ya que parte de cada compra ayuda a mantener estas iniciativas.  <\/p>\n<p>En resumen, el **pack de Coca-Cola** que incluye la variedad **Original** y **Zero** es una excelente manera de disfrutar de la felicidad en cada sorbo. Dale un toque a tus celebraciones y momentos cotidianos con este refresco ic\u00f3nico. No te quedes sin este pack perfecto y experimenta la alegr\u00eda que solo Coca-Cola puede ofrecer. \u00a1Tu paladar te lo agradecer\u00e1!<\/p>\n<\/p><\/div>\n","protected":false},"excerpt":{"rendered":"<p>\ud83d\udfe5 \u00a1GANGAZO! \ud83d\udfe5 #Publicidad #Amazon # \ud83d\udd34 Coca-Cola Pack Coca-Cola \u2705 AHORA 12.45 \u20ac \u2714\ufe0f\ud83d\udfe1 \u274c Antes 25.00 \u20ac \ud83c\udf9f Cup\u00f3n COCA-COLA10 \ud83d\uded2: https:\/\/btz.es\/5c57UoB Descubre el emblem\u00e1tico sabor de Coca-Cola con este pack que incluye las versiones Original y Zero. Perfecto para compartir en cualquier ocasi\u00f3n, este paquete es ideal para fiestas, reuniones o simplemente [&hellip;]<\/p>\n","protected":false},"featured_media":9316,"template":"","meta":{"_gspb_post_css":""},"store":[],"product_brand":[],"product_cat":[16],"product_tag":[],"class_list":{"0":"post-9317","1":"product","2":"type-product","3":"status-publish","4":"has-post-thumbnail","6":"product_cat-sin-categorizar","8":"first","9":"instock","10":"sale","11":"shipping-taxable","12":"product-type-external"},"jetpack_sharing_enabled":true,"_links":{"self":[{"href":"https:\/\/ofertacular.com\/index.php\/wp-json\/wp\/v2\/product\/9317","targetHints":{"allow":["GET"]}}],"collection":[{"href":"https:\/\/ofertacular.com\/index.php\/wp-json\/wp\/v2\/product"}],"about":[{"href":"https:\/\/ofertacular.com\/index.php\/wp-json\/wp\/v2\/types\/product"}],"wp:featuredmedia":[{"embeddable":true,"href":"https:\/\/ofertacular.com\/index.php\/wp-json\/wp\/v2\/media\/9316"}],"wp:attachment":[{"href":"https:\/\/ofertacular.com\/index.php\/wp-json\/wp\/v2\/media?parent=9317"}],"wp:term":[{"taxonomy":"store","embeddable":true,"href":"https:\/\/ofertacular.com\/index.php\/wp-json\/wp\/v2\/store?post=9317"},{"taxonomy":"product_brand","embeddable":true,"href":"https:\/\/ofertacular.com\/index.php\/wp-json\/wp\/v2\/product_brand?post=9317"},{"taxonomy":"product_cat","embeddable":true,"href":"https:\/\/ofertacular.com\/index.php\/wp-json\/wp\/v2\/product_cat?post=9317"},{"taxonomy":"product_tag","embeddable":true,"href":"https:\/\/ofertacular.com\/index.php\/wp-json\/wp\/v2\/product_tag?post=9317"}],"curies":[{"name":"wp","href":"https:\/\/api.w.org\/{rel}","templated":true}]}}