{"id":9323,"date":"2025-11-14T08:44:13","date_gmt":"2025-11-14T07:44:13","guid":{"rendered":"https:\/\/ofertacular.com\/index.php\/producto\/philips-monitor\/"},"modified":"2025-11-14T08:44:13","modified_gmt":"2025-11-14T07:44:13","slug":"philips-monitor","status":"publish","type":"product","link":"https:\/\/ofertacular.com\/index.php\/producto\/philips-monitor\/","title":{"rendered":"Philips Monitor"},"content":{"rendered":"<div class=\"oferta-container\">\n<p>\ud83d\udfe5 <b>DATE PRISA<\/b> \ud83d\udfe5 #Publicidad #Amazon #16<\/p>\n<p>\ud83d\udd34 <b>Monitor Philips <\/b><\/p>\n<p>\u2705 <b>AHORA 69 \u20ac<\/b> \u2714\ufe0f\ud83d\udfe1<\/p>\n<p>\u274c Antes 89.90 \u20ac<\/p>\n<p>\ud83d\uded2: <a href=\"https:\/\/btz.es\/5c5Ai8a\" target=\"_blank\" rel=\"nofollow noopener\">https:\/\/btz.es\/5c5Ai8a<\/a><\/p>\n<p>Descubre el Monitor Philips, una soluci\u00f3n visual extraordinaria dise\u00f1ada para ofrecer una calidad de imagen superior, colores vibrantes y una experiencia de visualizaci\u00f3n c\u00f3moda para todas tus necesidades profesionales y de ocio. Este monitor combina tecnolog\u00eda avanzada con un dise\u00f1o elegante, garantizando un rendimiento \u00f3ptimo y duradero. Ideal para el hogar y la oficina, el Monitor Philips optimiza tu productividad y entretenimiento con claridad n\u00edtida y alta resoluci\u00f3n. Eleva tu experiencia visual con la confianza y calidad que solo Philips puede ofrecer.<\/p>\n<\/p><\/div>\n","protected":false},"excerpt":{"rendered":"<p>\ud83d\udfe5 DATE PRISA \ud83d\udfe5 #Publicidad #Amazon #16 \ud83d\udd34 Monitor Philips \u2705 AHORA 69 \u20ac \u2714\ufe0f\ud83d\udfe1 \u274c Antes 89.90 \u20ac \ud83d\uded2: https:\/\/btz.es\/5c5Ai8a Descubre el Monitor Philips, una soluci\u00f3n visual extraordinaria dise\u00f1ada para ofrecer una calidad de imagen superior, colores vibrantes y una experiencia de visualizaci\u00f3n c\u00f3moda para todas tus necesidades profesionales y de ocio. Este monitor [&hellip;]<\/p>\n","protected":false},"featured_media":9322,"template":"","meta":{"_gspb_post_css":""},"store":[],"product_brand":[],"product_cat":[16],"product_tag":[],"class_list":{"0":"post-9323","1":"product","2":"type-product","3":"status-publish","4":"has-post-thumbnail","6":"product_cat-sin-categorizar","8":"first","9":"instock","10":"sale","11":"shipping-taxable","12":"product-type-external"},"jetpack_sharing_enabled":true,"_links":{"self":[{"href":"https:\/\/ofertacular.com\/index.php\/wp-json\/wp\/v2\/product\/9323","targetHints":{"allow":["GET"]}}],"collection":[{"href":"https:\/\/ofertacular.com\/index.php\/wp-json\/wp\/v2\/product"}],"about":[{"href":"https:\/\/ofertacular.com\/index.php\/wp-json\/wp\/v2\/types\/product"}],"wp:featuredmedia":[{"embeddable":true,"href":"https:\/\/ofertacular.com\/index.php\/wp-json\/wp\/v2\/media\/9322"}],"wp:attachment":[{"href":"https:\/\/ofertacular.com\/index.php\/wp-json\/wp\/v2\/media?parent=9323"}],"wp:term":[{"taxonomy":"store","embeddable":true,"href":"https:\/\/ofertacular.com\/index.php\/wp-json\/wp\/v2\/store?post=9323"},{"taxonomy":"product_brand","embeddable":true,"href":"https:\/\/ofertacular.com\/index.php\/wp-json\/wp\/v2\/product_brand?post=9323"},{"taxonomy":"product_cat","embeddable":true,"href":"https:\/\/ofertacular.com\/index.php\/wp-json\/wp\/v2\/product_cat?post=9323"},{"taxonomy":"product_tag","embeddable":true,"href":"https:\/\/ofertacular.com\/index.php\/wp-json\/wp\/v2\/product_tag?post=9323"}],"curies":[{"name":"wp","href":"https:\/\/api.w.org\/{rel}","templated":true}]}}