{"id":9335,"date":"2025-11-14T18:45:34","date_gmt":"2025-11-14T17:45:34","guid":{"rendered":"https:\/\/ofertacular.com\/index.php\/producto\/moto-g85-5g-2\/"},"modified":"2025-11-14T18:45:34","modified_gmt":"2025-11-14T17:45:34","slug":"moto-g85-5g-2","status":"publish","type":"product","link":"https:\/\/ofertacular.com\/index.php\/producto\/moto-g85-5g-2\/","title":{"rendered":"Moto g85 5G"},"content":{"rendered":"<div class=\"oferta-container\">\n<p>\ud83d\udfe5 <b>\u00a1GANGAZO!<\/b> \ud83d\udfe5 #Publicidad #Amazon #16<\/p>\n<p>\ud83d\udd34 <b>Smartphone Motorola <\/b><\/p>\n<p>\u2705 <b>AHORA 169 \u20ac<\/b> \u2714\ufe0f\ud83d\udfe1<\/p>\n<p>\u274c Antes 349.00 \u20ac<\/p>\n<p>\ud83d\uded2: <a href=\"https:\/\/btz.es\/5c8b7eL\" target=\"_blank\" rel=\"nofollow noopener\">https:\/\/btz.es\/5c8b7eL<\/a><\/p>\n<p>Descubre el Moto G85 5G de Motorola, un smartphone potente y vers\u00e1til que combina velocidad 5G, rendimiento \u00f3ptimo y dise\u00f1o moderno. Ideal para usuarios exigentes que buscan conectividad de \u00faltima generaci\u00f3n, calidad fotogr\u00e1fica avanzada y una experiencia multimedia envolvente. Optimizado para ofrecer eficiencia y velocidad en cada uso, este dispositivo es la elecci\u00f3n perfecta para mantenerte conectado y productivo en todo momento.<\/p>\n<\/p><\/div>\n","protected":false},"excerpt":{"rendered":"<p>\ud83d\udfe5 \u00a1GANGAZO! \ud83d\udfe5 #Publicidad #Amazon #16 \ud83d\udd34 Smartphone Motorola \u2705 AHORA 169 \u20ac \u2714\ufe0f\ud83d\udfe1 \u274c Antes 349.00 \u20ac \ud83d\uded2: https:\/\/btz.es\/5c8b7eL Descubre el Moto G85 5G de Motorola, un smartphone potente y vers\u00e1til que combina velocidad 5G, rendimiento \u00f3ptimo y dise\u00f1o moderno. Ideal para usuarios exigentes que buscan conectividad de \u00faltima generaci\u00f3n, calidad fotogr\u00e1fica avanzada y [&hellip;]<\/p>\n","protected":false},"featured_media":9334,"template":"","meta":{"_gspb_post_css":""},"store":[],"product_brand":[],"product_cat":[16],"product_tag":[],"class_list":{"0":"post-9335","1":"product","2":"type-product","3":"status-publish","4":"has-post-thumbnail","6":"product_cat-sin-categorizar","8":"first","9":"instock","10":"sale","11":"shipping-taxable","12":"product-type-external"},"jetpack_sharing_enabled":true,"_links":{"self":[{"href":"https:\/\/ofertacular.com\/index.php\/wp-json\/wp\/v2\/product\/9335","targetHints":{"allow":["GET"]}}],"collection":[{"href":"https:\/\/ofertacular.com\/index.php\/wp-json\/wp\/v2\/product"}],"about":[{"href":"https:\/\/ofertacular.com\/index.php\/wp-json\/wp\/v2\/types\/product"}],"wp:featuredmedia":[{"embeddable":true,"href":"https:\/\/ofertacular.com\/index.php\/wp-json\/wp\/v2\/media\/9334"}],"wp:attachment":[{"href":"https:\/\/ofertacular.com\/index.php\/wp-json\/wp\/v2\/media?parent=9335"}],"wp:term":[{"taxonomy":"store","embeddable":true,"href":"https:\/\/ofertacular.com\/index.php\/wp-json\/wp\/v2\/store?post=9335"},{"taxonomy":"product_brand","embeddable":true,"href":"https:\/\/ofertacular.com\/index.php\/wp-json\/wp\/v2\/product_brand?post=9335"},{"taxonomy":"product_cat","embeddable":true,"href":"https:\/\/ofertacular.com\/index.php\/wp-json\/wp\/v2\/product_cat?post=9335"},{"taxonomy":"product_tag","embeddable":true,"href":"https:\/\/ofertacular.com\/index.php\/wp-json\/wp\/v2\/product_tag?post=9335"}],"curies":[{"name":"wp","href":"https:\/\/api.w.org\/{rel}","templated":true}]}}