{"id":9337,"date":"2025-11-15T07:19:36","date_gmt":"2025-11-15T06:19:36","guid":{"rendered":"https:\/\/ofertacular.com\/index.php\/producto\/nivea-soft\/"},"modified":"2025-11-15T07:19:36","modified_gmt":"2025-11-15T06:19:36","slug":"nivea-soft","status":"publish","type":"product","link":"https:\/\/ofertacular.com\/index.php\/producto\/nivea-soft\/","title":{"rendered":"NIVEA Soft"},"content":{"rendered":"<div class=\"oferta-container\">\n<p>\ud83d\udfe5 <b>\u00a1APROVECHA!<\/b> \ud83d\udfe5 #Publicidad #Amazon #16<\/p>\n<p>\ud83d\udd34 <b>Crema Nivea <\/b><\/p>\n<p>\u2705 <b>AHORA 9.98 \u20ac<\/b> \u2714\ufe0f\ud83d\udfe1<\/p>\n<p>\u274c Antes 12.64 \u20ac<\/p>\n<p>\ud83d\uded2: <a href=\"https:\/\/btz.es\/5cBfwPe\" target=\"_blank\" rel=\"nofollow noopener\">https:\/\/btz.es\/5cBfwPe<\/a><\/p>\n<p>Descubre la hidrataci\u00f3n intensiva con NIVEA Soft, una crema ligera y de r\u00e1pida absorci\u00f3n ideal para todo tipo de piel. Enriquecida con vitamina E y aceite de jojoba, ofrece una sensaci\u00f3n fresca y suave, dejando la piel radiante y perfectamente hidratada durante todo el d\u00eda. Perfecta para uso diario, NIVEA Soft cuida tu piel con delicadeza y eficacia, asegurando un aspecto saludable y renovado.<\/p>\n<\/p><\/div>\n","protected":false},"excerpt":{"rendered":"<p>\ud83d\udfe5 \u00a1APROVECHA! \ud83d\udfe5 #Publicidad #Amazon #16 \ud83d\udd34 Crema Nivea \u2705 AHORA 9.98 \u20ac \u2714\ufe0f\ud83d\udfe1 \u274c Antes 12.64 \u20ac \ud83d\uded2: https:\/\/btz.es\/5cBfwPe Descubre la hidrataci\u00f3n intensiva con NIVEA Soft, una crema ligera y de r\u00e1pida absorci\u00f3n ideal para todo tipo de piel. Enriquecida con vitamina E y aceite de jojoba, ofrece una sensaci\u00f3n fresca y suave, dejando [&hellip;]<\/p>\n","protected":false},"featured_media":9336,"template":"","meta":{"_gspb_post_css":""},"store":[],"product_brand":[],"product_cat":[16],"product_tag":[],"class_list":{"0":"post-9337","1":"product","2":"type-product","3":"status-publish","4":"has-post-thumbnail","6":"product_cat-sin-categorizar","8":"first","9":"instock","10":"sale","11":"shipping-taxable","12":"product-type-external"},"jetpack_sharing_enabled":true,"_links":{"self":[{"href":"https:\/\/ofertacular.com\/index.php\/wp-json\/wp\/v2\/product\/9337","targetHints":{"allow":["GET"]}}],"collection":[{"href":"https:\/\/ofertacular.com\/index.php\/wp-json\/wp\/v2\/product"}],"about":[{"href":"https:\/\/ofertacular.com\/index.php\/wp-json\/wp\/v2\/types\/product"}],"wp:featuredmedia":[{"embeddable":true,"href":"https:\/\/ofertacular.com\/index.php\/wp-json\/wp\/v2\/media\/9336"}],"wp:attachment":[{"href":"https:\/\/ofertacular.com\/index.php\/wp-json\/wp\/v2\/media?parent=9337"}],"wp:term":[{"taxonomy":"store","embeddable":true,"href":"https:\/\/ofertacular.com\/index.php\/wp-json\/wp\/v2\/store?post=9337"},{"taxonomy":"product_brand","embeddable":true,"href":"https:\/\/ofertacular.com\/index.php\/wp-json\/wp\/v2\/product_brand?post=9337"},{"taxonomy":"product_cat","embeddable":true,"href":"https:\/\/ofertacular.com\/index.php\/wp-json\/wp\/v2\/product_cat?post=9337"},{"taxonomy":"product_tag","embeddable":true,"href":"https:\/\/ofertacular.com\/index.php\/wp-json\/wp\/v2\/product_tag?post=9337"}],"curies":[{"name":"wp","href":"https:\/\/api.w.org\/{rel}","templated":true}]}}