{"id":9339,"date":"2025-11-15T07:20:47","date_gmt":"2025-11-15T06:20:47","guid":{"rendered":"https:\/\/ofertacular.com\/index.php\/producto\/conga-robot-2\/"},"modified":"2025-11-15T07:20:47","modified_gmt":"2025-11-15T06:20:47","slug":"conga-robot-2","status":"publish","type":"product","link":"https:\/\/ofertacular.com\/index.php\/producto\/conga-robot-2\/","title":{"rendered":"Conga Robot"},"content":{"rendered":"<div class=\"oferta-container\">\n<p>\ud83d\udfe5 <b>DESCUENTAZO<\/b> \ud83d\udfe5 #Publicidad #Amazon #16<\/p>\n<p>\ud83d\udd34 <b>Robot Aspirador <\/b><\/p>\n<p>\u2705 <b>AHORA 93.9 \u20ac<\/b> \u2714\ufe0f\ud83d\udfe1<\/p>\n<p>\u274c Antes 129.90 \u20ac<\/p>\n<p>\ud83d\uded2: <a href=\"https:\/\/btz.es\/5cBfFmY\" target=\"_blank\" rel=\"nofollow noopener\">https:\/\/btz.es\/5cBfFmY<\/a><\/p>\n<p>Descubre la eficacia y comodidad del Conga Robot Aspirador, el dispositivo inteligente dise\u00f1ado para mantener tus espacios limpios sin esfuerzo. Equipado con tecnolog\u00eda avanzada y navegaci\u00f3n inteligente, este robot limpia todo tipo de superficies de manera aut\u00f3noma, ahorr\u00e1ndote tiempo y energ\u00eda. Ideal para hogares modernos, ofrece un rendimiento silencioso y una bater\u00eda de larga duraci\u00f3n que garantiza una limpieza completa. Optimizado para las necesidades de limpieza del hogar actual, el Conga Robot es la soluci\u00f3n definitiva para un ambiente impecable y confortable.<\/p>\n<\/p><\/div>\n","protected":false},"excerpt":{"rendered":"<p>\ud83d\udfe5 DESCUENTAZO \ud83d\udfe5 #Publicidad #Amazon #16 \ud83d\udd34 Robot Aspirador \u2705 AHORA 93.9 \u20ac \u2714\ufe0f\ud83d\udfe1 \u274c Antes 129.90 \u20ac \ud83d\uded2: https:\/\/btz.es\/5cBfFmY Descubre la eficacia y comodidad del Conga Robot Aspirador, el dispositivo inteligente dise\u00f1ado para mantener tus espacios limpios sin esfuerzo. Equipado con tecnolog\u00eda avanzada y navegaci\u00f3n inteligente, este robot limpia todo tipo de superficies de [&hellip;]<\/p>\n","protected":false},"featured_media":9338,"template":"","meta":{"_gspb_post_css":""},"store":[],"product_brand":[],"product_cat":[16],"product_tag":[],"class_list":{"0":"post-9339","1":"product","2":"type-product","3":"status-publish","4":"has-post-thumbnail","6":"product_cat-sin-categorizar","8":"first","9":"instock","10":"sale","11":"shipping-taxable","12":"product-type-external"},"jetpack_sharing_enabled":true,"_links":{"self":[{"href":"https:\/\/ofertacular.com\/index.php\/wp-json\/wp\/v2\/product\/9339","targetHints":{"allow":["GET"]}}],"collection":[{"href":"https:\/\/ofertacular.com\/index.php\/wp-json\/wp\/v2\/product"}],"about":[{"href":"https:\/\/ofertacular.com\/index.php\/wp-json\/wp\/v2\/types\/product"}],"wp:featuredmedia":[{"embeddable":true,"href":"https:\/\/ofertacular.com\/index.php\/wp-json\/wp\/v2\/media\/9338"}],"wp:attachment":[{"href":"https:\/\/ofertacular.com\/index.php\/wp-json\/wp\/v2\/media?parent=9339"}],"wp:term":[{"taxonomy":"store","embeddable":true,"href":"https:\/\/ofertacular.com\/index.php\/wp-json\/wp\/v2\/store?post=9339"},{"taxonomy":"product_brand","embeddable":true,"href":"https:\/\/ofertacular.com\/index.php\/wp-json\/wp\/v2\/product_brand?post=9339"},{"taxonomy":"product_cat","embeddable":true,"href":"https:\/\/ofertacular.com\/index.php\/wp-json\/wp\/v2\/product_cat?post=9339"},{"taxonomy":"product_tag","embeddable":true,"href":"https:\/\/ofertacular.com\/index.php\/wp-json\/wp\/v2\/product_tag?post=9339"}],"curies":[{"name":"wp","href":"https:\/\/api.w.org\/{rel}","templated":true}]}}