{"id":9345,"date":"2025-11-15T07:24:12","date_gmt":"2025-11-15T06:24:12","guid":{"rendered":"https:\/\/ofertacular.com\/index.php\/producto\/meta-quest\/"},"modified":"2025-11-15T07:24:12","modified_gmt":"2025-11-15T06:24:12","slug":"meta-quest","status":"publish","type":"product","link":"https:\/\/ofertacular.com\/index.php\/producto\/meta-quest\/","title":{"rendered":"Meta Quest"},"content":{"rendered":"<div class=\"oferta-container\">\n<p>\ud83d\udfe5 <b>\u00a1OFERT\u00d3N!<\/b> \ud83d\udfe5 #Publicidad #Amazon #16<\/p>\n<p>\ud83d\udd34 <b>Gafas Realidad <\/b><\/p>\n<p>\u2705 <b>AHORA 279 \u20ac<\/b> \u2714\ufe0f\ud83d\udfe1<\/p>\n<p>\u274c Antes 439.99 \u20ac<\/p>\n<p>\ud83d\uded2: <a href=\"https:\/\/btz.es\/5cBg6p0\" target=\"_blank\" rel=\"nofollow noopener\">https:\/\/btz.es\/5cBg6p0<\/a><\/p>\n<p>Descubre la impresionante experiencia inmersiva con las gafas Meta Quest, l\u00edderes en tecnolog\u00eda de realidad virtual. Disfruta de gr\u00e1ficos de alta calidad, f\u00e1cil manejo y un dise\u00f1o ergon\u00f3mico que te permite sumergirte en nuevos mundos con total comodidad. Perfectas para juegos, entretenimiento y aplicaciones profesionales. Mejora tu experiencia VR con Meta Quest, la opci\u00f3n preferida para usuarios exigentes y creativos.<\/p>\n<\/p><\/div>\n","protected":false},"excerpt":{"rendered":"<p>\ud83d\udfe5 \u00a1OFERT\u00d3N! \ud83d\udfe5 #Publicidad #Amazon #16 \ud83d\udd34 Gafas Realidad \u2705 AHORA 279 \u20ac \u2714\ufe0f\ud83d\udfe1 \u274c Antes 439.99 \u20ac \ud83d\uded2: https:\/\/btz.es\/5cBg6p0 Descubre la impresionante experiencia inmersiva con las gafas Meta Quest, l\u00edderes en tecnolog\u00eda de realidad virtual. Disfruta de gr\u00e1ficos de alta calidad, f\u00e1cil manejo y un dise\u00f1o ergon\u00f3mico que te permite sumergirte en nuevos mundos [&hellip;]<\/p>\n","protected":false},"featured_media":9344,"template":"","meta":{"_gspb_post_css":""},"store":[],"product_brand":[],"product_cat":[16],"product_tag":[],"class_list":{"0":"post-9345","1":"product","2":"type-product","3":"status-publish","4":"has-post-thumbnail","6":"product_cat-sin-categorizar","8":"first","9":"instock","10":"sale","11":"shipping-taxable","12":"product-type-external"},"jetpack_sharing_enabled":true,"_links":{"self":[{"href":"https:\/\/ofertacular.com\/index.php\/wp-json\/wp\/v2\/product\/9345","targetHints":{"allow":["GET"]}}],"collection":[{"href":"https:\/\/ofertacular.com\/index.php\/wp-json\/wp\/v2\/product"}],"about":[{"href":"https:\/\/ofertacular.com\/index.php\/wp-json\/wp\/v2\/types\/product"}],"wp:featuredmedia":[{"embeddable":true,"href":"https:\/\/ofertacular.com\/index.php\/wp-json\/wp\/v2\/media\/9344"}],"wp:attachment":[{"href":"https:\/\/ofertacular.com\/index.php\/wp-json\/wp\/v2\/media?parent=9345"}],"wp:term":[{"taxonomy":"store","embeddable":true,"href":"https:\/\/ofertacular.com\/index.php\/wp-json\/wp\/v2\/store?post=9345"},{"taxonomy":"product_brand","embeddable":true,"href":"https:\/\/ofertacular.com\/index.php\/wp-json\/wp\/v2\/product_brand?post=9345"},{"taxonomy":"product_cat","embeddable":true,"href":"https:\/\/ofertacular.com\/index.php\/wp-json\/wp\/v2\/product_cat?post=9345"},{"taxonomy":"product_tag","embeddable":true,"href":"https:\/\/ofertacular.com\/index.php\/wp-json\/wp\/v2\/product_tag?post=9345"}],"curies":[{"name":"wp","href":"https:\/\/api.w.org\/{rel}","templated":true}]}}