{"id":9355,"date":"2025-11-15T07:31:26","date_gmt":"2025-11-15T06:31:26","guid":{"rendered":"https:\/\/ofertacular.com\/index.php\/producto\/fila-boxers\/"},"modified":"2025-11-15T07:31:26","modified_gmt":"2025-11-15T06:31:26","slug":"fila-boxers","status":"publish","type":"product","link":"https:\/\/ofertacular.com\/index.php\/producto\/fila-boxers\/","title":{"rendered":"FILA Boxers"},"content":{"rendered":"<div class=\"oferta-container\">\n<p>\ud83d\udfe5 <b>\u00a1GANGAZO!<\/b> \ud83d\udfe5 #Publicidad #Amazon #16<\/p>\n<p>\ud83d\udd34 <b>Boxers FILA <\/b><\/p>\n<p>\u2705 <b>AHORA 15.58 \u20ac<\/b> \u2714\ufe0f\ud83d\udfe1<\/p>\n<p>\u274c Antes 39.90 \u20ac<\/p>\n<p>\ud83d\uded2: <a href=\"https:\/\/btz.es\/5cBivtQ\" target=\"_blank\" rel=\"nofollow noopener\">https:\/\/btz.es\/5cBivtQ<\/a><\/p>\n<p>Descubre los boxers FILA, dise\u00f1ados para ofrecer m\u00e1xima comodidad y soporte durante todo el d\u00eda. Con tejidos transpirables y un ajuste perfecto, estos boxers son ideales para quienes buscan calidad y estilo en su ropa interior. Perfectos para uso diario o actividad deportiva, aseguran frescura y durabilidad. \u00a1Mejora tu armario con la confianza y el dise\u00f1o de FILA!<\/p>\n<\/p><\/div>\n","protected":false},"excerpt":{"rendered":"<p>\ud83d\udfe5 \u00a1GANGAZO! \ud83d\udfe5 #Publicidad #Amazon #16 \ud83d\udd34 Boxers FILA \u2705 AHORA 15.58 \u20ac \u2714\ufe0f\ud83d\udfe1 \u274c Antes 39.90 \u20ac \ud83d\uded2: https:\/\/btz.es\/5cBivtQ Descubre los boxers FILA, dise\u00f1ados para ofrecer m\u00e1xima comodidad y soporte durante todo el d\u00eda. Con tejidos transpirables y un ajuste perfecto, estos boxers son ideales para quienes buscan calidad y estilo en su ropa [&hellip;]<\/p>\n","protected":false},"featured_media":9354,"template":"","meta":{"_gspb_post_css":""},"store":[],"product_brand":[],"product_cat":[16],"product_tag":[],"class_list":{"0":"post-9355","1":"product","2":"type-product","3":"status-publish","4":"has-post-thumbnail","6":"product_cat-sin-categorizar","8":"first","9":"instock","10":"sale","11":"shipping-taxable","12":"product-type-external"},"jetpack_sharing_enabled":true,"_links":{"self":[{"href":"https:\/\/ofertacular.com\/index.php\/wp-json\/wp\/v2\/product\/9355","targetHints":{"allow":["GET"]}}],"collection":[{"href":"https:\/\/ofertacular.com\/index.php\/wp-json\/wp\/v2\/product"}],"about":[{"href":"https:\/\/ofertacular.com\/index.php\/wp-json\/wp\/v2\/types\/product"}],"wp:featuredmedia":[{"embeddable":true,"href":"https:\/\/ofertacular.com\/index.php\/wp-json\/wp\/v2\/media\/9354"}],"wp:attachment":[{"href":"https:\/\/ofertacular.com\/index.php\/wp-json\/wp\/v2\/media?parent=9355"}],"wp:term":[{"taxonomy":"store","embeddable":true,"href":"https:\/\/ofertacular.com\/index.php\/wp-json\/wp\/v2\/store?post=9355"},{"taxonomy":"product_brand","embeddable":true,"href":"https:\/\/ofertacular.com\/index.php\/wp-json\/wp\/v2\/product_brand?post=9355"},{"taxonomy":"product_cat","embeddable":true,"href":"https:\/\/ofertacular.com\/index.php\/wp-json\/wp\/v2\/product_cat?post=9355"},{"taxonomy":"product_tag","embeddable":true,"href":"https:\/\/ofertacular.com\/index.php\/wp-json\/wp\/v2\/product_tag?post=9355"}],"curies":[{"name":"wp","href":"https:\/\/api.w.org\/{rel}","templated":true}]}}