{"id":9357,"date":"2025-11-15T07:37:16","date_gmt":"2025-11-15T06:37:16","guid":{"rendered":"https:\/\/ofertacular.com\/index.php\/producto\/staropramen-pilsner\/"},"modified":"2025-11-15T07:37:16","modified_gmt":"2025-11-15T06:37:16","slug":"staropramen-pilsner","status":"publish","type":"product","link":"https:\/\/ofertacular.com\/index.php\/producto\/staropramen-pilsner\/","title":{"rendered":"Staropramen Pilsner"},"content":{"rendered":"<div class=\"oferta-container\">\n<p>\ud83d\udfe5 <b>CHOLLAZO<\/b> \ud83d\udfe5 #Publicidad #Amazon #16<\/p>\n<p>\ud83d\udd34 <b>Pilsner Staropramen <\/b><\/p>\n<p>\u2705 <b>AHORA 16.99 \u20ac<\/b> \u2714\ufe0f\ud83d\udfe1<\/p>\n<p>\u274c Antes 30.96 \u20ac<\/p>\n<p>\ud83d\uded2: <a href=\"https:\/\/btz.es\/5cBjO0M\" target=\"_blank\" rel=\"nofollow noopener\">https:\/\/btz.es\/5cBjO0M<\/a><\/p>\n<p>Disfruta del sabor cl\u00e1sico y refrescante de la cerveza Pilsner Staropramen, reconocida mundialmente por su calidad excepcional y tradici\u00f3n cervecera. Perfecta para momentos de relajaci\u00f3n o encuentros sociales, esta cerveza destaca por su equilibrio entre sabor y aroma, ofreciendo una experiencia cervecera \u00fanica para los amantes de la Pilsner.<\/p>\n<\/p><\/div>\n","protected":false},"excerpt":{"rendered":"<p>\ud83d\udfe5 CHOLLAZO \ud83d\udfe5 #Publicidad #Amazon #16 \ud83d\udd34 Pilsner Staropramen \u2705 AHORA 16.99 \u20ac \u2714\ufe0f\ud83d\udfe1 \u274c Antes 30.96 \u20ac \ud83d\uded2: https:\/\/btz.es\/5cBjO0M Disfruta del sabor cl\u00e1sico y refrescante de la cerveza Pilsner Staropramen, reconocida mundialmente por su calidad excepcional y tradici\u00f3n cervecera. Perfecta para momentos de relajaci\u00f3n o encuentros sociales, esta cerveza destaca por su equilibrio entre [&hellip;]<\/p>\n","protected":false},"featured_media":9356,"template":"","meta":{"_gspb_post_css":""},"store":[],"product_brand":[],"product_cat":[16],"product_tag":[],"class_list":{"0":"post-9357","1":"product","2":"type-product","3":"status-publish","4":"has-post-thumbnail","6":"product_cat-sin-categorizar","8":"first","9":"instock","10":"sale","11":"shipping-taxable","12":"product-type-external"},"jetpack_sharing_enabled":true,"_links":{"self":[{"href":"https:\/\/ofertacular.com\/index.php\/wp-json\/wp\/v2\/product\/9357","targetHints":{"allow":["GET"]}}],"collection":[{"href":"https:\/\/ofertacular.com\/index.php\/wp-json\/wp\/v2\/product"}],"about":[{"href":"https:\/\/ofertacular.com\/index.php\/wp-json\/wp\/v2\/types\/product"}],"wp:featuredmedia":[{"embeddable":true,"href":"https:\/\/ofertacular.com\/index.php\/wp-json\/wp\/v2\/media\/9356"}],"wp:attachment":[{"href":"https:\/\/ofertacular.com\/index.php\/wp-json\/wp\/v2\/media?parent=9357"}],"wp:term":[{"taxonomy":"store","embeddable":true,"href":"https:\/\/ofertacular.com\/index.php\/wp-json\/wp\/v2\/store?post=9357"},{"taxonomy":"product_brand","embeddable":true,"href":"https:\/\/ofertacular.com\/index.php\/wp-json\/wp\/v2\/product_brand?post=9357"},{"taxonomy":"product_cat","embeddable":true,"href":"https:\/\/ofertacular.com\/index.php\/wp-json\/wp\/v2\/product_cat?post=9357"},{"taxonomy":"product_tag","embeddable":true,"href":"https:\/\/ofertacular.com\/index.php\/wp-json\/wp\/v2\/product_tag?post=9357"}],"curies":[{"name":"wp","href":"https:\/\/api.w.org\/{rel}","templated":true}]}}