{"id":9359,"date":"2025-11-15T07:38:14","date_gmt":"2025-11-15T06:38:14","guid":{"rendered":"https:\/\/ofertacular.com\/index.php\/producto\/cillit-bang\/"},"modified":"2025-11-15T07:38:14","modified_gmt":"2025-11-15T06:38:14","slug":"cillit-bang","status":"publish","type":"product","link":"https:\/\/ofertacular.com\/index.php\/producto\/cillit-bang\/","title":{"rendered":"Cillit Bang"},"content":{"rendered":"<div class=\"oferta-container\">\n<p>\ud83d\udfe5 <b>\u00a1DESCUENTO \u00daNICO!<\/b> \ud83d\udfe5 #Publicidad #Amazon #16<\/p>\n<p>\ud83d\udd34 <b>Limpiador Multiusos <\/b><\/p>\n<p>\u2705 <b>AHORA 7.9 \u20ac<\/b> \u2714\ufe0f\ud83d\udfe1<\/p>\n<p>\u274c Antes 12.99 \u20ac<\/p>\n<p>\ud83d\uded2: <a href=\"https:\/\/btz.es\/5cBkd6U\" target=\"_blank\" rel=\"nofollow noopener\">https:\/\/btz.es\/5cBkd6U<\/a><\/p>\n<p>Descubre la eficacia del Limpiador Multiusos Cillit Bang, dise\u00f1ado para eliminar incluso la suciedad m\u00e1s dif\u00edcil con rapidez y facilidad. Ideal para todo tipo de superficies, este potente producto desinfectante revitaliza tu hogar, dejando un brillo impecable y un aroma fresco. Optimizado para una limpieza profunda, Cillit Bang es tu aliado perfecto para mantener espacios higi\u00e9nicos y relucientes. \u00a1Haz que la limpieza sea sencilla y eficiente con Cillit Bang!<\/p>\n<\/p><\/div>\n","protected":false},"excerpt":{"rendered":"<p>\ud83d\udfe5 \u00a1DESCUENTO \u00daNICO! \ud83d\udfe5 #Publicidad #Amazon #16 \ud83d\udd34 Limpiador Multiusos \u2705 AHORA 7.9 \u20ac \u2714\ufe0f\ud83d\udfe1 \u274c Antes 12.99 \u20ac \ud83d\uded2: https:\/\/btz.es\/5cBkd6U Descubre la eficacia del Limpiador Multiusos Cillit Bang, dise\u00f1ado para eliminar incluso la suciedad m\u00e1s dif\u00edcil con rapidez y facilidad. Ideal para todo tipo de superficies, este potente producto desinfectante revitaliza tu hogar, dejando [&hellip;]<\/p>\n","protected":false},"featured_media":9358,"template":"","meta":{"_gspb_post_css":""},"store":[],"product_brand":[],"product_cat":[16],"product_tag":[],"class_list":{"0":"post-9359","1":"product","2":"type-product","3":"status-publish","4":"has-post-thumbnail","6":"product_cat-sin-categorizar","8":"first","9":"instock","10":"sale","11":"shipping-taxable","12":"product-type-external"},"jetpack_sharing_enabled":true,"_links":{"self":[{"href":"https:\/\/ofertacular.com\/index.php\/wp-json\/wp\/v2\/product\/9359","targetHints":{"allow":["GET"]}}],"collection":[{"href":"https:\/\/ofertacular.com\/index.php\/wp-json\/wp\/v2\/product"}],"about":[{"href":"https:\/\/ofertacular.com\/index.php\/wp-json\/wp\/v2\/types\/product"}],"wp:featuredmedia":[{"embeddable":true,"href":"https:\/\/ofertacular.com\/index.php\/wp-json\/wp\/v2\/media\/9358"}],"wp:attachment":[{"href":"https:\/\/ofertacular.com\/index.php\/wp-json\/wp\/v2\/media?parent=9359"}],"wp:term":[{"taxonomy":"store","embeddable":true,"href":"https:\/\/ofertacular.com\/index.php\/wp-json\/wp\/v2\/store?post=9359"},{"taxonomy":"product_brand","embeddable":true,"href":"https:\/\/ofertacular.com\/index.php\/wp-json\/wp\/v2\/product_brand?post=9359"},{"taxonomy":"product_cat","embeddable":true,"href":"https:\/\/ofertacular.com\/index.php\/wp-json\/wp\/v2\/product_cat?post=9359"},{"taxonomy":"product_tag","embeddable":true,"href":"https:\/\/ofertacular.com\/index.php\/wp-json\/wp\/v2\/product_tag?post=9359"}],"curies":[{"name":"wp","href":"https:\/\/api.w.org\/{rel}","templated":true}]}}