{"id":9365,"date":"2025-11-15T07:44:27","date_gmt":"2025-11-15T06:44:27","guid":{"rendered":"https:\/\/ofertacular.com\/index.php\/producto\/don-simon\/"},"modified":"2025-11-15T07:44:27","modified_gmt":"2025-11-15T06:44:27","slug":"don-simon","status":"publish","type":"product","link":"https:\/\/ofertacular.com\/index.php\/producto\/don-simon\/","title":{"rendered":"Don Sim\u00f3n"},"content":{"rendered":"<div class=\"oferta-container\">\n<p>\ud83d\udfe5 <b>DESCUENTAZO<\/b> \ud83d\udfe5 #Publicidad #Amazon #16<\/p>\n<p>\ud83d\udd34 <b>Vino Tinto <\/b><\/p>\n<p>\u2705 <b>AHORA 1 \u20ac<\/b> \u2714\ufe0f\ud83d\udfe1<\/p>\n<p>\u274c Antes <\/p>\n<p>\ud83d\uded2: <a href=\"https:\/\/btz.es\/5cBlC0W\" target=\"_blank\" rel=\"nofollow noopener\">https:\/\/btz.es\/5cBlC0W<\/a><\/p>\n<p>Descubre el exquisito sabor del vino tinto Don Sim\u00f3n, elaborado con las mejores uvas para ofrecerte una experiencia \u00fanica y sofisticada. Perfecto para maridar con tus comidas favoritas o para compartir en ocasiones especiales, este vino destaca por su equilibrio y suavidad. Asegura calidad y tradici\u00f3n en cada botella con Don Sim\u00f3n, la elecci\u00f3n ideal para los amantes del vino que buscan autenticidad y sabor excepcional.<\/p>\n<\/p><\/div>\n","protected":false},"excerpt":{"rendered":"<p>\ud83d\udfe5 DESCUENTAZO \ud83d\udfe5 #Publicidad #Amazon #16 \ud83d\udd34 Vino Tinto \u2705 AHORA 1 \u20ac \u2714\ufe0f\ud83d\udfe1 \u274c Antes \ud83d\uded2: https:\/\/btz.es\/5cBlC0W Descubre el exquisito sabor del vino tinto Don Sim\u00f3n, elaborado con las mejores uvas para ofrecerte una experiencia \u00fanica y sofisticada. Perfecto para maridar con tus comidas favoritas o para compartir en ocasiones especiales, este vino destaca [&hellip;]<\/p>\n","protected":false},"featured_media":9364,"template":"","meta":{"_gspb_post_css":""},"store":[],"product_brand":[],"product_cat":[16],"product_tag":[],"class_list":{"0":"post-9365","1":"product","2":"type-product","3":"status-publish","4":"has-post-thumbnail","6":"product_cat-sin-categorizar","8":"first","9":"instock","10":"shipping-taxable","11":"product-type-external"},"jetpack_sharing_enabled":true,"_links":{"self":[{"href":"https:\/\/ofertacular.com\/index.php\/wp-json\/wp\/v2\/product\/9365","targetHints":{"allow":["GET"]}}],"collection":[{"href":"https:\/\/ofertacular.com\/index.php\/wp-json\/wp\/v2\/product"}],"about":[{"href":"https:\/\/ofertacular.com\/index.php\/wp-json\/wp\/v2\/types\/product"}],"wp:featuredmedia":[{"embeddable":true,"href":"https:\/\/ofertacular.com\/index.php\/wp-json\/wp\/v2\/media\/9364"}],"wp:attachment":[{"href":"https:\/\/ofertacular.com\/index.php\/wp-json\/wp\/v2\/media?parent=9365"}],"wp:term":[{"taxonomy":"store","embeddable":true,"href":"https:\/\/ofertacular.com\/index.php\/wp-json\/wp\/v2\/store?post=9365"},{"taxonomy":"product_brand","embeddable":true,"href":"https:\/\/ofertacular.com\/index.php\/wp-json\/wp\/v2\/product_brand?post=9365"},{"taxonomy":"product_cat","embeddable":true,"href":"https:\/\/ofertacular.com\/index.php\/wp-json\/wp\/v2\/product_cat?post=9365"},{"taxonomy":"product_tag","embeddable":true,"href":"https:\/\/ofertacular.com\/index.php\/wp-json\/wp\/v2\/product_tag?post=9365"}],"curies":[{"name":"wp","href":"https:\/\/api.w.org\/{rel}","templated":true}]}}