{"id":9409,"date":"2025-11-17T07:57:23","date_gmt":"2025-11-17T06:57:23","guid":{"rendered":"https:\/\/ofertacular.com\/index.php\/producto\/munich-zapatillas-3\/"},"modified":"2025-11-17T07:57:23","modified_gmt":"2025-11-17T06:57:23","slug":"munich-zapatillas-3","status":"publish","type":"product","link":"https:\/\/ofertacular.com\/index.php\/producto\/munich-zapatillas-3\/","title":{"rendered":"Munich Zapatillas"},"content":{"rendered":"<div class=\"oferta-container\">\n<p>\ud83d\udfe5 <b>\u00a1OFERTA ESPECIAL!<\/b> \ud83d\udfe5 #Publicidad #Amazon #16<\/p>\n<p>\ud83d\udd34 <b>Zapatillas Munich <\/b><\/p>\n<p>\u2705 <b>AHORA 30 \u20ac<\/b> \u2714\ufe0f\ud83d\udfe1<\/p>\n<p>\u274c Antes 75.00 \u20ac<\/p>\n<p>\ud83d\uded2: <a href=\"https:\/\/btz.es\/5cMVV66\" target=\"_blank\" rel=\"nofollow noopener\">https:\/\/btz.es\/5cMVV66<\/a><\/p>\n<p>Descubre las exclusivas Zapatillas Munich, dise\u00f1adas para ofrecer el m\u00e1ximo confort y un estilo inigualable. Ideales para quienes buscan combinar moda y funcionalidad, estas zapatillas garantizan durabilidad y ajuste perfecto en cada paso. Aprovecha la oportunidad de lucir un calzado de alta calidad y posiciona tu look al siguiente nivel con Munich, la marca l\u00edder en innovaci\u00f3n y dise\u00f1o deportivo.<\/p>\n<\/p><\/div>\n","protected":false},"excerpt":{"rendered":"<p>\ud83d\udfe5 \u00a1OFERTA ESPECIAL! \ud83d\udfe5 #Publicidad #Amazon #16 \ud83d\udd34 Zapatillas Munich \u2705 AHORA 30 \u20ac \u2714\ufe0f\ud83d\udfe1 \u274c Antes 75.00 \u20ac \ud83d\uded2: https:\/\/btz.es\/5cMVV66 Descubre las exclusivas Zapatillas Munich, dise\u00f1adas para ofrecer el m\u00e1ximo confort y un estilo inigualable. Ideales para quienes buscan combinar moda y funcionalidad, estas zapatillas garantizan durabilidad y ajuste perfecto en cada paso. Aprovecha [&hellip;]<\/p>\n","protected":false},"featured_media":9408,"template":"","meta":{"_gspb_post_css":""},"store":[],"product_brand":[],"product_cat":[16],"product_tag":[],"class_list":{"0":"post-9409","1":"product","2":"type-product","3":"status-publish","4":"has-post-thumbnail","6":"product_cat-sin-categorizar","8":"first","9":"instock","10":"sale","11":"shipping-taxable","12":"product-type-external"},"jetpack_sharing_enabled":true,"_links":{"self":[{"href":"https:\/\/ofertacular.com\/index.php\/wp-json\/wp\/v2\/product\/9409","targetHints":{"allow":["GET"]}}],"collection":[{"href":"https:\/\/ofertacular.com\/index.php\/wp-json\/wp\/v2\/product"}],"about":[{"href":"https:\/\/ofertacular.com\/index.php\/wp-json\/wp\/v2\/types\/product"}],"wp:featuredmedia":[{"embeddable":true,"href":"https:\/\/ofertacular.com\/index.php\/wp-json\/wp\/v2\/media\/9408"}],"wp:attachment":[{"href":"https:\/\/ofertacular.com\/index.php\/wp-json\/wp\/v2\/media?parent=9409"}],"wp:term":[{"taxonomy":"store","embeddable":true,"href":"https:\/\/ofertacular.com\/index.php\/wp-json\/wp\/v2\/store?post=9409"},{"taxonomy":"product_brand","embeddable":true,"href":"https:\/\/ofertacular.com\/index.php\/wp-json\/wp\/v2\/product_brand?post=9409"},{"taxonomy":"product_cat","embeddable":true,"href":"https:\/\/ofertacular.com\/index.php\/wp-json\/wp\/v2\/product_cat?post=9409"},{"taxonomy":"product_tag","embeddable":true,"href":"https:\/\/ofertacular.com\/index.php\/wp-json\/wp\/v2\/product_tag?post=9409"}],"curies":[{"name":"wp","href":"https:\/\/api.w.org\/{rel}","templated":true}]}}