{"id":9413,"date":"2025-11-17T08:28:06","date_gmt":"2025-11-17T07:28:06","guid":{"rendered":"https:\/\/ofertacular.com\/index.php\/producto\/cmf-phone-2\/"},"modified":"2025-11-17T08:28:06","modified_gmt":"2025-11-17T07:28:06","slug":"cmf-phone-2","status":"publish","type":"product","link":"https:\/\/ofertacular.com\/index.php\/producto\/cmf-phone-2\/","title":{"rendered":"CMF Phone"},"content":{"rendered":"<div class=\"oferta-container\">\n<p>\ud83d\udfe5 <b>AHORRA AQU\u00cd<\/b> \ud83d\udfe5 #Publicidad #Amazon #16<\/p>\n<p>\ud83d\udd34 <b>Tel\u00e9fono CMF <\/b><\/p>\n<p>\u2705 <b>AHORA 199 \u20ac<\/b> \u2714\ufe0f\ud83d\udfe1<\/p>\n<p>\u274c Antes 249.00 \u20ac<\/p>\n<p>\ud83d\uded2: <a href=\"https:\/\/btz.es\/5cNdFb0\" target=\"_blank\" rel=\"nofollow noopener\">https:\/\/btz.es\/5cNdFb0<\/a><\/p>\n<p>Descubre el Tel\u00e9fono CMF, un dispositivo dise\u00f1ado para ofrecerte la mejor experiencia en comunicaci\u00f3n. Con tecnolog\u00eda de \u00faltima generaci\u00f3n y un dise\u00f1o elegante, este tel\u00e9fono garantiza m\u00e1xima conectividad y durabilidad. Ideal para quienes buscan calidad y eficiencia en un solo aparato. Optimizado para un rendimiento superior, el Tel\u00e9fono CMF es tu aliado perfecto en el mundo digital.<\/p>\n<\/p><\/div>\n","protected":false},"excerpt":{"rendered":"<p>\ud83d\udfe5 AHORRA AQU\u00cd \ud83d\udfe5 #Publicidad #Amazon #16 \ud83d\udd34 Tel\u00e9fono CMF \u2705 AHORA 199 \u20ac \u2714\ufe0f\ud83d\udfe1 \u274c Antes 249.00 \u20ac \ud83d\uded2: https:\/\/btz.es\/5cNdFb0 Descubre el Tel\u00e9fono CMF, un dispositivo dise\u00f1ado para ofrecerte la mejor experiencia en comunicaci\u00f3n. Con tecnolog\u00eda de \u00faltima generaci\u00f3n y un dise\u00f1o elegante, este tel\u00e9fono garantiza m\u00e1xima conectividad y durabilidad. Ideal para quienes buscan [&hellip;]<\/p>\n","protected":false},"featured_media":9412,"template":"","meta":{"_gspb_post_css":""},"store":[],"product_brand":[],"product_cat":[16],"product_tag":[],"class_list":{"0":"post-9413","1":"product","2":"type-product","3":"status-publish","4":"has-post-thumbnail","6":"product_cat-sin-categorizar","8":"first","9":"instock","10":"sale","11":"shipping-taxable","12":"product-type-external"},"jetpack_sharing_enabled":true,"_links":{"self":[{"href":"https:\/\/ofertacular.com\/index.php\/wp-json\/wp\/v2\/product\/9413","targetHints":{"allow":["GET"]}}],"collection":[{"href":"https:\/\/ofertacular.com\/index.php\/wp-json\/wp\/v2\/product"}],"about":[{"href":"https:\/\/ofertacular.com\/index.php\/wp-json\/wp\/v2\/types\/product"}],"wp:featuredmedia":[{"embeddable":true,"href":"https:\/\/ofertacular.com\/index.php\/wp-json\/wp\/v2\/media\/9412"}],"wp:attachment":[{"href":"https:\/\/ofertacular.com\/index.php\/wp-json\/wp\/v2\/media?parent=9413"}],"wp:term":[{"taxonomy":"store","embeddable":true,"href":"https:\/\/ofertacular.com\/index.php\/wp-json\/wp\/v2\/store?post=9413"},{"taxonomy":"product_brand","embeddable":true,"href":"https:\/\/ofertacular.com\/index.php\/wp-json\/wp\/v2\/product_brand?post=9413"},{"taxonomy":"product_cat","embeddable":true,"href":"https:\/\/ofertacular.com\/index.php\/wp-json\/wp\/v2\/product_cat?post=9413"},{"taxonomy":"product_tag","embeddable":true,"href":"https:\/\/ofertacular.com\/index.php\/wp-json\/wp\/v2\/product_tag?post=9413"}],"curies":[{"name":"wp","href":"https:\/\/api.w.org\/{rel}","templated":true}]}}