{"id":9419,"date":"2025-11-17T08:34:04","date_gmt":"2025-11-17T07:34:04","guid":{"rendered":"https:\/\/ofertacular.com\/index.php\/producto\/columbia-woodburn-2\/"},"modified":"2025-11-17T08:34:04","modified_gmt":"2025-11-17T07:34:04","slug":"columbia-woodburn-2","status":"publish","type":"product","link":"https:\/\/ofertacular.com\/index.php\/producto\/columbia-woodburn-2\/","title":{"rendered":"Columbia Woodburn"},"content":{"rendered":"<div class=\"oferta-container\">\n<p>\ud83d\udfe5 <b>\u00a1GANGAZO!<\/b> \ud83d\udfe5 #Publicidad #Amazon #16<\/p>\n<p>\ud83d\udd34 <b>Chaqueta Columbia <\/b><\/p>\n<p>\u2705 <b>AHORA 52.5 \u20ac<\/b> \u2714\ufe0f\ud83d\udfe1<\/p>\n<p>\u274c Antes 100.00 \u20ac<\/p>\n<p>\ud83d\uded2: <a href=\"https:\/\/btz.es\/5cNfjUt\" target=\"_blank\" rel=\"nofollow noopener\">https:\/\/btz.es\/5cNfjUt<\/a><\/p>\n<p>Descubre la chaqueta Woodburn de Columbia, dise\u00f1ada para ofrecer comodidad y protecci\u00f3n en tus aventuras al aire libre. Con tecnolog\u00eda avanzada para resistencia al agua y aislamiento t\u00e9rmico, esta chaqueta es ideal para mantenerte seco y c\u00e1lido en cualquier clima. Perfecta para senderismo, excursiones y uso diario, combina estilo y funcionalidad en una prenda duradera y ligera.<\/p>\n<\/p><\/div>\n","protected":false},"excerpt":{"rendered":"<p>\ud83d\udfe5 \u00a1GANGAZO! \ud83d\udfe5 #Publicidad #Amazon #16 \ud83d\udd34 Chaqueta Columbia \u2705 AHORA 52.5 \u20ac \u2714\ufe0f\ud83d\udfe1 \u274c Antes 100.00 \u20ac \ud83d\uded2: https:\/\/btz.es\/5cNfjUt Descubre la chaqueta Woodburn de Columbia, dise\u00f1ada para ofrecer comodidad y protecci\u00f3n en tus aventuras al aire libre. Con tecnolog\u00eda avanzada para resistencia al agua y aislamiento t\u00e9rmico, esta chaqueta es ideal para mantenerte seco [&hellip;]<\/p>\n","protected":false},"featured_media":9418,"template":"","meta":{"_gspb_post_css":""},"store":[],"product_brand":[],"product_cat":[16],"product_tag":[],"class_list":{"0":"post-9419","1":"product","2":"type-product","3":"status-publish","4":"has-post-thumbnail","6":"product_cat-sin-categorizar","8":"first","9":"instock","10":"sale","11":"shipping-taxable","12":"product-type-external"},"jetpack_sharing_enabled":true,"_links":{"self":[{"href":"https:\/\/ofertacular.com\/index.php\/wp-json\/wp\/v2\/product\/9419","targetHints":{"allow":["GET"]}}],"collection":[{"href":"https:\/\/ofertacular.com\/index.php\/wp-json\/wp\/v2\/product"}],"about":[{"href":"https:\/\/ofertacular.com\/index.php\/wp-json\/wp\/v2\/types\/product"}],"wp:featuredmedia":[{"embeddable":true,"href":"https:\/\/ofertacular.com\/index.php\/wp-json\/wp\/v2\/media\/9418"}],"wp:attachment":[{"href":"https:\/\/ofertacular.com\/index.php\/wp-json\/wp\/v2\/media?parent=9419"}],"wp:term":[{"taxonomy":"store","embeddable":true,"href":"https:\/\/ofertacular.com\/index.php\/wp-json\/wp\/v2\/store?post=9419"},{"taxonomy":"product_brand","embeddable":true,"href":"https:\/\/ofertacular.com\/index.php\/wp-json\/wp\/v2\/product_brand?post=9419"},{"taxonomy":"product_cat","embeddable":true,"href":"https:\/\/ofertacular.com\/index.php\/wp-json\/wp\/v2\/product_cat?post=9419"},{"taxonomy":"product_tag","embeddable":true,"href":"https:\/\/ofertacular.com\/index.php\/wp-json\/wp\/v2\/product_tag?post=9419"}],"curies":[{"name":"wp","href":"https:\/\/api.w.org\/{rel}","templated":true}]}}