{"id":9437,"date":"2025-11-17T10:09:14","date_gmt":"2025-11-17T09:09:14","guid":{"rendered":"https:\/\/ofertacular.com\/index.php\/producto\/air-max\/"},"modified":"2025-11-17T10:09:14","modified_gmt":"2025-11-17T09:09:14","slug":"air-max","status":"publish","type":"product","link":"https:\/\/ofertacular.com\/index.php\/producto\/air-max\/","title":{"rendered":"Air Max"},"content":{"rendered":"<div class=\"oferta-container\">\n<p>\ud83d\udfe5 <b>\u00a1OFERT\u00d3N!<\/b> \ud83d\udfe5 #Publicidad #Amazon #16<\/p>\n<p>\ud83d\udd34 <b>Tenis Airmax <\/b><\/p>\n<p>\u2705 <b>AHORA 60.29 \u20ac<\/b> \u2714\ufe0f\ud83d\udfe1<\/p>\n<p>\u274c Antes 63.89 \u20ac<\/p>\n<p>\ud83d\uded2: <a href=\"https:\/\/btz.es\/5cN3h0U\" target=\"_blank\" rel=\"nofollow noopener\">https:\/\/btz.es\/5cN3h0U<\/a><\/p>\n<p>Descubre la comodidad y estilo \u00fanicos de los tenis Airmax, dise\u00f1ados para ofrecerte el m\u00e1ximo rendimiento y un look moderno. Ideales para quienes buscan combinar funcionalidad y moda en cada paso, los Airmax garantizan una experiencia deportiva y urbana insuperable. Aprovecha esta oferta exclusiva y eleva tu estilo con los aut\u00e9nticos tenis Airmax.<\/p>\n<\/p><\/div>\n","protected":false},"excerpt":{"rendered":"<p>\ud83d\udfe5 \u00a1OFERT\u00d3N! \ud83d\udfe5 #Publicidad #Amazon #16 \ud83d\udd34 Tenis Airmax \u2705 AHORA 60.29 \u20ac \u2714\ufe0f\ud83d\udfe1 \u274c Antes 63.89 \u20ac \ud83d\uded2: https:\/\/btz.es\/5cN3h0U Descubre la comodidad y estilo \u00fanicos de los tenis Airmax, dise\u00f1ados para ofrecerte el m\u00e1ximo rendimiento y un look moderno. Ideales para quienes buscan combinar funcionalidad y moda en cada paso, los Airmax garantizan una [&hellip;]<\/p>\n","protected":false},"featured_media":9436,"template":"","meta":{"_gspb_post_css":""},"store":[],"product_brand":[],"product_cat":[16],"product_tag":[],"class_list":{"0":"post-9437","1":"product","2":"type-product","3":"status-publish","4":"has-post-thumbnail","6":"product_cat-sin-categorizar","8":"first","9":"instock","10":"sale","11":"shipping-taxable","12":"product-type-external"},"jetpack_sharing_enabled":true,"_links":{"self":[{"href":"https:\/\/ofertacular.com\/index.php\/wp-json\/wp\/v2\/product\/9437","targetHints":{"allow":["GET"]}}],"collection":[{"href":"https:\/\/ofertacular.com\/index.php\/wp-json\/wp\/v2\/product"}],"about":[{"href":"https:\/\/ofertacular.com\/index.php\/wp-json\/wp\/v2\/types\/product"}],"wp:featuredmedia":[{"embeddable":true,"href":"https:\/\/ofertacular.com\/index.php\/wp-json\/wp\/v2\/media\/9436"}],"wp:attachment":[{"href":"https:\/\/ofertacular.com\/index.php\/wp-json\/wp\/v2\/media?parent=9437"}],"wp:term":[{"taxonomy":"store","embeddable":true,"href":"https:\/\/ofertacular.com\/index.php\/wp-json\/wp\/v2\/store?post=9437"},{"taxonomy":"product_brand","embeddable":true,"href":"https:\/\/ofertacular.com\/index.php\/wp-json\/wp\/v2\/product_brand?post=9437"},{"taxonomy":"product_cat","embeddable":true,"href":"https:\/\/ofertacular.com\/index.php\/wp-json\/wp\/v2\/product_cat?post=9437"},{"taxonomy":"product_tag","embeddable":true,"href":"https:\/\/ofertacular.com\/index.php\/wp-json\/wp\/v2\/product_tag?post=9437"}],"curies":[{"name":"wp","href":"https:\/\/api.w.org\/{rel}","templated":true}]}}