{"id":9453,"date":"2025-11-18T07:57:26","date_gmt":"2025-11-18T06:57:26","guid":{"rendered":"https:\/\/ofertacular.com\/index.php\/producto\/1005007872061926\/"},"modified":"2025-11-18T07:57:26","modified_gmt":"2025-11-18T06:57:26","slug":"1005007872061926","status":"publish","type":"product","link":"https:\/\/ofertacular.com\/index.php\/producto\/1005007872061926\/","title":{"rendered":"Sudadera Cl\u00e1sica"},"content":{"rendered":"<div class=\"oferta-container\">\n<p>\ud83d\udfe5 <b>CHOLLAZO<\/b> \ud83d\udfe5 #Publicidad #Amazon #<\/p>\n<p>\ud83d\udd34 <b>Sudadera Cl\u00e1sica <\/b><\/p>\n<p>\u2705 <b>AHORA 9.45\u20ac \u20ac<\/b> \u2714\ufe0f\ud83d\udfe1<\/p>\n<p>\u274c Antes 15.90 \u20ac<\/p>\n<p>\ud83d\uded2: <a href=\"https:\/\/btz.es\/5cSM2D6\" target=\"_blank\" rel=\"nofollow noopener\">https:\/\/btz.es\/5cSM2D6<\/a><\/p>\n<p>Sudadera Cl\u00e1sica con dise\u00f1o atemporal que ofrece comodidad y estilo para cualquier ocasi\u00f3n. Perfecta para el uso diario, con un ajuste relajado y materiales de alta calidad que garantizan durabilidad y suavidad al tacto. Ideal para combinar con jeans o pantalones deportivos, esta sudadera es una prenda esencial en tu armario. Explora la versatilidad de esta sudadera cl\u00e1sica, que se adapta tanto a ambientes casuales como a looks m\u00e1s urbanos. Su tejido transpirable y resistente te mantiene c\u00f3modo en cualquier estaci\u00f3n del a\u00f1o. Ya sea para salir a pasear, practicar deportes o simplemente relajarte en casa, esta sudadera es la elecci\u00f3n perfecta. Con detalles cuidados y un acabado impecable, este producto representa una mezcla perfecta de funcionalidad y estilo moderno. Adem\u00e1s, su f\u00e1cil cuidado y mantenimiento la convierten en una opci\u00f3n pr\u00e1ctica para cualquier persona que busque prendas de calidad y buen gusto. Gracias a su dise\u00f1o atemporal, puedes combinarla con una amplia variedad de accesorios y calzado para crear diferentes estilos seg\u00fan tu preferencia y personalidad.<\/p>\n<\/p><\/div>\n","protected":false},"excerpt":{"rendered":"<p>\ud83d\udfe5 CHOLLAZO \ud83d\udfe5 #Publicidad #Amazon # \ud83d\udd34 Sudadera Cl\u00e1sica \u2705 AHORA 9.45\u20ac \u20ac \u2714\ufe0f\ud83d\udfe1 \u274c Antes 15.90 \u20ac \ud83d\uded2: https:\/\/btz.es\/5cSM2D6 Sudadera Cl\u00e1sica con dise\u00f1o atemporal que ofrece comodidad y estilo para cualquier ocasi\u00f3n. Perfecta para el uso diario, con un ajuste relajado y materiales de alta calidad que garantizan durabilidad y suavidad al tacto. Ideal [&hellip;]<\/p>\n","protected":false},"featured_media":9452,"template":"","meta":{"_gspb_post_css":""},"store":[],"product_brand":[],"product_cat":[16],"product_tag":[],"class_list":{"0":"post-9453","1":"product","2":"type-product","3":"status-publish","4":"has-post-thumbnail","6":"product_cat-sin-categorizar","8":"first","9":"instock","10":"shipping-taxable","11":"product-type-external"},"jetpack_sharing_enabled":true,"_links":{"self":[{"href":"https:\/\/ofertacular.com\/index.php\/wp-json\/wp\/v2\/product\/9453","targetHints":{"allow":["GET"]}}],"collection":[{"href":"https:\/\/ofertacular.com\/index.php\/wp-json\/wp\/v2\/product"}],"about":[{"href":"https:\/\/ofertacular.com\/index.php\/wp-json\/wp\/v2\/types\/product"}],"wp:featuredmedia":[{"embeddable":true,"href":"https:\/\/ofertacular.com\/index.php\/wp-json\/wp\/v2\/media\/9452"}],"wp:attachment":[{"href":"https:\/\/ofertacular.com\/index.php\/wp-json\/wp\/v2\/media?parent=9453"}],"wp:term":[{"taxonomy":"store","embeddable":true,"href":"https:\/\/ofertacular.com\/index.php\/wp-json\/wp\/v2\/store?post=9453"},{"taxonomy":"product_brand","embeddable":true,"href":"https:\/\/ofertacular.com\/index.php\/wp-json\/wp\/v2\/product_brand?post=9453"},{"taxonomy":"product_cat","embeddable":true,"href":"https:\/\/ofertacular.com\/index.php\/wp-json\/wp\/v2\/product_cat?post=9453"},{"taxonomy":"product_tag","embeddable":true,"href":"https:\/\/ofertacular.com\/index.php\/wp-json\/wp\/v2\/product_tag?post=9453"}],"curies":[{"name":"wp","href":"https:\/\/api.w.org\/{rel}","templated":true}]}}