{"id":9522,"date":"2025-11-19T10:13:23","date_gmt":"2025-11-19T09:13:23","guid":{"rendered":"https:\/\/ofertacular.com\/index.php\/producto\/1005007596365337-2\/"},"modified":"2025-11-19T10:13:23","modified_gmt":"2025-11-19T09:13:23","slug":"1005007596365337-2","status":"publish","type":"product","link":"https:\/\/ofertacular.com\/index.php\/producto\/1005007596365337-2\/","title":{"rendered":"Aceite Oliva"},"content":{"rendered":"<div class=\"oferta-container\">\n<p>\ud83d\udfe5 <b>EXCLUSIVO<\/b> \ud83d\udfe5 #Publicidad #Amazon #<\/p>\n<p>\ud83d\udd34 <b>Aceite Oliva Aceite Extra Virgen<\/b><\/p>\n<p>\u2705 <b>AHORA 19.14 \u20ac<\/b> \u2714\ufe0f\ud83d\udfe1<\/p>\n<p>\u274c Antes 36.85 \u20ac<\/p>\n<p>\ud83c\udf9f Cup\u00f3n ESAE03<\/p>\n<p>\ud83d\uded2: <a href=\"https:\/\/btz.es\/5cZlmWe\" target=\"_blank\" rel=\"nofollow noopener\">https:\/\/btz.es\/5cZlmWe<\/a><\/p>\n<p>Descubre el aut\u00e9ntico sabor y la rica tradici\u00f3n que trae consigo nuestro Aceite de Oliva Extra Virgen. Este elixir de la salud es m\u00e1s que un simple condimento; es un regalo de la naturaleza que potencia tus platos mientras cuida de tu bienestar. Producido en la regi\u00f3n mediterr\u00e1nea, nuestro aceite est\u00e1 hecho de las mejores aceitunas, seleccionadas a mano en el momento \u00f3ptimo de maduraci\u00f3n para garantizar un perfil de sabor robusto y afrutado.<\/p>\n<p>El Aceite de Oliva Extra Virgen no solo es delicioso, sino que tambi\u00e9n es conocido por sus numerosos beneficios para la salud. Est\u00e1 repleto de antioxidantes y grasas saludables, espec\u00edficamente \u00e1cidos grasos monoinsaturados, que son esenciales para mantener un coraz\u00f3n sano y reducir el riesgo de enfermedades cardiovasculares. Adem\u00e1s, es una fuente rica en vitamina E, vital para mantener la piel radiante y joven. <\/p>\n<p>En la cocina, el Aceite de Oliva Extra Virgen puede utilizarse de m\u00faltiples maneras. Desde dressings para ensaladas, marinados para carnes, hasta un toque especial en tus platos de pasta. Su aroma y sabor caracter\u00edstico elevan cualquier receta, convirtiendo una comida ordinaria en un banquete gourmet. Gracias a su alto punto de humo, es ideal para usar en la fritura de alimentos, manteniendo su calidad y propiedades nutricionales. <\/p>\n<p>Si est\u00e1s buscando ser m\u00e1s saludable, incorporar Aceite de Oliva Extra Virgen en tu dieta diaria es un gran comienzo. Puedes utilizarlo en sustituci\u00f3n de otras grasas poco saludables y notar\u00e1s la diferencia no solo en el sabor, sino tambi\u00e9n en tu salud general. Este ingrediente vers\u00e1til tambi\u00e9n se adapta a diversas dietas, incluyendo la dieta mediterr\u00e1nea, que est\u00e1 asociada con un menor riesgo de enfermedades cr\u00f3nicas.<\/p>\n<p>Adem\u00e1s, nuestra producci\u00f3n sostenible respeta el medio ambiente y apoya a los agricultores locales, garantizando que cada botella est\u00e9 repleta de pureza y autenticidad. El Aceite de Oliva Extra Virgen es un producto natural, sin aditivos ni conservantes, lo que significa que puedes disfrutar de su sabor genuino, directamente desde el olivar a tu mesa.<\/p>\n<p>Por \u00faltimo, no olvides que el Aceite de Oliva Extra Virgen es un regalo perfecto para tus seres queridos. Empaquetado en una elegante botella, puede ser la opci\u00f3n ideal para un obsequio personalizado en cualquier ocasi\u00f3n, ya sea un cumplea\u00f1os, una boda o una celebraci\u00f3n especial. Comparte la experiencia de disfrutar de un producto de alta calidad que no solo deleita el paladar, sino que tambi\u00e9n nutre el cuerpo y el alma.<\/p>\n<\/p><\/div>\n","protected":false},"excerpt":{"rendered":"<p>\ud83d\udfe5 EXCLUSIVO \ud83d\udfe5 #Publicidad #Amazon # \ud83d\udd34 Aceite Oliva Aceite Extra Virgen \u2705 AHORA 19.14 \u20ac \u2714\ufe0f\ud83d\udfe1 \u274c Antes 36.85 \u20ac \ud83c\udf9f Cup\u00f3n ESAE03 \ud83d\uded2: https:\/\/btz.es\/5cZlmWe Descubre el aut\u00e9ntico sabor y la rica tradici\u00f3n que trae consigo nuestro Aceite de Oliva Extra Virgen. Este elixir de la salud es m\u00e1s que un simple condimento; es [&hellip;]<\/p>\n","protected":false},"featured_media":9521,"template":"","meta":{"_gspb_post_css":""},"store":[],"product_brand":[],"product_cat":[16],"product_tag":[],"class_list":{"0":"post-9522","1":"product","2":"type-product","3":"status-publish","4":"has-post-thumbnail","6":"product_cat-sin-categorizar","8":"first","9":"instock","10":"sale","11":"shipping-taxable","12":"product-type-external"},"jetpack_sharing_enabled":true,"_links":{"self":[{"href":"https:\/\/ofertacular.com\/index.php\/wp-json\/wp\/v2\/product\/9522","targetHints":{"allow":["GET"]}}],"collection":[{"href":"https:\/\/ofertacular.com\/index.php\/wp-json\/wp\/v2\/product"}],"about":[{"href":"https:\/\/ofertacular.com\/index.php\/wp-json\/wp\/v2\/types\/product"}],"wp:featuredmedia":[{"embeddable":true,"href":"https:\/\/ofertacular.com\/index.php\/wp-json\/wp\/v2\/media\/9521"}],"wp:attachment":[{"href":"https:\/\/ofertacular.com\/index.php\/wp-json\/wp\/v2\/media?parent=9522"}],"wp:term":[{"taxonomy":"store","embeddable":true,"href":"https:\/\/ofertacular.com\/index.php\/wp-json\/wp\/v2\/store?post=9522"},{"taxonomy":"product_brand","embeddable":true,"href":"https:\/\/ofertacular.com\/index.php\/wp-json\/wp\/v2\/product_brand?post=9522"},{"taxonomy":"product_cat","embeddable":true,"href":"https:\/\/ofertacular.com\/index.php\/wp-json\/wp\/v2\/product_cat?post=9522"},{"taxonomy":"product_tag","embeddable":true,"href":"https:\/\/ofertacular.com\/index.php\/wp-json\/wp\/v2\/product_tag?post=9522"}],"curies":[{"name":"wp","href":"https:\/\/api.w.org\/{rel}","templated":true}]}}