{"id":9524,"date":"2025-11-19T10:15:59","date_gmt":"2025-11-19T09:15:59","guid":{"rendered":"https:\/\/ofertacular.com\/index.php\/producto\/columbia-minx\/"},"modified":"2025-11-19T10:15:59","modified_gmt":"2025-11-19T09:15:59","slug":"columbia-minx","status":"publish","type":"product","link":"https:\/\/ofertacular.com\/index.php\/producto\/columbia-minx\/","title":{"rendered":"Columbia Minx"},"content":{"rendered":"<div class=\"oferta-container\">\n<p>\ud83d\udfe5 <b>AHORRA AQU\u00cd<\/b> \ud83d\udfe5 #Publicidad #Amazon #16<\/p>\n<p>\ud83d\udd34 <b>Botas Mujer <\/b><\/p>\n<p>\u2705 <b>AHORA 63 \u20ac<\/b> \u2714\ufe0f\ud83d\udfe1<\/p>\n<p>\u274c Antes 120.00 \u20ac<\/p>\n<p>\ud83d\uded2: <a href=\"https:\/\/btz.es\/5cZlRRW\" target=\"_blank\" rel=\"nofollow noopener\">https:\/\/btz.es\/5cZlRRW<\/a><\/p>\n<p>Descubre las Botas Minx de Columbia, dise\u00f1adas para ofrecer m\u00e1xima comodidad y protecci\u00f3n en climas fr\u00edos. Con tecnolog\u00eda avanzada impermeable y aislamiento t\u00e9rmico, estas botas son perfectas para mantenerse abrigada y elegante durante el invierno. Su dise\u00f1o moderno y materiales duraderos garantizan un rendimiento superior en cualquier aventura al aire libre.<\/p>\n<\/p><\/div>\n","protected":false},"excerpt":{"rendered":"<p>\ud83d\udfe5 AHORRA AQU\u00cd \ud83d\udfe5 #Publicidad #Amazon #16 \ud83d\udd34 Botas Mujer \u2705 AHORA 63 \u20ac \u2714\ufe0f\ud83d\udfe1 \u274c Antes 120.00 \u20ac \ud83d\uded2: https:\/\/btz.es\/5cZlRRW Descubre las Botas Minx de Columbia, dise\u00f1adas para ofrecer m\u00e1xima comodidad y protecci\u00f3n en climas fr\u00edos. Con tecnolog\u00eda avanzada impermeable y aislamiento t\u00e9rmico, estas botas son perfectas para mantenerse abrigada y elegante durante el [&hellip;]<\/p>\n","protected":false},"featured_media":9523,"template":"","meta":{"_gspb_post_css":""},"store":[],"product_brand":[],"product_cat":[16],"product_tag":[],"class_list":{"0":"post-9524","1":"product","2":"type-product","3":"status-publish","4":"has-post-thumbnail","6":"product_cat-sin-categorizar","8":"first","9":"instock","10":"sale","11":"shipping-taxable","12":"product-type-external"},"jetpack_sharing_enabled":true,"_links":{"self":[{"href":"https:\/\/ofertacular.com\/index.php\/wp-json\/wp\/v2\/product\/9524","targetHints":{"allow":["GET"]}}],"collection":[{"href":"https:\/\/ofertacular.com\/index.php\/wp-json\/wp\/v2\/product"}],"about":[{"href":"https:\/\/ofertacular.com\/index.php\/wp-json\/wp\/v2\/types\/product"}],"wp:featuredmedia":[{"embeddable":true,"href":"https:\/\/ofertacular.com\/index.php\/wp-json\/wp\/v2\/media\/9523"}],"wp:attachment":[{"href":"https:\/\/ofertacular.com\/index.php\/wp-json\/wp\/v2\/media?parent=9524"}],"wp:term":[{"taxonomy":"store","embeddable":true,"href":"https:\/\/ofertacular.com\/index.php\/wp-json\/wp\/v2\/store?post=9524"},{"taxonomy":"product_brand","embeddable":true,"href":"https:\/\/ofertacular.com\/index.php\/wp-json\/wp\/v2\/product_brand?post=9524"},{"taxonomy":"product_cat","embeddable":true,"href":"https:\/\/ofertacular.com\/index.php\/wp-json\/wp\/v2\/product_cat?post=9524"},{"taxonomy":"product_tag","embeddable":true,"href":"https:\/\/ofertacular.com\/index.php\/wp-json\/wp\/v2\/product_tag?post=9524"}],"curies":[{"name":"wp","href":"https:\/\/api.w.org\/{rel}","templated":true}]}}