{"id":9540,"date":"2025-11-19T11:50:39","date_gmt":"2025-11-19T10:50:39","guid":{"rendered":"https:\/\/ofertacular.com\/index.php\/producto\/adidas-shoes-18\/"},"modified":"2025-11-19T11:50:39","modified_gmt":"2025-11-19T10:50:39","slug":"adidas-shoes-18","status":"publish","type":"product","link":"https:\/\/ofertacular.com\/index.php\/producto\/adidas-shoes-18\/","title":{"rendered":"adidas Shoes"},"content":{"rendered":"<div class=\"oferta-container\">\n<p>\ud83d\udfe5 <b>\u00a1OFERT\u00d3N!<\/b> \ud83d\udfe5 #Publicidad #Amazon #16<\/p>\n<p>\ud83d\udd34 <b>Zapatillas Adidas <\/b><\/p>\n<p>\u2705 <b>AHORA 28.88 \u20ac<\/b> \u2714\ufe0f\ud83d\udfe1<\/p>\n<p>\u274c Antes 55.00 \u20ac<\/p>\n<p>\ud83d\uded2: <a href=\"https:\/\/btz.es\/5cZ9HLF\" target=\"_blank\" rel=\"nofollow noopener\">https:\/\/btz.es\/5cZ9HLF<\/a><\/p>\n<p>Descubre las zapatillas Adidas, dise\u00f1adas para ofrecer m\u00e1ximo confort y rendimiento en cada paso. Estas deportivas son ideales para actividades f\u00edsicas y uso diario, combinando estilo y funcionalidad. Con tecnolog\u00eda avanzada y dise\u00f1o innovador, las zapatillas Adidas garantizan durabilidad y una experiencia excepcional. Perfectas para quienes buscan calidad y tendencia en calzado deportivo.<\/p>\n<\/p><\/div>\n","protected":false},"excerpt":{"rendered":"<p>\ud83d\udfe5 \u00a1OFERT\u00d3N! \ud83d\udfe5 #Publicidad #Amazon #16 \ud83d\udd34 Zapatillas Adidas \u2705 AHORA 28.88 \u20ac \u2714\ufe0f\ud83d\udfe1 \u274c Antes 55.00 \u20ac \ud83d\uded2: https:\/\/btz.es\/5cZ9HLF Descubre las zapatillas Adidas, dise\u00f1adas para ofrecer m\u00e1ximo confort y rendimiento en cada paso. Estas deportivas son ideales para actividades f\u00edsicas y uso diario, combinando estilo y funcionalidad. Con tecnolog\u00eda avanzada y dise\u00f1o innovador, las [&hellip;]<\/p>\n","protected":false},"featured_media":9539,"template":"","meta":{"_gspb_post_css":""},"store":[],"product_brand":[],"product_cat":[16],"product_tag":[],"class_list":{"0":"post-9540","1":"product","2":"type-product","3":"status-publish","4":"has-post-thumbnail","6":"product_cat-sin-categorizar","8":"first","9":"instock","10":"sale","11":"shipping-taxable","12":"product-type-external"},"jetpack_sharing_enabled":true,"_links":{"self":[{"href":"https:\/\/ofertacular.com\/index.php\/wp-json\/wp\/v2\/product\/9540","targetHints":{"allow":["GET"]}}],"collection":[{"href":"https:\/\/ofertacular.com\/index.php\/wp-json\/wp\/v2\/product"}],"about":[{"href":"https:\/\/ofertacular.com\/index.php\/wp-json\/wp\/v2\/types\/product"}],"wp:featuredmedia":[{"embeddable":true,"href":"https:\/\/ofertacular.com\/index.php\/wp-json\/wp\/v2\/media\/9539"}],"wp:attachment":[{"href":"https:\/\/ofertacular.com\/index.php\/wp-json\/wp\/v2\/media?parent=9540"}],"wp:term":[{"taxonomy":"store","embeddable":true,"href":"https:\/\/ofertacular.com\/index.php\/wp-json\/wp\/v2\/store?post=9540"},{"taxonomy":"product_brand","embeddable":true,"href":"https:\/\/ofertacular.com\/index.php\/wp-json\/wp\/v2\/product_brand?post=9540"},{"taxonomy":"product_cat","embeddable":true,"href":"https:\/\/ofertacular.com\/index.php\/wp-json\/wp\/v2\/product_cat?post=9540"},{"taxonomy":"product_tag","embeddable":true,"href":"https:\/\/ofertacular.com\/index.php\/wp-json\/wp\/v2\/product_tag?post=9540"}],"curies":[{"name":"wp","href":"https:\/\/api.w.org\/{rel}","templated":true}]}}