{"id":9560,"date":"2025-11-19T12:02:19","date_gmt":"2025-11-19T11:02:19","guid":{"rendered":"https:\/\/ofertacular.com\/index.php\/producto\/eureka-robot\/"},"modified":"2025-11-19T12:02:19","modified_gmt":"2025-11-19T11:02:19","slug":"eureka-robot","status":"publish","type":"product","link":"https:\/\/ofertacular.com\/index.php\/producto\/eureka-robot\/","title":{"rendered":"Eureka Robot"},"content":{"rendered":"<div class=\"oferta-container\">\n<p>\ud83d\udfe5 <b>DESCUENTO<\/b> \ud83d\udfe5 #Publicidad #Amazon #16<\/p>\n<p>\ud83d\udd34 <b>Robot Eureka <\/b><\/p>\n<p>\u2705 <b>AHORA 133.4 \u20ac<\/b> \u2714\ufe0f\ud83d\udfe1<\/p>\n<p>\u274c Antes 399.00 \u20ac<\/p>\n<p>\ud83d\uded2: <a href=\"https:\/\/btz.es\/5cZCDCZ\" target=\"_blank\" rel=\"nofollow noopener\">https:\/\/btz.es\/5cZCDCZ<\/a><\/p>\n<p>Descubre el Robot Eureka, una revolucionaria innovaci\u00f3n en tecnolog\u00eda rob\u00f3tica dise\u00f1ada para simplificar y potenciar tus tareas diarias. Este robot multifuncional combina precisi\u00f3n avanzada con facilidad de uso, convirti\u00e9ndose en el asistente ideal para hogares y oficinas. Ideal para entusiastas de la tecnolog\u00eda y profesionales que buscan eficiencia y confiabilidad en un dispositivo ultra moderno. Optimizado para ofrecer el mejor rendimiento y experiencia de usuario, el Robot Eureka es tu aliado perfecto para optimizar tiempo y resultados.<\/p>\n<\/p><\/div>\n","protected":false},"excerpt":{"rendered":"<p>\ud83d\udfe5 DESCUENTO \ud83d\udfe5 #Publicidad #Amazon #16 \ud83d\udd34 Robot Eureka \u2705 AHORA 133.4 \u20ac \u2714\ufe0f\ud83d\udfe1 \u274c Antes 399.00 \u20ac \ud83d\uded2: https:\/\/btz.es\/5cZCDCZ Descubre el Robot Eureka, una revolucionaria innovaci\u00f3n en tecnolog\u00eda rob\u00f3tica dise\u00f1ada para simplificar y potenciar tus tareas diarias. Este robot multifuncional combina precisi\u00f3n avanzada con facilidad de uso, convirti\u00e9ndose en el asistente ideal para hogares [&hellip;]<\/p>\n","protected":false},"featured_media":9559,"template":"","meta":{"_gspb_post_css":""},"store":[],"product_brand":[],"product_cat":[16],"product_tag":[],"class_list":{"0":"post-9560","1":"product","2":"type-product","3":"status-publish","4":"has-post-thumbnail","6":"product_cat-sin-categorizar","8":"first","9":"instock","10":"sale","11":"shipping-taxable","12":"product-type-external"},"jetpack_sharing_enabled":true,"_links":{"self":[{"href":"https:\/\/ofertacular.com\/index.php\/wp-json\/wp\/v2\/product\/9560","targetHints":{"allow":["GET"]}}],"collection":[{"href":"https:\/\/ofertacular.com\/index.php\/wp-json\/wp\/v2\/product"}],"about":[{"href":"https:\/\/ofertacular.com\/index.php\/wp-json\/wp\/v2\/types\/product"}],"wp:featuredmedia":[{"embeddable":true,"href":"https:\/\/ofertacular.com\/index.php\/wp-json\/wp\/v2\/media\/9559"}],"wp:attachment":[{"href":"https:\/\/ofertacular.com\/index.php\/wp-json\/wp\/v2\/media?parent=9560"}],"wp:term":[{"taxonomy":"store","embeddable":true,"href":"https:\/\/ofertacular.com\/index.php\/wp-json\/wp\/v2\/store?post=9560"},{"taxonomy":"product_brand","embeddable":true,"href":"https:\/\/ofertacular.com\/index.php\/wp-json\/wp\/v2\/product_brand?post=9560"},{"taxonomy":"product_cat","embeddable":true,"href":"https:\/\/ofertacular.com\/index.php\/wp-json\/wp\/v2\/product_cat?post=9560"},{"taxonomy":"product_tag","embeddable":true,"href":"https:\/\/ofertacular.com\/index.php\/wp-json\/wp\/v2\/product_tag?post=9560"}],"curies":[{"name":"wp","href":"https:\/\/api.w.org\/{rel}","templated":true}]}}