{"id":9602,"date":"2025-11-20T10:44:08","date_gmt":"2025-11-20T09:44:08","guid":{"rendered":"https:\/\/ofertacular.com\/index.php\/producto\/super-compressor\/"},"modified":"2025-11-20T10:44:08","modified_gmt":"2025-11-20T09:44:08","slug":"super-compressor","status":"publish","type":"product","link":"https:\/\/ofertacular.com\/index.php\/producto\/super-compressor\/","title":{"rendered":"Super Compressor"},"content":{"rendered":"<div class=\"oferta-container\">\n<p>\ud83d\udfe5 <b>\u00a1APROVECHA!<\/b> \ud83d\udfe5 #Publicidad #Amazon #16<\/p>\n<p>\ud83d\udd34 <b>Super Compressor <\/b><\/p>\n<p>\u2705 <b>AHORA 14.95 \u20ac<\/b> \u2714\ufe0f\ud83d\udfe1<\/p>\n<p>\u274c Antes 19.95 \u20ac<\/p>\n<p>\ud83d\uded2: <a href=\"https:\/\/btz.es\/5dfj36s\" target=\"_blank\" rel=\"nofollow noopener\">https:\/\/btz.es\/5dfj36s<\/a><\/p>\n<p>Explora la excelencia en relojer\u00eda con el Super Compressor, un reloj ic\u00f3nico que combina innovaci\u00f3n y precisi\u00f3n suiza. Ideal para aficionados y coleccionistas, este reloj destaca por su resistencia al agua, dise\u00f1o cl\u00e1sico y mecanismo de alta calidad. Optimizado para quienes buscan durabilidad y estilo en cada detalle, el Super Compressor es la elecci\u00f3n perfecta para un rendimiento excepcional y una est\u00e9tica atemporal.<\/p>\n<\/p><\/div>\n","protected":false},"excerpt":{"rendered":"<p>\ud83d\udfe5 \u00a1APROVECHA! \ud83d\udfe5 #Publicidad #Amazon #16 \ud83d\udd34 Super Compressor \u2705 AHORA 14.95 \u20ac \u2714\ufe0f\ud83d\udfe1 \u274c Antes 19.95 \u20ac \ud83d\uded2: https:\/\/btz.es\/5dfj36s Explora la excelencia en relojer\u00eda con el Super Compressor, un reloj ic\u00f3nico que combina innovaci\u00f3n y precisi\u00f3n suiza. Ideal para aficionados y coleccionistas, este reloj destaca por su resistencia al agua, dise\u00f1o cl\u00e1sico y mecanismo [&hellip;]<\/p>\n","protected":false},"featured_media":9601,"template":"","meta":{"_gspb_post_css":""},"store":[],"product_brand":[],"product_cat":[16],"product_tag":[],"class_list":{"0":"post-9602","1":"product","2":"type-product","3":"status-publish","4":"has-post-thumbnail","6":"product_cat-sin-categorizar","8":"first","9":"instock","10":"sale","11":"shipping-taxable","12":"product-type-external"},"jetpack_sharing_enabled":true,"_links":{"self":[{"href":"https:\/\/ofertacular.com\/index.php\/wp-json\/wp\/v2\/product\/9602","targetHints":{"allow":["GET"]}}],"collection":[{"href":"https:\/\/ofertacular.com\/index.php\/wp-json\/wp\/v2\/product"}],"about":[{"href":"https:\/\/ofertacular.com\/index.php\/wp-json\/wp\/v2\/types\/product"}],"wp:featuredmedia":[{"embeddable":true,"href":"https:\/\/ofertacular.com\/index.php\/wp-json\/wp\/v2\/media\/9601"}],"wp:attachment":[{"href":"https:\/\/ofertacular.com\/index.php\/wp-json\/wp\/v2\/media?parent=9602"}],"wp:term":[{"taxonomy":"store","embeddable":true,"href":"https:\/\/ofertacular.com\/index.php\/wp-json\/wp\/v2\/store?post=9602"},{"taxonomy":"product_brand","embeddable":true,"href":"https:\/\/ofertacular.com\/index.php\/wp-json\/wp\/v2\/product_brand?post=9602"},{"taxonomy":"product_cat","embeddable":true,"href":"https:\/\/ofertacular.com\/index.php\/wp-json\/wp\/v2\/product_cat?post=9602"},{"taxonomy":"product_tag","embeddable":true,"href":"https:\/\/ofertacular.com\/index.php\/wp-json\/wp\/v2\/product_tag?post=9602"}],"curies":[{"name":"wp","href":"https:\/\/api.w.org\/{rel}","templated":true}]}}