{"id":9604,"date":"2025-11-20T10:45:05","date_gmt":"2025-11-20T09:45:05","guid":{"rendered":"https:\/\/ofertacular.com\/index.php\/producto\/one-piece-2\/"},"modified":"2025-11-20T10:45:05","modified_gmt":"2025-11-20T09:45:05","slug":"one-piece-2","status":"publish","type":"product","link":"https:\/\/ofertacular.com\/index.php\/producto\/one-piece-2\/","title":{"rendered":"One Piece"},"content":{"rendered":"<div class=\"oferta-container\">\ud83d\udfea <b>FUNKO OFERTA<\/b> \ud83d\udfea #Publicidad #Amazon\ud83d\udfe3 <b> Funko POP! One Piece Luffy Pirate<\/b> \u2705 <b>AHORA 14.4 \u20ac<\/b> \u2714\ufe0f\ud83d\udfe1\u274c Antes 18.00 \u20ac \u20ac \ud83d\uded2: https:\/\/btz.es\/5dfjIb5\ud83d\udfe2 Ofertacular.com<\/p>\n<p>Descubre la incre\u00edble figura Funko POP! One Piece de Luffy Pirate, un imprescindible para los amantes del anime y los coleccionistas. Esta figura vinilo captura a la perfecci\u00f3n la esencia del carism\u00e1tico protagonista de One Piece, ideal para exhibir o regalar. Aprovecha esta exclusiva pieza de colecci\u00f3n, perfecta para fans que quieren mostrar su pasi\u00f3n por esta ic\u00f3nica serie. Consigue ya la figura Funko POP! One Piece Luffy Pirate y eleva tu colecci\u00f3n al siguiente nivel con un producto de alta calidad y dise\u00f1o \u00fanico.<\/p>\n<\/div>\n","protected":false},"excerpt":{"rendered":"<p>\ud83d\udfea FUNKO OFERTA \ud83d\udfea #Publicidad #Amazon\ud83d\udfe3 Funko POP! One Piece Luffy Pirate \u2705 AHORA 14.4 \u20ac \u2714\ufe0f\ud83d\udfe1\u274c Antes 18.00 \u20ac \u20ac \ud83d\uded2: https:\/\/btz.es\/5dfjIb5\ud83d\udfe2 Ofertacular.com Descubre la incre\u00edble figura Funko POP! One Piece de Luffy Pirate, un imprescindible para los amantes del anime y los coleccionistas. Esta figura vinilo captura a la perfecci\u00f3n la esencia del [&hellip;]<\/p>\n","protected":false},"featured_media":9603,"template":"","meta":{"_gspb_post_css":""},"store":[],"product_brand":[],"product_cat":[16],"product_tag":[],"class_list":{"0":"post-9604","1":"product","2":"type-product","3":"status-publish","4":"has-post-thumbnail","6":"product_cat-sin-categorizar","8":"first","9":"instock","10":"sale","11":"shipping-taxable","12":"product-type-external"},"jetpack_sharing_enabled":true,"_links":{"self":[{"href":"https:\/\/ofertacular.com\/index.php\/wp-json\/wp\/v2\/product\/9604","targetHints":{"allow":["GET"]}}],"collection":[{"href":"https:\/\/ofertacular.com\/index.php\/wp-json\/wp\/v2\/product"}],"about":[{"href":"https:\/\/ofertacular.com\/index.php\/wp-json\/wp\/v2\/types\/product"}],"wp:featuredmedia":[{"embeddable":true,"href":"https:\/\/ofertacular.com\/index.php\/wp-json\/wp\/v2\/media\/9603"}],"wp:attachment":[{"href":"https:\/\/ofertacular.com\/index.php\/wp-json\/wp\/v2\/media?parent=9604"}],"wp:term":[{"taxonomy":"store","embeddable":true,"href":"https:\/\/ofertacular.com\/index.php\/wp-json\/wp\/v2\/store?post=9604"},{"taxonomy":"product_brand","embeddable":true,"href":"https:\/\/ofertacular.com\/index.php\/wp-json\/wp\/v2\/product_brand?post=9604"},{"taxonomy":"product_cat","embeddable":true,"href":"https:\/\/ofertacular.com\/index.php\/wp-json\/wp\/v2\/product_cat?post=9604"},{"taxonomy":"product_tag","embeddable":true,"href":"https:\/\/ofertacular.com\/index.php\/wp-json\/wp\/v2\/product_tag?post=9604"}],"curies":[{"name":"wp","href":"https:\/\/api.w.org\/{rel}","templated":true}]}}