{"id":9612,"date":"2025-11-20T16:28:19","date_gmt":"2025-11-20T15:28:19","guid":{"rendered":"https:\/\/ofertacular.com\/index.php\/producto\/nespresso-vertuo-3\/"},"modified":"2025-11-20T16:28:19","modified_gmt":"2025-11-20T15:28:19","slug":"nespresso-vertuo-3","status":"publish","type":"product","link":"https:\/\/ofertacular.com\/index.php\/producto\/nespresso-vertuo-3\/","title":{"rendered":"Nespresso Vertuo"},"content":{"rendered":"<div class=\"oferta-container\">\n<p>\ud83d\udfe5 <b>AHORRA AQU\u00cd<\/b> \ud83d\udfe5 #Publicidad #Amazon #16<\/p>\n<p>\ud83d\udd34 <b>Cafetera Nespresso <\/b><\/p>\n<p>\u2705 <b>AHORA 40.5 \u20ac<\/b> \u2714\ufe0f\ud83d\udfe1<\/p>\n<p>\u274c Antes 99.00 \u20ac<\/p>\n<p>\ud83d\uded2: <a href=\"https:\/\/btz.es\/5dg8hz5\" target=\"_blank\" rel=\"nofollow noopener\">https:\/\/btz.es\/5dg8hz5<\/a><\/p>\n<p>Descubre la Cafetera Nespresso Vertuo, innovadora y f\u00e1cil de usar, dise\u00f1ada para preparar caf\u00e9 con c\u00e1psulas Vertuo que ofrecen un sabor intenso y una crema perfecta en cada taza. Ideal para los amantes del caf\u00e9 que buscan calidad y comodidad en un solo aparato. Perfecta para uso dom\u00e9stico y oficinas, esta cafetera combina tecnolog\u00eda avanzada y estilo elegante. Optimizada para brindar una experiencia \u00fanica, disfruta de diferentes tama\u00f1os y variedades de caf\u00e9 con solo un bot\u00f3n. Compra ahora y transforma tu rutina de caf\u00e9 con Nespresso Vertuo.<\/p>\n<\/p><\/div>\n","protected":false},"excerpt":{"rendered":"<p>\ud83d\udfe5 AHORRA AQU\u00cd \ud83d\udfe5 #Publicidad #Amazon #16 \ud83d\udd34 Cafetera Nespresso \u2705 AHORA 40.5 \u20ac \u2714\ufe0f\ud83d\udfe1 \u274c Antes 99.00 \u20ac \ud83d\uded2: https:\/\/btz.es\/5dg8hz5 Descubre la Cafetera Nespresso Vertuo, innovadora y f\u00e1cil de usar, dise\u00f1ada para preparar caf\u00e9 con c\u00e1psulas Vertuo que ofrecen un sabor intenso y una crema perfecta en cada taza. Ideal para los amantes del [&hellip;]<\/p>\n","protected":false},"featured_media":9611,"template":"","meta":{"_gspb_post_css":""},"store":[],"product_brand":[],"product_cat":[16],"product_tag":[],"class_list":{"0":"post-9612","1":"product","2":"type-product","3":"status-publish","4":"has-post-thumbnail","6":"product_cat-sin-categorizar","8":"first","9":"instock","10":"sale","11":"shipping-taxable","12":"product-type-external"},"jetpack_sharing_enabled":true,"_links":{"self":[{"href":"https:\/\/ofertacular.com\/index.php\/wp-json\/wp\/v2\/product\/9612","targetHints":{"allow":["GET"]}}],"collection":[{"href":"https:\/\/ofertacular.com\/index.php\/wp-json\/wp\/v2\/product"}],"about":[{"href":"https:\/\/ofertacular.com\/index.php\/wp-json\/wp\/v2\/types\/product"}],"wp:featuredmedia":[{"embeddable":true,"href":"https:\/\/ofertacular.com\/index.php\/wp-json\/wp\/v2\/media\/9611"}],"wp:attachment":[{"href":"https:\/\/ofertacular.com\/index.php\/wp-json\/wp\/v2\/media?parent=9612"}],"wp:term":[{"taxonomy":"store","embeddable":true,"href":"https:\/\/ofertacular.com\/index.php\/wp-json\/wp\/v2\/store?post=9612"},{"taxonomy":"product_brand","embeddable":true,"href":"https:\/\/ofertacular.com\/index.php\/wp-json\/wp\/v2\/product_brand?post=9612"},{"taxonomy":"product_cat","embeddable":true,"href":"https:\/\/ofertacular.com\/index.php\/wp-json\/wp\/v2\/product_cat?post=9612"},{"taxonomy":"product_tag","embeddable":true,"href":"https:\/\/ofertacular.com\/index.php\/wp-json\/wp\/v2\/product_tag?post=9612"}],"curies":[{"name":"wp","href":"https:\/\/api.w.org\/{rel}","templated":true}]}}