{"id":9624,"date":"2025-11-21T07:54:27","date_gmt":"2025-11-21T06:54:27","guid":{"rendered":"https:\/\/ofertacular.com\/index.php\/producto\/carl-wheezer\/"},"modified":"2025-11-21T07:54:27","modified_gmt":"2025-11-21T06:54:27","slug":"carl-wheezer","status":"publish","type":"product","link":"https:\/\/ofertacular.com\/index.php\/producto\/carl-wheezer\/","title":{"rendered":"Carl Wheezer"},"content":{"rendered":"<div class=\"oferta-container\">\ud83d\udfea <b>FUNKO PRECIO<\/b> \ud83d\udfea #Publicidad #Amazon\ud83d\udfe3 <b> Funko POP! Animaniacs Carl Wheezer<\/b> \u2705 <b>AHORA 10.44 \u20ac<\/b> \u2714\ufe0f\ud83d\udfe1\u274c Antes 16.00 \u20ac \u20ac \ud83d\uded2: https:\/\/btz.es\/5dktrOz\ud83d\udfe2 Ofertacular.com<\/p>\n<p>Descubre el Funko POP! Carl Wheezer, una espectacular figura de vinilo del ic\u00f3nico personaje de Animaniacs. Esta pieza de colecci\u00f3n es perfecta para los fans de la serie animada y los amantes de figuras \u00fanicas. Ideal para exhibir en tu habitaci\u00f3n, oficina o como parte de tu colecci\u00f3n personal. La figura destaca por su dise\u00f1o detallado y colores vibrantes, garantizando autenticidad y calidad. Consigue ahora este Funko POP! Carl Wheezer y a\u00f1ade un toque nost\u00e1lgico y divertido a tu espacio. Producto imprescindible para coleccionistas y aficionados a Animaniacs.<\/p>\n<\/div>\n","protected":false},"excerpt":{"rendered":"<p>\ud83d\udfea FUNKO PRECIO \ud83d\udfea #Publicidad #Amazon\ud83d\udfe3 Funko POP! Animaniacs Carl Wheezer \u2705 AHORA 10.44 \u20ac \u2714\ufe0f\ud83d\udfe1\u274c Antes 16.00 \u20ac \u20ac \ud83d\uded2: https:\/\/btz.es\/5dktrOz\ud83d\udfe2 Ofertacular.com Descubre el Funko POP! Carl Wheezer, una espectacular figura de vinilo del ic\u00f3nico personaje de Animaniacs. Esta pieza de colecci\u00f3n es perfecta para los fans de la serie animada y los amantes [&hellip;]<\/p>\n","protected":false},"featured_media":9623,"template":"","meta":{"_gspb_post_css":""},"store":[],"product_brand":[],"product_cat":[16],"product_tag":[],"class_list":{"0":"post-9624","1":"product","2":"type-product","3":"status-publish","4":"has-post-thumbnail","6":"product_cat-sin-categorizar","8":"first","9":"instock","10":"sale","11":"shipping-taxable","12":"product-type-external"},"jetpack_sharing_enabled":true,"_links":{"self":[{"href":"https:\/\/ofertacular.com\/index.php\/wp-json\/wp\/v2\/product\/9624","targetHints":{"allow":["GET"]}}],"collection":[{"href":"https:\/\/ofertacular.com\/index.php\/wp-json\/wp\/v2\/product"}],"about":[{"href":"https:\/\/ofertacular.com\/index.php\/wp-json\/wp\/v2\/types\/product"}],"wp:featuredmedia":[{"embeddable":true,"href":"https:\/\/ofertacular.com\/index.php\/wp-json\/wp\/v2\/media\/9623"}],"wp:attachment":[{"href":"https:\/\/ofertacular.com\/index.php\/wp-json\/wp\/v2\/media?parent=9624"}],"wp:term":[{"taxonomy":"store","embeddable":true,"href":"https:\/\/ofertacular.com\/index.php\/wp-json\/wp\/v2\/store?post=9624"},{"taxonomy":"product_brand","embeddable":true,"href":"https:\/\/ofertacular.com\/index.php\/wp-json\/wp\/v2\/product_brand?post=9624"},{"taxonomy":"product_cat","embeddable":true,"href":"https:\/\/ofertacular.com\/index.php\/wp-json\/wp\/v2\/product_cat?post=9624"},{"taxonomy":"product_tag","embeddable":true,"href":"https:\/\/ofertacular.com\/index.php\/wp-json\/wp\/v2\/product_tag?post=9624"}],"curies":[{"name":"wp","href":"https:\/\/api.w.org\/{rel}","templated":true}]}}