{"id":9626,"date":"2025-11-21T08:16:45","date_gmt":"2025-11-21T07:16:45","guid":{"rendered":"https:\/\/ofertacular.com\/index.php\/producto\/playstation-5-5\/"},"modified":"2025-11-21T08:16:45","modified_gmt":"2025-11-21T07:16:45","slug":"playstation-5-5","status":"publish","type":"product","link":"https:\/\/ofertacular.com\/index.php\/producto\/playstation-5-5\/","title":{"rendered":"Playstation 5"},"content":{"rendered":"<div class=\"oferta-container\">\n<p>\ud83d\udfe5 <b>EXCLUSIVO<\/b> \ud83d\udfe5 #Publicidad #Amazon #16<\/p>\n<p>\ud83d\udd34 <b>Consola Playstation <\/b><\/p>\n<p>\u2705 <b>AHORA 349 \u20ac<\/b> \u2714\ufe0f\ud83d\udfe1<\/p>\n<p>\u274c Antes 429.00 \u20ac<\/p>\n<p>\ud83d\uded2: <a href=\"https:\/\/btz.es\/5dkyTBQ\" target=\"_blank\" rel=\"nofollow noopener\">https:\/\/btz.es\/5dkyTBQ<\/a><\/p>\n<p>Experimenta el m\u00e1ximo rendimiento y gr\u00e1ficos de \u00faltima generaci\u00f3n con la consola Playstation 5. Disfruta de una jugabilidad fluida y tiempos de carga ultra r\u00e1pidos gracias a su innovador hardware, dise\u00f1ado especialmente para los gamers m\u00e1s exigentes. La Playstation 5 es la elecci\u00f3n ideal para quienes buscan la mejor experiencia en videojuegos, con una amplia biblioteca de t\u00edtulos exclusivos y compatibilidad con accesorios de \u00faltima generaci\u00f3n.<\/p>\n<\/p><\/div>\n","protected":false},"excerpt":{"rendered":"<p>\ud83d\udfe5 EXCLUSIVO \ud83d\udfe5 #Publicidad #Amazon #16 \ud83d\udd34 Consola Playstation \u2705 AHORA 349 \u20ac \u2714\ufe0f\ud83d\udfe1 \u274c Antes 429.00 \u20ac \ud83d\uded2: https:\/\/btz.es\/5dkyTBQ Experimenta el m\u00e1ximo rendimiento y gr\u00e1ficos de \u00faltima generaci\u00f3n con la consola Playstation 5. Disfruta de una jugabilidad fluida y tiempos de carga ultra r\u00e1pidos gracias a su innovador hardware, dise\u00f1ado especialmente para los gamers [&hellip;]<\/p>\n","protected":false},"featured_media":9625,"template":"","meta":{"_gspb_post_css":""},"store":[],"product_brand":[],"product_cat":[16],"product_tag":[],"class_list":{"0":"post-9626","1":"product","2":"type-product","3":"status-publish","4":"has-post-thumbnail","6":"product_cat-sin-categorizar","8":"first","9":"instock","10":"sale","11":"shipping-taxable","12":"product-type-external"},"jetpack_sharing_enabled":true,"_links":{"self":[{"href":"https:\/\/ofertacular.com\/index.php\/wp-json\/wp\/v2\/product\/9626","targetHints":{"allow":["GET"]}}],"collection":[{"href":"https:\/\/ofertacular.com\/index.php\/wp-json\/wp\/v2\/product"}],"about":[{"href":"https:\/\/ofertacular.com\/index.php\/wp-json\/wp\/v2\/types\/product"}],"wp:featuredmedia":[{"embeddable":true,"href":"https:\/\/ofertacular.com\/index.php\/wp-json\/wp\/v2\/media\/9625"}],"wp:attachment":[{"href":"https:\/\/ofertacular.com\/index.php\/wp-json\/wp\/v2\/media?parent=9626"}],"wp:term":[{"taxonomy":"store","embeddable":true,"href":"https:\/\/ofertacular.com\/index.php\/wp-json\/wp\/v2\/store?post=9626"},{"taxonomy":"product_brand","embeddable":true,"href":"https:\/\/ofertacular.com\/index.php\/wp-json\/wp\/v2\/product_brand?post=9626"},{"taxonomy":"product_cat","embeddable":true,"href":"https:\/\/ofertacular.com\/index.php\/wp-json\/wp\/v2\/product_cat?post=9626"},{"taxonomy":"product_tag","embeddable":true,"href":"https:\/\/ofertacular.com\/index.php\/wp-json\/wp\/v2\/product_tag?post=9626"}],"curies":[{"name":"wp","href":"https:\/\/api.w.org\/{rel}","templated":true}]}}