{"id":9644,"date":"2025-11-21T14:15:00","date_gmt":"2025-11-21T13:15:00","guid":{"rendered":"https:\/\/ofertacular.com\/index.php\/producto\/1005009708483678\/"},"modified":"2025-11-21T14:15:00","modified_gmt":"2025-11-21T13:15:00","slug":"1005009708483678","status":"publish","type":"product","link":"https:\/\/ofertacular.com\/index.php\/producto\/1005009708483678\/","title":{"rendered":"Carplay Adapter"},"content":{"rendered":"<div class=\"oferta-container\">\n<p>\ud83d\udfe5 <b>GRAN OFERTA<\/b> \ud83d\udfe5 #Publicidad #Amazon #<\/p>\n<p>\ud83d\udd34 <b>Adaptador Carplay <\/b><\/p>\n<p>\u2705 <b>AHORA 14.34\u20ac \u20ac<\/b> \u2714\ufe0f\ud83d\udfe1<\/p>\n<p>\u274c Antes 49.36 \u20ac<\/p>\n<p>\ud83d\uded2: <a href=\"https:\/\/btz.es\/5dlRfY0\" target=\"_blank\" rel=\"nofollow noopener\">https:\/\/btz.es\/5dlRfY0<\/a><\/p>\n<p>Adaptador Carplay para conectar y disfrutar de Apple Carplay en tu veh\u00edculo de manera sencilla y r\u00e1pida. Compatible con la mayor\u00eda de veh\u00edculos, este adaptador te permite utilizar aplicaciones de iPhone directamente en la pantalla del coche, mejorando la experiencia de conducci\u00f3n y seguridad. Ideal para quienes buscan integrar tecnolog\u00eda avanzada y conectar su dispositivo Apple sin complicaciones. Compatible con iOS, f\u00e1cil de instalar y con dise\u00f1o compacto y duradero. Disfruta de navegaci\u00f3n GPS, llamadas manos libres, m\u00fasica y mucho m\u00e1s con este adaptador Carplay de alta calidad.<\/p>\n<\/p><\/div>\n","protected":false},"excerpt":{"rendered":"<p>\ud83d\udfe5 GRAN OFERTA \ud83d\udfe5 #Publicidad #Amazon # \ud83d\udd34 Adaptador Carplay \u2705 AHORA 14.34\u20ac \u20ac \u2714\ufe0f\ud83d\udfe1 \u274c Antes 49.36 \u20ac \ud83d\uded2: https:\/\/btz.es\/5dlRfY0 Adaptador Carplay para conectar y disfrutar de Apple Carplay en tu veh\u00edculo de manera sencilla y r\u00e1pida. Compatible con la mayor\u00eda de veh\u00edculos, este adaptador te permite utilizar aplicaciones de iPhone directamente en la [&hellip;]<\/p>\n","protected":false},"featured_media":9643,"template":"","meta":{"_gspb_post_css":""},"store":[],"product_brand":[],"product_cat":[16],"product_tag":[],"class_list":{"0":"post-9644","1":"product","2":"type-product","3":"status-publish","4":"has-post-thumbnail","6":"product_cat-sin-categorizar","8":"first","9":"instock","10":"shipping-taxable","11":"product-type-external"},"jetpack_sharing_enabled":true,"_links":{"self":[{"href":"https:\/\/ofertacular.com\/index.php\/wp-json\/wp\/v2\/product\/9644","targetHints":{"allow":["GET"]}}],"collection":[{"href":"https:\/\/ofertacular.com\/index.php\/wp-json\/wp\/v2\/product"}],"about":[{"href":"https:\/\/ofertacular.com\/index.php\/wp-json\/wp\/v2\/types\/product"}],"wp:featuredmedia":[{"embeddable":true,"href":"https:\/\/ofertacular.com\/index.php\/wp-json\/wp\/v2\/media\/9643"}],"wp:attachment":[{"href":"https:\/\/ofertacular.com\/index.php\/wp-json\/wp\/v2\/media?parent=9644"}],"wp:term":[{"taxonomy":"store","embeddable":true,"href":"https:\/\/ofertacular.com\/index.php\/wp-json\/wp\/v2\/store?post=9644"},{"taxonomy":"product_brand","embeddable":true,"href":"https:\/\/ofertacular.com\/index.php\/wp-json\/wp\/v2\/product_brand?post=9644"},{"taxonomy":"product_cat","embeddable":true,"href":"https:\/\/ofertacular.com\/index.php\/wp-json\/wp\/v2\/product_cat?post=9644"},{"taxonomy":"product_tag","embeddable":true,"href":"https:\/\/ofertacular.com\/index.php\/wp-json\/wp\/v2\/product_tag?post=9644"}],"curies":[{"name":"wp","href":"https:\/\/api.w.org\/{rel}","templated":true}]}}