{"id":9670,"date":"2025-11-21T14:45:28","date_gmt":"2025-11-21T13:45:28","guid":{"rendered":"https:\/\/ofertacular.com\/index.php\/producto\/lg-monitor-2\/"},"modified":"2025-11-21T14:45:28","modified_gmt":"2025-11-21T13:45:28","slug":"lg-monitor-2","status":"publish","type":"product","link":"https:\/\/ofertacular.com\/index.php\/producto\/lg-monitor-2\/","title":{"rendered":"LG Monitor"},"content":{"rendered":"<div class=\"oferta-container\">\n<p>\ud83d\udfe5 <b>\u00a1GANGAZO!<\/b> \ud83d\udfe5 #Publicidad #Amazon #16<\/p>\n<p>\ud83d\udd34 <b>Monitor LG <\/b><\/p>\n<p>\u2705 <b>AHORA 209.8 \u20ac<\/b> \u2714\ufe0f\ud83d\udfe1<\/p>\n<p>\u274c Antes 285.90 \u20ac<\/p>\n<p>\ud83d\uded2: <a href=\"https:\/\/btz.es\/5dlYL3Q\" target=\"_blank\" rel=\"nofollow noopener\">https:\/\/btz.es\/5dlYL3Q<\/a><\/p>\n<p>Descubre la excelencia visual con el Monitor LG, dise\u00f1ado para ofrecer una calidad de imagen impresionante y un rendimiento superior. Ideal para profesionales y gamers, este monitor combina tecnolog\u00eda avanzada y ergonom\u00eda para una experiencia visual c\u00f3moda y clara. Optimizado para mejorar tu productividad y entretenimiento, el Monitor LG es la elecci\u00f3n perfecta para quienes buscan innovaci\u00f3n y fiabilidad en cada detalle.<\/p>\n<\/p><\/div>\n","protected":false},"excerpt":{"rendered":"<p>\ud83d\udfe5 \u00a1GANGAZO! \ud83d\udfe5 #Publicidad #Amazon #16 \ud83d\udd34 Monitor LG \u2705 AHORA 209.8 \u20ac \u2714\ufe0f\ud83d\udfe1 \u274c Antes 285.90 \u20ac \ud83d\uded2: https:\/\/btz.es\/5dlYL3Q Descubre la excelencia visual con el Monitor LG, dise\u00f1ado para ofrecer una calidad de imagen impresionante y un rendimiento superior. Ideal para profesionales y gamers, este monitor combina tecnolog\u00eda avanzada y ergonom\u00eda para una experiencia [&hellip;]<\/p>\n","protected":false},"featured_media":9669,"template":"","meta":{"_gspb_post_css":""},"store":[],"product_brand":[],"product_cat":[16],"product_tag":[],"class_list":{"0":"post-9670","1":"product","2":"type-product","3":"status-publish","4":"has-post-thumbnail","6":"product_cat-sin-categorizar","8":"first","9":"instock","10":"sale","11":"shipping-taxable","12":"product-type-external"},"jetpack_sharing_enabled":true,"_links":{"self":[{"href":"https:\/\/ofertacular.com\/index.php\/wp-json\/wp\/v2\/product\/9670","targetHints":{"allow":["GET"]}}],"collection":[{"href":"https:\/\/ofertacular.com\/index.php\/wp-json\/wp\/v2\/product"}],"about":[{"href":"https:\/\/ofertacular.com\/index.php\/wp-json\/wp\/v2\/types\/product"}],"wp:featuredmedia":[{"embeddable":true,"href":"https:\/\/ofertacular.com\/index.php\/wp-json\/wp\/v2\/media\/9669"}],"wp:attachment":[{"href":"https:\/\/ofertacular.com\/index.php\/wp-json\/wp\/v2\/media?parent=9670"}],"wp:term":[{"taxonomy":"store","embeddable":true,"href":"https:\/\/ofertacular.com\/index.php\/wp-json\/wp\/v2\/store?post=9670"},{"taxonomy":"product_brand","embeddable":true,"href":"https:\/\/ofertacular.com\/index.php\/wp-json\/wp\/v2\/product_brand?post=9670"},{"taxonomy":"product_cat","embeddable":true,"href":"https:\/\/ofertacular.com\/index.php\/wp-json\/wp\/v2\/product_cat?post=9670"},{"taxonomy":"product_tag","embeddable":true,"href":"https:\/\/ofertacular.com\/index.php\/wp-json\/wp\/v2\/product_tag?post=9670"}],"curies":[{"name":"wp","href":"https:\/\/api.w.org\/{rel}","templated":true}]}}