{"id":9672,"date":"2025-11-22T07:43:07","date_gmt":"2025-11-22T06:43:07","guid":{"rendered":"https:\/\/ofertacular.com\/index.php\/producto\/fire-tv-4\/"},"modified":"2025-11-22T07:43:07","modified_gmt":"2025-11-22T06:43:07","slug":"fire-tv-4","status":"publish","type":"product","link":"https:\/\/ofertacular.com\/index.php\/producto\/fire-tv-4\/","title":{"rendered":"Fire TV"},"content":{"rendered":"<div class=\"oferta-container\">\n<p>\ud83d\udfe5 <b>\u00a1APROVECHA!<\/b> \ud83d\udfe5 #Publicidad #Amazon #16<\/p>\n<p>\ud83d\udd34 <b>Fire TV <\/b><\/p>\n<p>\u2705 <b>AHORA 19.99 \u20ac<\/b> \u2714\ufe0f\ud83d\udfe1<\/p>\n<p>\u274c Antes 54.99 \u20ac<\/p>\n<p>\ud83d\uded2: <a href=\"https:\/\/btz.es\/5dqgXb8\" target=\"_blank\" rel=\"nofollow noopener\">https:\/\/btz.es\/5dqgXb8<\/a><\/p>\n<p>Disfruta de una experiencia de entretenimiento \u00fanica con Fire TV, el dispositivo de streaming que te ofrece acceso a miles de pel\u00edculas, series y aplicaciones en alta definici\u00f3n. Optimizado para una f\u00e1cil navegaci\u00f3n y compatibilidad con Alexa, Fire TV transforma tu televisor en un centro multimedia inteligente, ideal para toda la familia. Descubre la mejor calidad de imagen y sonido, y accede a tus contenidos favoritos con rapidez y comodidad.<\/p>\n<\/p><\/div>\n","protected":false},"excerpt":{"rendered":"<p>\ud83d\udfe5 \u00a1APROVECHA! \ud83d\udfe5 #Publicidad #Amazon #16 \ud83d\udd34 Fire TV \u2705 AHORA 19.99 \u20ac \u2714\ufe0f\ud83d\udfe1 \u274c Antes 54.99 \u20ac \ud83d\uded2: https:\/\/btz.es\/5dqgXb8 Disfruta de una experiencia de entretenimiento \u00fanica con Fire TV, el dispositivo de streaming que te ofrece acceso a miles de pel\u00edculas, series y aplicaciones en alta definici\u00f3n. Optimizado para una f\u00e1cil navegaci\u00f3n y compatibilidad [&hellip;]<\/p>\n","protected":false},"featured_media":9671,"template":"","meta":{"_gspb_post_css":""},"store":[],"product_brand":[],"product_cat":[16],"product_tag":[],"class_list":{"0":"post-9672","1":"product","2":"type-product","3":"status-publish","4":"has-post-thumbnail","6":"product_cat-sin-categorizar","8":"first","9":"instock","10":"sale","11":"shipping-taxable","12":"product-type-external"},"jetpack_sharing_enabled":true,"_links":{"self":[{"href":"https:\/\/ofertacular.com\/index.php\/wp-json\/wp\/v2\/product\/9672","targetHints":{"allow":["GET"]}}],"collection":[{"href":"https:\/\/ofertacular.com\/index.php\/wp-json\/wp\/v2\/product"}],"about":[{"href":"https:\/\/ofertacular.com\/index.php\/wp-json\/wp\/v2\/types\/product"}],"wp:featuredmedia":[{"embeddable":true,"href":"https:\/\/ofertacular.com\/index.php\/wp-json\/wp\/v2\/media\/9671"}],"wp:attachment":[{"href":"https:\/\/ofertacular.com\/index.php\/wp-json\/wp\/v2\/media?parent=9672"}],"wp:term":[{"taxonomy":"store","embeddable":true,"href":"https:\/\/ofertacular.com\/index.php\/wp-json\/wp\/v2\/store?post=9672"},{"taxonomy":"product_brand","embeddable":true,"href":"https:\/\/ofertacular.com\/index.php\/wp-json\/wp\/v2\/product_brand?post=9672"},{"taxonomy":"product_cat","embeddable":true,"href":"https:\/\/ofertacular.com\/index.php\/wp-json\/wp\/v2\/product_cat?post=9672"},{"taxonomy":"product_tag","embeddable":true,"href":"https:\/\/ofertacular.com\/index.php\/wp-json\/wp\/v2\/product_tag?post=9672"}],"curies":[{"name":"wp","href":"https:\/\/api.w.org\/{rel}","templated":true}]}}