{"id":9700,"date":"2025-11-24T07:43:49","date_gmt":"2025-11-24T06:43:49","guid":{"rendered":"https:\/\/ofertacular.com\/index.php\/producto\/bic-cristal\/"},"modified":"2025-11-24T07:43:49","modified_gmt":"2025-11-24T06:43:49","slug":"bic-cristal","status":"publish","type":"product","link":"https:\/\/ofertacular.com\/index.php\/producto\/bic-cristal\/","title":{"rendered":"Bic Cristal"},"content":{"rendered":"<div class=\"oferta-container\">\n<p>\ud83d\udfe5 <b>UNA GANGA<\/b> \ud83d\udfe5 #Publicidad #Amazon #16<\/p>\n<p>\ud83d\udd34 <b>Bol\u00edgrafo Bic <\/b><\/p>\n<p>\u2705 <b>AHORA 4.09 \u20ac<\/b> \u2714\ufe0f\ud83d\udfe1<\/p>\n<p>\u274c Antes 5.85 \u20ac<\/p>\n<p>\ud83d\uded2: <a href=\"https:\/\/btz.es\/5d1OluE\" target=\"_blank\" rel=\"nofollow noopener\">https:\/\/btz.es\/5d1OluE<\/a><\/p>\n<p>Descubre el Bol\u00edgrafo Bic Cristal, la herramienta de escritura perfecta para uso diario. Con su dise\u00f1o cl\u00e1sico y tinta suave, garantiza una experiencia de escritura c\u00f3moda y fluida. Ideal para estudiantes, profesionales y cualquier persona que valore la calidad y fiabilidad en sus instrumentos de escritura. Disponible a un precio asequible y con la confianza de la marca Bic, l\u00edder mundial en productos de papeler\u00eda.<\/p>\n<\/p><\/div>\n","protected":false},"excerpt":{"rendered":"<p>\ud83d\udfe5 UNA GANGA \ud83d\udfe5 #Publicidad #Amazon #16 \ud83d\udd34 Bol\u00edgrafo Bic \u2705 AHORA 4.09 \u20ac \u2714\ufe0f\ud83d\udfe1 \u274c Antes 5.85 \u20ac \ud83d\uded2: https:\/\/btz.es\/5d1OluE Descubre el Bol\u00edgrafo Bic Cristal, la herramienta de escritura perfecta para uso diario. Con su dise\u00f1o cl\u00e1sico y tinta suave, garantiza una experiencia de escritura c\u00f3moda y fluida. Ideal para estudiantes, profesionales y cualquier [&hellip;]<\/p>\n","protected":false},"featured_media":9699,"template":"","meta":{"_gspb_post_css":""},"store":[],"product_brand":[],"product_cat":[16],"product_tag":[],"class_list":{"0":"post-9700","1":"product","2":"type-product","3":"status-publish","4":"has-post-thumbnail","6":"product_cat-sin-categorizar","8":"first","9":"instock","10":"sale","11":"shipping-taxable","12":"product-type-external"},"jetpack_sharing_enabled":true,"_links":{"self":[{"href":"https:\/\/ofertacular.com\/index.php\/wp-json\/wp\/v2\/product\/9700","targetHints":{"allow":["GET"]}}],"collection":[{"href":"https:\/\/ofertacular.com\/index.php\/wp-json\/wp\/v2\/product"}],"about":[{"href":"https:\/\/ofertacular.com\/index.php\/wp-json\/wp\/v2\/types\/product"}],"wp:featuredmedia":[{"embeddable":true,"href":"https:\/\/ofertacular.com\/index.php\/wp-json\/wp\/v2\/media\/9699"}],"wp:attachment":[{"href":"https:\/\/ofertacular.com\/index.php\/wp-json\/wp\/v2\/media?parent=9700"}],"wp:term":[{"taxonomy":"store","embeddable":true,"href":"https:\/\/ofertacular.com\/index.php\/wp-json\/wp\/v2\/store?post=9700"},{"taxonomy":"product_brand","embeddable":true,"href":"https:\/\/ofertacular.com\/index.php\/wp-json\/wp\/v2\/product_brand?post=9700"},{"taxonomy":"product_cat","embeddable":true,"href":"https:\/\/ofertacular.com\/index.php\/wp-json\/wp\/v2\/product_cat?post=9700"},{"taxonomy":"product_tag","embeddable":true,"href":"https:\/\/ofertacular.com\/index.php\/wp-json\/wp\/v2\/product_tag?post=9700"}],"curies":[{"name":"wp","href":"https:\/\/api.w.org\/{rel}","templated":true}]}}