{"id":9712,"date":"2025-11-24T08:16:11","date_gmt":"2025-11-24T07:16:11","guid":{"rendered":"https:\/\/ofertacular.com\/index.php\/producto\/puleva-peques\/"},"modified":"2025-11-24T08:16:11","modified_gmt":"2025-11-24T07:16:11","slug":"puleva-peques","status":"publish","type":"product","link":"https:\/\/ofertacular.com\/index.php\/producto\/puleva-peques\/","title":{"rendered":"Puleva Peques"},"content":{"rendered":"<div class=\"oferta-container\">\n<p>\ud83d\udfe5 <b>DATE PRISA<\/b> \ud83d\udfe5 #Publicidad #Amazon #16<\/p>\n<p>\ud83d\udd34 <b>Leche Infantil <\/b><\/p>\n<p>\u2705 <b>AHORA 6.47 \u20ac<\/b> \u2714\ufe0f\ud83d\udfe1<\/p>\n<p>\u274c Antes 17.80 \u20ac<\/p>\n<p>\ud83d\uded2: <a href=\"https:\/\/btz.es\/5d1Wu74\" target=\"_blank\" rel=\"nofollow noopener\">https:\/\/btz.es\/5d1Wu74<\/a><\/p>\n<p>Descubre Puleva Peques, la leche infantil especialmente formulada para satisfacer las necesidades nutricionales de los m\u00e1s peque\u00f1os. Riqueza en vitaminas y minerales esenciales que apoyan un desarrollo saludable y un sistema inmunol\u00f3gico fuerte. Puleva Peques es la elecci\u00f3n ideal para padres que buscan calidad y confianza en la alimentaci\u00f3n de sus hijos. Optimizada para madres y padres conscientes, esta leche infantil garantiza un crecimiento \u00f3ptimo y bienestar diario.<\/p>\n<\/p><\/div>\n","protected":false},"excerpt":{"rendered":"<p>\ud83d\udfe5 DATE PRISA \ud83d\udfe5 #Publicidad #Amazon #16 \ud83d\udd34 Leche Infantil \u2705 AHORA 6.47 \u20ac \u2714\ufe0f\ud83d\udfe1 \u274c Antes 17.80 \u20ac \ud83d\uded2: https:\/\/btz.es\/5d1Wu74 Descubre Puleva Peques, la leche infantil especialmente formulada para satisfacer las necesidades nutricionales de los m\u00e1s peque\u00f1os. Riqueza en vitaminas y minerales esenciales que apoyan un desarrollo saludable y un sistema inmunol\u00f3gico fuerte. Puleva [&hellip;]<\/p>\n","protected":false},"featured_media":9711,"template":"","meta":{"_gspb_post_css":""},"store":[],"product_brand":[],"product_cat":[16],"product_tag":[],"class_list":{"0":"post-9712","1":"product","2":"type-product","3":"status-publish","4":"has-post-thumbnail","6":"product_cat-sin-categorizar","8":"first","9":"instock","10":"sale","11":"shipping-taxable","12":"product-type-external"},"jetpack_sharing_enabled":true,"_links":{"self":[{"href":"https:\/\/ofertacular.com\/index.php\/wp-json\/wp\/v2\/product\/9712","targetHints":{"allow":["GET"]}}],"collection":[{"href":"https:\/\/ofertacular.com\/index.php\/wp-json\/wp\/v2\/product"}],"about":[{"href":"https:\/\/ofertacular.com\/index.php\/wp-json\/wp\/v2\/types\/product"}],"wp:featuredmedia":[{"embeddable":true,"href":"https:\/\/ofertacular.com\/index.php\/wp-json\/wp\/v2\/media\/9711"}],"wp:attachment":[{"href":"https:\/\/ofertacular.com\/index.php\/wp-json\/wp\/v2\/media?parent=9712"}],"wp:term":[{"taxonomy":"store","embeddable":true,"href":"https:\/\/ofertacular.com\/index.php\/wp-json\/wp\/v2\/store?post=9712"},{"taxonomy":"product_brand","embeddable":true,"href":"https:\/\/ofertacular.com\/index.php\/wp-json\/wp\/v2\/product_brand?post=9712"},{"taxonomy":"product_cat","embeddable":true,"href":"https:\/\/ofertacular.com\/index.php\/wp-json\/wp\/v2\/product_cat?post=9712"},{"taxonomy":"product_tag","embeddable":true,"href":"https:\/\/ofertacular.com\/index.php\/wp-json\/wp\/v2\/product_tag?post=9712"}],"curies":[{"name":"wp","href":"https:\/\/api.w.org\/{rel}","templated":true}]}}