{"id":9714,"date":"2025-11-24T08:19:16","date_gmt":"2025-11-24T07:19:16","guid":{"rendered":"https:\/\/ofertacular.com\/index.php\/producto\/snl-stuart\/"},"modified":"2025-11-24T08:19:16","modified_gmt":"2025-11-24T07:19:16","slug":"snl-stuart","status":"publish","type":"product","link":"https:\/\/ofertacular.com\/index.php\/producto\/snl-stuart\/","title":{"rendered":"SNL Stuart"},"content":{"rendered":"<div class=\"oferta-container\">\ud83d\udfea <b>FUNKO OFERTA<\/b> \ud83d\udfea #Publicidad #Amazon\ud83d\udfe3 <b> Funko POP! TV: SNL Stuart<\/b> \u2705 <b>AHORA 6.7 \u20ac<\/b> \u2714\ufe0f\ud83d\udfe1\u274c Antes 16.00 \u20ac \u20ac \ud83d\uded2: https:\/\/btz.es\/5d1XgIU\ud83d\udfe2 Ofertacular.com<\/p>\n<p>Descubre el Funko POP! TV: SNL &#8211; Stuart, una figura exclusiva para los verdaderos fan\u00e1ticos del ic\u00f3nico programa Saturday Night Live. Esta pieza \u00fanica captura la esencia de Stuart con detalles precisos que har\u00e1n brillar cualquier colecci\u00f3n. Ideal para coleccionistas y amantes de la cultura pop, esta figura Funko ofrece calidad y dise\u00f1o excepcionales. A\u00f1ade un toque distintivo a tu espacio con este Funko POP! que combina nostalgia y estilo moderno. Perfecto para regalar o para completar tu colecci\u00f3n de souvenirs televisivos. Consigue el tuyo y revive los mejores momentos de SNL con Stuart.<\/p>\n<\/div>\n","protected":false},"excerpt":{"rendered":"<p>\ud83d\udfea FUNKO OFERTA \ud83d\udfea #Publicidad #Amazon\ud83d\udfe3 Funko POP! TV: SNL Stuart \u2705 AHORA 6.7 \u20ac \u2714\ufe0f\ud83d\udfe1\u274c Antes 16.00 \u20ac \u20ac \ud83d\uded2: https:\/\/btz.es\/5d1XgIU\ud83d\udfe2 Ofertacular.com Descubre el Funko POP! TV: SNL &#8211; Stuart, una figura exclusiva para los verdaderos fan\u00e1ticos del ic\u00f3nico programa Saturday Night Live. Esta pieza \u00fanica captura la esencia de Stuart con detalles precisos [&hellip;]<\/p>\n","protected":false},"featured_media":9713,"template":"","meta":{"_gspb_post_css":""},"store":[],"product_brand":[],"product_cat":[16],"product_tag":[],"class_list":{"0":"post-9714","1":"product","2":"type-product","3":"status-publish","4":"has-post-thumbnail","6":"product_cat-sin-categorizar","8":"first","9":"instock","10":"sale","11":"shipping-taxable","12":"product-type-external"},"jetpack_sharing_enabled":true,"_links":{"self":[{"href":"https:\/\/ofertacular.com\/index.php\/wp-json\/wp\/v2\/product\/9714","targetHints":{"allow":["GET"]}}],"collection":[{"href":"https:\/\/ofertacular.com\/index.php\/wp-json\/wp\/v2\/product"}],"about":[{"href":"https:\/\/ofertacular.com\/index.php\/wp-json\/wp\/v2\/types\/product"}],"wp:featuredmedia":[{"embeddable":true,"href":"https:\/\/ofertacular.com\/index.php\/wp-json\/wp\/v2\/media\/9713"}],"wp:attachment":[{"href":"https:\/\/ofertacular.com\/index.php\/wp-json\/wp\/v2\/media?parent=9714"}],"wp:term":[{"taxonomy":"store","embeddable":true,"href":"https:\/\/ofertacular.com\/index.php\/wp-json\/wp\/v2\/store?post=9714"},{"taxonomy":"product_brand","embeddable":true,"href":"https:\/\/ofertacular.com\/index.php\/wp-json\/wp\/v2\/product_brand?post=9714"},{"taxonomy":"product_cat","embeddable":true,"href":"https:\/\/ofertacular.com\/index.php\/wp-json\/wp\/v2\/product_cat?post=9714"},{"taxonomy":"product_tag","embeddable":true,"href":"https:\/\/ofertacular.com\/index.php\/wp-json\/wp\/v2\/product_tag?post=9714"}],"curies":[{"name":"wp","href":"https:\/\/api.w.org\/{rel}","templated":true}]}}