{"id":9724,"date":"2025-11-24T11:06:46","date_gmt":"2025-11-24T10:06:46","guid":{"rendered":"https:\/\/ofertacular.com\/index.php\/producto\/nubwo-g06\/"},"modified":"2025-11-24T11:06:46","modified_gmt":"2025-11-24T10:06:46","slug":"nubwo-g06","status":"publish","type":"product","link":"https:\/\/ofertacular.com\/index.php\/producto\/nubwo-g06\/","title":{"rendered":"NUBWO G06"},"content":{"rendered":"<div class=\"oferta-container\">\n<p>\ud83d\udfe5 <b>\u00a1APROVECHA!<\/b> \ud83d\udfe5 #Publicidad #Amazon #16<\/p>\n<p>\ud83d\udd34 <b>Auriculares Gaming <\/b><\/p>\n<p>\u2705 <b>AHORA 38.49 \u20ac<\/b> \u2714\ufe0f\ud83d\udfe1<\/p>\n<p>\u274c Antes 54.99 \u20ac<\/p>\n<p>\ud83d\uded2: <a href=\"https:\/\/btz.es\/5d2Drrf\" target=\"_blank\" rel=\"nofollow noopener\">https:\/\/btz.es\/5d2Drrf<\/a><\/p>\n<p>Descubre la experiencia de sonido envolvente con los auriculares gaming NUBWO G06, dise\u00f1ados para ofrecer comodidad y calidad sonora superior en tus sesiones de juego. Equipados con micr\u00f3fono integrado y compatibilidad multiplataforma, estos auriculares garantizan una comunicaci\u00f3n clara y una inmersi\u00f3n total. Ideales para gamers que buscan rendimiento y estilo en cada partida.<\/p>\n<\/p><\/div>\n","protected":false},"excerpt":{"rendered":"<p>\ud83d\udfe5 \u00a1APROVECHA! \ud83d\udfe5 #Publicidad #Amazon #16 \ud83d\udd34 Auriculares Gaming \u2705 AHORA 38.49 \u20ac \u2714\ufe0f\ud83d\udfe1 \u274c Antes 54.99 \u20ac \ud83d\uded2: https:\/\/btz.es\/5d2Drrf Descubre la experiencia de sonido envolvente con los auriculares gaming NUBWO G06, dise\u00f1ados para ofrecer comodidad y calidad sonora superior en tus sesiones de juego. Equipados con micr\u00f3fono integrado y compatibilidad multiplataforma, estos auriculares garantizan [&hellip;]<\/p>\n","protected":false},"featured_media":9723,"template":"","meta":{"_gspb_post_css":""},"store":[],"product_brand":[],"product_cat":[16],"product_tag":[],"class_list":{"0":"post-9724","1":"product","2":"type-product","3":"status-publish","4":"has-post-thumbnail","6":"product_cat-sin-categorizar","8":"first","9":"instock","10":"sale","11":"shipping-taxable","12":"product-type-external"},"jetpack_sharing_enabled":true,"_links":{"self":[{"href":"https:\/\/ofertacular.com\/index.php\/wp-json\/wp\/v2\/product\/9724","targetHints":{"allow":["GET"]}}],"collection":[{"href":"https:\/\/ofertacular.com\/index.php\/wp-json\/wp\/v2\/product"}],"about":[{"href":"https:\/\/ofertacular.com\/index.php\/wp-json\/wp\/v2\/types\/product"}],"wp:featuredmedia":[{"embeddable":true,"href":"https:\/\/ofertacular.com\/index.php\/wp-json\/wp\/v2\/media\/9723"}],"wp:attachment":[{"href":"https:\/\/ofertacular.com\/index.php\/wp-json\/wp\/v2\/media?parent=9724"}],"wp:term":[{"taxonomy":"store","embeddable":true,"href":"https:\/\/ofertacular.com\/index.php\/wp-json\/wp\/v2\/store?post=9724"},{"taxonomy":"product_brand","embeddable":true,"href":"https:\/\/ofertacular.com\/index.php\/wp-json\/wp\/v2\/product_brand?post=9724"},{"taxonomy":"product_cat","embeddable":true,"href":"https:\/\/ofertacular.com\/index.php\/wp-json\/wp\/v2\/product_cat?post=9724"},{"taxonomy":"product_tag","embeddable":true,"href":"https:\/\/ofertacular.com\/index.php\/wp-json\/wp\/v2\/product_tag?post=9724"}],"curies":[{"name":"wp","href":"https:\/\/api.w.org\/{rel}","templated":true}]}}