{"id":9730,"date":"2025-11-24T11:28:25","date_gmt":"2025-11-24T10:28:25","guid":{"rendered":"https:\/\/ofertacular.com\/index.php\/producto\/oral-b-kids\/"},"modified":"2025-11-24T11:28:25","modified_gmt":"2025-11-24T10:28:25","slug":"oral-b-kids","status":"publish","type":"product","link":"https:\/\/ofertacular.com\/index.php\/producto\/oral-b-kids\/","title":{"rendered":"Oral-B Kids"},"content":{"rendered":"<div class=\"oferta-container\">\n<p>\ud83d\udfe5 <b>\u00a1APROVECHA!<\/b> \ud83d\udfe5 #Publicidad #Amazon #16<\/p>\n<p>\ud83d\udd34 <b>Cepillo Oral-B <\/b><\/p>\n<p>\u2705 <b>AHORA 17 \u20ac<\/b> \u2714\ufe0f\ud83d\udfe1<\/p>\n<p>\u274c Antes 34.95 \u20ac<\/p>\n<p>\ud83d\uded2: <a href=\"https:\/\/btz.es\/5d2IJfx\" target=\"_blank\" rel=\"nofollow noopener\">https:\/\/btz.es\/5d2IJfx<\/a><\/p>\n<p>Descubre el Cepillo Oral-B Kids, dise\u00f1ado especialmente para cuidar la salud bucal de los ni\u00f1os. Con tecnolog\u00eda suave y eficiente, este cepillo garantiza una limpieza profunda y protege las enc\u00edas delicadas de los peque\u00f1os. Ideal para fomentar h\u00e1bitos de higiene dental desde temprana edad, Oral-B Kids combina calidad y diversi\u00f3n en un solo producto. \u00a1Cuida la sonrisa de tus hijos con el mejor cepillo infantil del mercado!<\/p>\n<\/p><\/div>\n","protected":false},"excerpt":{"rendered":"<p>\ud83d\udfe5 \u00a1APROVECHA! \ud83d\udfe5 #Publicidad #Amazon #16 \ud83d\udd34 Cepillo Oral-B \u2705 AHORA 17 \u20ac \u2714\ufe0f\ud83d\udfe1 \u274c Antes 34.95 \u20ac \ud83d\uded2: https:\/\/btz.es\/5d2IJfx Descubre el Cepillo Oral-B Kids, dise\u00f1ado especialmente para cuidar la salud bucal de los ni\u00f1os. Con tecnolog\u00eda suave y eficiente, este cepillo garantiza una limpieza profunda y protege las enc\u00edas delicadas de los peque\u00f1os. Ideal [&hellip;]<\/p>\n","protected":false},"featured_media":9729,"template":"","meta":{"_gspb_post_css":""},"store":[],"product_brand":[],"product_cat":[16],"product_tag":[],"class_list":{"0":"post-9730","1":"product","2":"type-product","3":"status-publish","4":"has-post-thumbnail","6":"product_cat-sin-categorizar","8":"first","9":"instock","10":"sale","11":"shipping-taxable","12":"product-type-external"},"jetpack_sharing_enabled":true,"_links":{"self":[{"href":"https:\/\/ofertacular.com\/index.php\/wp-json\/wp\/v2\/product\/9730","targetHints":{"allow":["GET"]}}],"collection":[{"href":"https:\/\/ofertacular.com\/index.php\/wp-json\/wp\/v2\/product"}],"about":[{"href":"https:\/\/ofertacular.com\/index.php\/wp-json\/wp\/v2\/types\/product"}],"wp:featuredmedia":[{"embeddable":true,"href":"https:\/\/ofertacular.com\/index.php\/wp-json\/wp\/v2\/media\/9729"}],"wp:attachment":[{"href":"https:\/\/ofertacular.com\/index.php\/wp-json\/wp\/v2\/media?parent=9730"}],"wp:term":[{"taxonomy":"store","embeddable":true,"href":"https:\/\/ofertacular.com\/index.php\/wp-json\/wp\/v2\/store?post=9730"},{"taxonomy":"product_brand","embeddable":true,"href":"https:\/\/ofertacular.com\/index.php\/wp-json\/wp\/v2\/product_brand?post=9730"},{"taxonomy":"product_cat","embeddable":true,"href":"https:\/\/ofertacular.com\/index.php\/wp-json\/wp\/v2\/product_cat?post=9730"},{"taxonomy":"product_tag","embeddable":true,"href":"https:\/\/ofertacular.com\/index.php\/wp-json\/wp\/v2\/product_tag?post=9730"}],"curies":[{"name":"wp","href":"https:\/\/api.w.org\/{rel}","templated":true}]}}