{"id":9732,"date":"2025-11-24T11:46:48","date_gmt":"2025-11-24T10:46:48","guid":{"rendered":"https:\/\/ofertacular.com\/index.php\/producto\/lg-monitor-3\/"},"modified":"2025-11-24T11:46:48","modified_gmt":"2025-11-24T10:46:48","slug":"lg-monitor-3","status":"publish","type":"product","link":"https:\/\/ofertacular.com\/index.php\/producto\/lg-monitor-3\/","title":{"rendered":"LG Monitor"},"content":{"rendered":"<div class=\"oferta-container\">\n<p>\ud83d\udfe5 <b>SUPER OFERTA<\/b> \ud83d\udfe5 #Publicidad #Amazon #16<\/p>\n<p>\ud83d\udd34 <b>Monitor LG <\/b><\/p>\n<p>\u2705 <b>AHORA 58 \u20ac<\/b> \u2714\ufe0f\ud83d\udfe1<\/p>\n<p>\u274c Antes 109.00 \u20ac<\/p>\n<p>\ud83d\uded2: <a href=\"https:\/\/btz.es\/5d2Nwfa\" target=\"_blank\" rel=\"nofollow noopener\">https:\/\/btz.es\/5d2Nwfa<\/a><\/p>\n<p>Descubre el rendimiento superior del Monitor LG, dise\u00f1ado para ofrecer una calidad de imagen excepcional y una experiencia visual inigualable. Perfecto para profesionales y entusiastas que buscan precisi\u00f3n y nitidez en cada detalle. Optimizado para aumentar tu productividad y comodidad, este monitor LG combina tecnolog\u00eda avanzada con un dise\u00f1o elegante, integr\u00e1ndose perfectamente en cualquier espacio de trabajo o entretenimiento. Mejora tu visi\u00f3n y trabaja con la confianza que solo LG puede proporcionar.<\/p>\n<\/p><\/div>\n","protected":false},"excerpt":{"rendered":"<p>\ud83d\udfe5 SUPER OFERTA \ud83d\udfe5 #Publicidad #Amazon #16 \ud83d\udd34 Monitor LG \u2705 AHORA 58 \u20ac \u2714\ufe0f\ud83d\udfe1 \u274c Antes 109.00 \u20ac \ud83d\uded2: https:\/\/btz.es\/5d2Nwfa Descubre el rendimiento superior del Monitor LG, dise\u00f1ado para ofrecer una calidad de imagen excepcional y una experiencia visual inigualable. Perfecto para profesionales y entusiastas que buscan precisi\u00f3n y nitidez en cada detalle. Optimizado [&hellip;]<\/p>\n","protected":false},"featured_media":9731,"template":"","meta":{"_gspb_post_css":""},"store":[],"product_brand":[],"product_cat":[16],"product_tag":[],"class_list":{"0":"post-9732","1":"product","2":"type-product","3":"status-publish","4":"has-post-thumbnail","6":"product_cat-sin-categorizar","8":"first","9":"instock","10":"sale","11":"shipping-taxable","12":"product-type-external"},"jetpack_sharing_enabled":true,"_links":{"self":[{"href":"https:\/\/ofertacular.com\/index.php\/wp-json\/wp\/v2\/product\/9732","targetHints":{"allow":["GET"]}}],"collection":[{"href":"https:\/\/ofertacular.com\/index.php\/wp-json\/wp\/v2\/product"}],"about":[{"href":"https:\/\/ofertacular.com\/index.php\/wp-json\/wp\/v2\/types\/product"}],"wp:featuredmedia":[{"embeddable":true,"href":"https:\/\/ofertacular.com\/index.php\/wp-json\/wp\/v2\/media\/9731"}],"wp:attachment":[{"href":"https:\/\/ofertacular.com\/index.php\/wp-json\/wp\/v2\/media?parent=9732"}],"wp:term":[{"taxonomy":"store","embeddable":true,"href":"https:\/\/ofertacular.com\/index.php\/wp-json\/wp\/v2\/store?post=9732"},{"taxonomy":"product_brand","embeddable":true,"href":"https:\/\/ofertacular.com\/index.php\/wp-json\/wp\/v2\/product_brand?post=9732"},{"taxonomy":"product_cat","embeddable":true,"href":"https:\/\/ofertacular.com\/index.php\/wp-json\/wp\/v2\/product_cat?post=9732"},{"taxonomy":"product_tag","embeddable":true,"href":"https:\/\/ofertacular.com\/index.php\/wp-json\/wp\/v2\/product_tag?post=9732"}],"curies":[{"name":"wp","href":"https:\/\/api.w.org\/{rel}","templated":true}]}}