{"id":9759,"date":"2025-11-25T11:15:11","date_gmt":"2025-11-25T10:15:11","guid":{"rendered":"https:\/\/ofertacular.com\/index.php\/producto\/1005008315656496\/"},"modified":"2025-11-25T11:15:11","modified_gmt":"2025-11-25T10:15:11","slug":"1005008315656496","status":"publish","type":"product","link":"https:\/\/ofertacular.com\/index.php\/producto\/1005008315656496\/","title":{"rendered":"Aceitunas Manzanilla"},"content":{"rendered":"<div class=\"oferta-container\">\n<p>\ud83d\udfe5 <b>\u00a1NO TE LA PIERDAS!<\/b> \ud83d\udfe5 #Publicidad #Amazon #<\/p>\n<p>\ud83d\udd34 <b>Aceitunas Manzanilla <\/b><\/p>\n<p>\u2705 <b>AHORA 9.75\u20ac \u20ac<\/b> \u2714\ufe0f\ud83d\udfe1<\/p>\n<p>\u274c Antes 14.10 \u20ac<\/p>\n<p>\ud83d\uded2: <a href=\"https:\/\/btz.es\/5d85Vve\" target=\"_blank\" rel=\"nofollow noopener\">https:\/\/btz.es\/5d85Vve<\/a><\/p>\n<p>Descubre las aut\u00e9nticas Aceitunas Manzanilla, un producto esencial para los amantes de la gastronom\u00eda mediterr\u00e1nea y saludable. Estas aceitunas, cultivadas en las mejores regiones de Espa\u00f1a, destacan por su sabor inconfundible, textura suave y un toque ligeramente salado que las hace perfectas para cualquier ocasi\u00f3n. Ideales para aperitivos, ensaladas, tapas o como complemento en recetas tradicionales, las Aceitunas Manzanilla aportan un sabor natural y fresco que realza cualquier plato.<\/p>\n<p>Las Aceitunas Manzanilla contienen numerosos beneficios para la salud gracias a su alto contenido en antioxidantes, grasas saludables y vitaminas. Son una fuente excelente de vitamina E y polifenoles, que ayudan a combatir el envejecimiento celular y promueven la salud cardiovascular. Adem\u00e1s, su bajo contenido en calor\u00edas las convierte en una opci\u00f3n saludable para quienes buscan mantener una dieta equilibrada sin renunciar al sabor.<\/p>\n<p>Este producto destaca por su calidad premium, garant\u00eda de un proceso de selecci\u00f3n y elaboraci\u00f3n cuidadoso que preserva todas sus propiedades y sabor original. El m\u00e9todo tradicional de curado asegura que las aceitunas mantengan su textura firme y sabor intenso, ideales para ser consumidas directamente o incorporadas en diversas preparaciones culinarias.<\/p>\n<p>Las Aceitunas Manzanilla cuentan con una amplia versatilidad en la cocina: desde ser el complemento perfecto para c\u00f3cteles y aperitivos, hasta formar parte de salsas, pizzas, pastas o guisos. Son una opci\u00f3n imprescindible en cualquier despensa gourmet y un must have para quienes disfrutan explorando sabores aut\u00e9nticos y naturales.<\/p>\n<p>Gracias a su procedencia garantizada y su refrescante sabor, estas aceitunas son la elecci\u00f3n preferida tanto de chefs profesionales como de aficionados a la cocina casera. Incorporarlas a tu dieta no solo mejorar\u00e1 la calidad de tus platos, sino que tambi\u00e9n aportar\u00e1 beneficios nutricionales esenciales para tu bienestar diario.<\/p>\n<p>Atr\u00e9vete a descubrir el sabor tradicional de las Aceitunas Manzanilla, un producto que combina tradici\u00f3n, calidad y salud para deleitar a todos los paladares m\u00e1s exigentes.<\/p>\n<\/p><\/div>\n","protected":false},"excerpt":{"rendered":"<p>\ud83d\udfe5 \u00a1NO TE LA PIERDAS! \ud83d\udfe5 #Publicidad #Amazon # \ud83d\udd34 Aceitunas Manzanilla \u2705 AHORA 9.75\u20ac \u20ac \u2714\ufe0f\ud83d\udfe1 \u274c Antes 14.10 \u20ac \ud83d\uded2: https:\/\/btz.es\/5d85Vve Descubre las aut\u00e9nticas Aceitunas Manzanilla, un producto esencial para los amantes de la gastronom\u00eda mediterr\u00e1nea y saludable. Estas aceitunas, cultivadas en las mejores regiones de Espa\u00f1a, destacan por su sabor inconfundible, textura [&hellip;]<\/p>\n","protected":false},"featured_media":9758,"template":"","meta":{"_gspb_post_css":""},"store":[],"product_brand":[],"product_cat":[16],"product_tag":[],"class_list":{"0":"post-9759","1":"product","2":"type-product","3":"status-publish","4":"has-post-thumbnail","6":"product_cat-sin-categorizar","8":"first","9":"instock","10":"shipping-taxable","11":"product-type-external"},"jetpack_sharing_enabled":true,"_links":{"self":[{"href":"https:\/\/ofertacular.com\/index.php\/wp-json\/wp\/v2\/product\/9759","targetHints":{"allow":["GET"]}}],"collection":[{"href":"https:\/\/ofertacular.com\/index.php\/wp-json\/wp\/v2\/product"}],"about":[{"href":"https:\/\/ofertacular.com\/index.php\/wp-json\/wp\/v2\/types\/product"}],"wp:featuredmedia":[{"embeddable":true,"href":"https:\/\/ofertacular.com\/index.php\/wp-json\/wp\/v2\/media\/9758"}],"wp:attachment":[{"href":"https:\/\/ofertacular.com\/index.php\/wp-json\/wp\/v2\/media?parent=9759"}],"wp:term":[{"taxonomy":"store","embeddable":true,"href":"https:\/\/ofertacular.com\/index.php\/wp-json\/wp\/v2\/store?post=9759"},{"taxonomy":"product_brand","embeddable":true,"href":"https:\/\/ofertacular.com\/index.php\/wp-json\/wp\/v2\/product_brand?post=9759"},{"taxonomy":"product_cat","embeddable":true,"href":"https:\/\/ofertacular.com\/index.php\/wp-json\/wp\/v2\/product_cat?post=9759"},{"taxonomy":"product_tag","embeddable":true,"href":"https:\/\/ofertacular.com\/index.php\/wp-json\/wp\/v2\/product_tag?post=9759"}],"curies":[{"name":"wp","href":"https:\/\/api.w.org\/{rel}","templated":true}]}}