{"id":9767,"date":"2025-11-25T11:35:20","date_gmt":"2025-11-25T10:35:20","guid":{"rendered":"https:\/\/ofertacular.com\/index.php\/producto\/garmin-vivoactive\/"},"modified":"2025-11-25T11:35:20","modified_gmt":"2025-11-25T10:35:20","slug":"garmin-vivoactive","status":"publish","type":"product","link":"https:\/\/ofertacular.com\/index.php\/producto\/garmin-vivoactive\/","title":{"rendered":"Garmin V\u00edvoactive"},"content":{"rendered":"<div class=\"oferta-container\">\n<p>\ud83d\udfe5 <b>\u00a1APROVECHA!<\/b> \ud83d\udfe5 #Publicidad #Amazon #16<\/p>\n<p>\ud83d\udd34 <b>Reloj deportivo <\/b><\/p>\n<p>\u2705 <b>AHORA 164.63 \u20ac<\/b> \u2714\ufe0f\ud83d\udfe1<\/p>\n<p>\u274c Antes 299.99 \u20ac<\/p>\n<p>\ud83d\uded2: <a href=\"https:\/\/btz.es\/5d8AZIP\" target=\"_blank\" rel=\"nofollow noopener\">https:\/\/btz.es\/5d8AZIP<\/a><\/p>\n<p>Descubre el Garmin V\u00edvoactive, el reloj deportivo perfecto para tu estilo de vida activo. Con tecnolog\u00eda avanzada y dise\u00f1o elegante, este smartwatch ofrece seguimiento preciso de actividad f\u00edsica, monitoreo del ritmo card\u00edaco y m\u00faltiples funciones inteligentes para mantenerte conectado y motivado durante todo el d\u00eda. Optimiza tus entrenamientos y alcanza tus metas con Garmin, la marca l\u00edder en dispositivos GPS y wearables deportivos.<\/p>\n<\/p><\/div>\n","protected":false},"excerpt":{"rendered":"<p>\ud83d\udfe5 \u00a1APROVECHA! \ud83d\udfe5 #Publicidad #Amazon #16 \ud83d\udd34 Reloj deportivo \u2705 AHORA 164.63 \u20ac \u2714\ufe0f\ud83d\udfe1 \u274c Antes 299.99 \u20ac \ud83d\uded2: https:\/\/btz.es\/5d8AZIP Descubre el Garmin V\u00edvoactive, el reloj deportivo perfecto para tu estilo de vida activo. Con tecnolog\u00eda avanzada y dise\u00f1o elegante, este smartwatch ofrece seguimiento preciso de actividad f\u00edsica, monitoreo del ritmo card\u00edaco y m\u00faltiples funciones [&hellip;]<\/p>\n","protected":false},"featured_media":9766,"template":"","meta":{"_gspb_post_css":""},"store":[],"product_brand":[],"product_cat":[16],"product_tag":[],"class_list":{"0":"post-9767","1":"product","2":"type-product","3":"status-publish","4":"has-post-thumbnail","6":"product_cat-sin-categorizar","8":"first","9":"instock","10":"sale","11":"shipping-taxable","12":"product-type-external"},"jetpack_sharing_enabled":true,"_links":{"self":[{"href":"https:\/\/ofertacular.com\/index.php\/wp-json\/wp\/v2\/product\/9767","targetHints":{"allow":["GET"]}}],"collection":[{"href":"https:\/\/ofertacular.com\/index.php\/wp-json\/wp\/v2\/product"}],"about":[{"href":"https:\/\/ofertacular.com\/index.php\/wp-json\/wp\/v2\/types\/product"}],"wp:featuredmedia":[{"embeddable":true,"href":"https:\/\/ofertacular.com\/index.php\/wp-json\/wp\/v2\/media\/9766"}],"wp:attachment":[{"href":"https:\/\/ofertacular.com\/index.php\/wp-json\/wp\/v2\/media?parent=9767"}],"wp:term":[{"taxonomy":"store","embeddable":true,"href":"https:\/\/ofertacular.com\/index.php\/wp-json\/wp\/v2\/store?post=9767"},{"taxonomy":"product_brand","embeddable":true,"href":"https:\/\/ofertacular.com\/index.php\/wp-json\/wp\/v2\/product_brand?post=9767"},{"taxonomy":"product_cat","embeddable":true,"href":"https:\/\/ofertacular.com\/index.php\/wp-json\/wp\/v2\/product_cat?post=9767"},{"taxonomy":"product_tag","embeddable":true,"href":"https:\/\/ofertacular.com\/index.php\/wp-json\/wp\/v2\/product_tag?post=9767"}],"curies":[{"name":"wp","href":"https:\/\/api.w.org\/{rel}","templated":true}]}}