{"id":9771,"date":"2025-11-25T11:52:15","date_gmt":"2025-11-25T10:52:15","guid":{"rendered":"https:\/\/ofertacular.com\/index.php\/producto\/yosoy-soja\/"},"modified":"2025-11-25T11:52:15","modified_gmt":"2025-11-25T10:52:15","slug":"yosoy-soja","status":"publish","type":"product","link":"https:\/\/ofertacular.com\/index.php\/producto\/yosoy-soja\/","title":{"rendered":"Yosoy Soja"},"content":{"rendered":"<div class=\"oferta-container\">\n<p>\ud83d\udfe5 <b>DESCUENTAZO<\/b> \ud83d\udfe5 #Publicidad #Amazon #16<\/p>\n<p>\ud83d\udd34 <b>Leche Soja <\/b><\/p>\n<p>\u2705 <b>AHORA 6.72 \u20ac<\/b> \u2714\ufe0f\ud83d\udfe1<\/p>\n<p>\u274c Antes 9.00 \u20ac<\/p>\n<p>\ud83d\uded2: <a href=\"https:\/\/btz.es\/5d8FpG3\" target=\"_blank\" rel=\"nofollow noopener\">https:\/\/btz.es\/5d8FpG3<\/a><\/p>\n<p>Disfruta del delicioso y nutritivo sabor de la Leche de Soja Yosoy, una opci\u00f3n saludable y natural perfecta para todas las edades. Ideal para quienes buscan alternativas vegetales libres de lactosa, esta leche de soja aporta prote\u00ednas de alta calidad y es perfecta para acompa\u00f1ar tus desayunos, caf\u00e9s o recetas favoritas. Con Yosoy, cuida tu bienestar mientras disfrutas de un producto sostenible y respetuoso con el medio ambiente.<\/p>\n<\/p><\/div>\n","protected":false},"excerpt":{"rendered":"<p>\ud83d\udfe5 DESCUENTAZO \ud83d\udfe5 #Publicidad #Amazon #16 \ud83d\udd34 Leche Soja \u2705 AHORA 6.72 \u20ac \u2714\ufe0f\ud83d\udfe1 \u274c Antes 9.00 \u20ac \ud83d\uded2: https:\/\/btz.es\/5d8FpG3 Disfruta del delicioso y nutritivo sabor de la Leche de Soja Yosoy, una opci\u00f3n saludable y natural perfecta para todas las edades. Ideal para quienes buscan alternativas vegetales libres de lactosa, esta leche de soja [&hellip;]<\/p>\n","protected":false},"featured_media":9770,"template":"","meta":{"_gspb_post_css":""},"store":[],"product_brand":[],"product_cat":[16],"product_tag":[],"class_list":{"0":"post-9771","1":"product","2":"type-product","3":"status-publish","4":"has-post-thumbnail","6":"product_cat-sin-categorizar","8":"first","9":"instock","10":"sale","11":"shipping-taxable","12":"product-type-external"},"jetpack_sharing_enabled":true,"_links":{"self":[{"href":"https:\/\/ofertacular.com\/index.php\/wp-json\/wp\/v2\/product\/9771","targetHints":{"allow":["GET"]}}],"collection":[{"href":"https:\/\/ofertacular.com\/index.php\/wp-json\/wp\/v2\/product"}],"about":[{"href":"https:\/\/ofertacular.com\/index.php\/wp-json\/wp\/v2\/types\/product"}],"wp:featuredmedia":[{"embeddable":true,"href":"https:\/\/ofertacular.com\/index.php\/wp-json\/wp\/v2\/media\/9770"}],"wp:attachment":[{"href":"https:\/\/ofertacular.com\/index.php\/wp-json\/wp\/v2\/media?parent=9771"}],"wp:term":[{"taxonomy":"store","embeddable":true,"href":"https:\/\/ofertacular.com\/index.php\/wp-json\/wp\/v2\/store?post=9771"},{"taxonomy":"product_brand","embeddable":true,"href":"https:\/\/ofertacular.com\/index.php\/wp-json\/wp\/v2\/product_brand?post=9771"},{"taxonomy":"product_cat","embeddable":true,"href":"https:\/\/ofertacular.com\/index.php\/wp-json\/wp\/v2\/product_cat?post=9771"},{"taxonomy":"product_tag","embeddable":true,"href":"https:\/\/ofertacular.com\/index.php\/wp-json\/wp\/v2\/product_tag?post=9771"}],"curies":[{"name":"wp","href":"https:\/\/api.w.org\/{rel}","templated":true}]}}