{"id":9773,"date":"2025-11-25T11:54:22","date_gmt":"2025-11-25T10:54:22","guid":{"rendered":"https:\/\/ofertacular.com\/index.php\/producto\/1005007476354389\/"},"modified":"2025-11-25T11:54:22","modified_gmt":"2025-11-25T10:54:22","slug":"1005007476354389","status":"publish","type":"product","link":"https:\/\/ofertacular.com\/index.php\/producto\/1005007476354389\/","title":{"rendered":"Gourmet Ramen"},"content":{"rendered":"<div class=\"oferta-container\">\n<p>\ud83d\udfe5 <b>GRAN OFERTA<\/b> \ud83d\udfe5 #Publicidad #Amazon #<\/p>\n<p>\ud83d\udd34 <b>Ramen Gourmet <\/b><\/p>\n<p>\u2705 <b>AHORA 15.12\u20ac \u20ac<\/b> \u2714\ufe0f\ud83d\udfe1<\/p>\n<p>\u274c Antes 55.99 \u20ac<\/p>\n<p>\ud83d\uded2: <a href=\"https:\/\/btz.es\/5d8FNcb\" target=\"_blank\" rel=\"nofollow noopener\">https:\/\/btz.es\/5d8FNcb<\/a><\/p>\n<p>Descubre el exquisito sabor del Ramen Gourmet, una experiencia culinaria \u00fanica que combina tradici\u00f3n y calidad. Este ramen de alta calidad est\u00e1 elaborado con ingredientes premium que garantizan un sabor aut\u00e9ntico y delicioso, perfecto para los amantes de la cocina japonesa. Su preparaci\u00f3n r\u00e1pida y sencilla lo convierte en la opci\u00f3n ideal para una comida reconfortante y nutritiva, manteniendo el equilibrio perfecto entre sabor y textura en cada bocado. Adem\u00e1s, es una fuente rica en nutrientes esenciales, proporcionando energ\u00eda y bienestar en cada porci\u00f3n. Perfecto para quienes buscan una opci\u00f3n gastron\u00f3mica que se adapte a su estilo de vida activo sin sacrificar sabor ni calidad. Ideal para compartir en reuniones o disfrutar en solitario, el Ramen Gourmet es la elecci\u00f3n preferida para quienes valoran la gastronom\u00eda de excelencia y la practicidad en su cocina diaria. Con un empaque dise\u00f1ado para conservar la frescura y el aroma, este producto asegura una experiencia sensorial completa desde el primer instante hasta el \u00faltimo sorbo de su exquisito caldo. Sum\u00e9rgete en el mundo del Ramen Gourmet y transforma tu rutina alimentaria en un viaje de sabores inigualables, combinando tradici\u00f3n japonesa y comodidad moderna en cada paquete.<\/p>\n<\/p><\/div>\n","protected":false},"excerpt":{"rendered":"<p>\ud83d\udfe5 GRAN OFERTA \ud83d\udfe5 #Publicidad #Amazon # \ud83d\udd34 Ramen Gourmet \u2705 AHORA 15.12\u20ac \u20ac \u2714\ufe0f\ud83d\udfe1 \u274c Antes 55.99 \u20ac \ud83d\uded2: https:\/\/btz.es\/5d8FNcb Descubre el exquisito sabor del Ramen Gourmet, una experiencia culinaria \u00fanica que combina tradici\u00f3n y calidad. Este ramen de alta calidad est\u00e1 elaborado con ingredientes premium que garantizan un sabor aut\u00e9ntico y delicioso, perfecto [&hellip;]<\/p>\n","protected":false},"featured_media":9772,"template":"","meta":{"_gspb_post_css":""},"store":[],"product_brand":[],"product_cat":[16],"product_tag":[],"class_list":{"0":"post-9773","1":"product","2":"type-product","3":"status-publish","4":"has-post-thumbnail","6":"product_cat-sin-categorizar","8":"first","9":"instock","10":"shipping-taxable","11":"product-type-external"},"jetpack_sharing_enabled":true,"_links":{"self":[{"href":"https:\/\/ofertacular.com\/index.php\/wp-json\/wp\/v2\/product\/9773","targetHints":{"allow":["GET"]}}],"collection":[{"href":"https:\/\/ofertacular.com\/index.php\/wp-json\/wp\/v2\/product"}],"about":[{"href":"https:\/\/ofertacular.com\/index.php\/wp-json\/wp\/v2\/types\/product"}],"wp:featuredmedia":[{"embeddable":true,"href":"https:\/\/ofertacular.com\/index.php\/wp-json\/wp\/v2\/media\/9772"}],"wp:attachment":[{"href":"https:\/\/ofertacular.com\/index.php\/wp-json\/wp\/v2\/media?parent=9773"}],"wp:term":[{"taxonomy":"store","embeddable":true,"href":"https:\/\/ofertacular.com\/index.php\/wp-json\/wp\/v2\/store?post=9773"},{"taxonomy":"product_brand","embeddable":true,"href":"https:\/\/ofertacular.com\/index.php\/wp-json\/wp\/v2\/product_brand?post=9773"},{"taxonomy":"product_cat","embeddable":true,"href":"https:\/\/ofertacular.com\/index.php\/wp-json\/wp\/v2\/product_cat?post=9773"},{"taxonomy":"product_tag","embeddable":true,"href":"https:\/\/ofertacular.com\/index.php\/wp-json\/wp\/v2\/product_tag?post=9773"}],"curies":[{"name":"wp","href":"https:\/\/api.w.org\/{rel}","templated":true}]}}