{"id":9801,"date":"2025-11-26T10:24:17","date_gmt":"2025-11-26T09:24:17","guid":{"rendered":"https:\/\/ofertacular.com\/index.php\/producto\/1005007495669004\/"},"modified":"2025-11-26T10:24:17","modified_gmt":"2025-11-26T09:24:17","slug":"1005007495669004","status":"publish","type":"product","link":"https:\/\/ofertacular.com\/index.php\/producto\/1005007495669004\/","title":{"rendered":"Monix Sartenes Aluminio"},"content":{"rendered":"<div class=\"oferta-container\">\n<p>\ud83d\udfe5 <b>AHORRA AQU\u00cd<\/b> \ud83d\udfe5 #Publicidad #Amazon #<\/p>\n<p>\ud83d\udd34 <b>Sartenes aluminio <\/b><\/p>\n<p>\u2705 <b>AHORA 7.27\u20ac \u20ac<\/b> \u2714\ufe0f\ud83d\udfe1<\/p>\n<p>\u274c Antes 16.10 \u20ac<\/p>\n<p>\ud83d\uded2: <a href=\"https:\/\/btz.es\/5dEjD9E\" target=\"_blank\" rel=\"nofollow noopener\">https:\/\/btz.es\/5dEjD9E<\/a><\/p>\n<p>Descubre las sartenes de aluminio Monix, dise\u00f1adas para ofrecer una cocci\u00f3n uniforme y duradera. Estas sartenes son ideales para quienes buscan calidad y rendimiento en la cocina, combinando resistencia y ligereza para facilitar la manipulaci\u00f3n. Fabricadas con materiales de alta calidad, las sartenes Monix proporcionan una excelente distribuci\u00f3n del calor, evitando puntos calientes y garantizando que tus recetas se cocinen de manera perfecta. Adem\u00e1s, su revestimiento antiadherente te permite cocinar con menos aceite, promoviendo una alimentaci\u00f3n m\u00e1s saludable y una limpieza m\u00e1s sencilla. Perfectas para todo tipo de cocinas, incluyendo inducci\u00f3n, son una opci\u00f3n vers\u00e1til y pr\u00e1ctica que no puede faltar en tu hogar. Aprovecha la durabilidad y el dise\u00f1o ergon\u00f3mico que Monix ofrece para transformar tu experiencia culinaria. Este conjunto de sartenes de aluminio es la elecci\u00f3n perfecta para chefs aficionados y profesionales que valoran la eficiencia y la est\u00e9tica en sus utensilios de cocina.<\/p>\n<\/p><\/div>\n","protected":false},"excerpt":{"rendered":"<p>\ud83d\udfe5 AHORRA AQU\u00cd \ud83d\udfe5 #Publicidad #Amazon # \ud83d\udd34 Sartenes aluminio \u2705 AHORA 7.27\u20ac \u20ac \u2714\ufe0f\ud83d\udfe1 \u274c Antes 16.10 \u20ac \ud83d\uded2: https:\/\/btz.es\/5dEjD9E Descubre las sartenes de aluminio Monix, dise\u00f1adas para ofrecer una cocci\u00f3n uniforme y duradera. Estas sartenes son ideales para quienes buscan calidad y rendimiento en la cocina, combinando resistencia y ligereza para facilitar la [&hellip;]<\/p>\n","protected":false},"featured_media":9800,"template":"","meta":{"_gspb_post_css":""},"store":[],"product_brand":[],"product_cat":[16],"product_tag":[],"class_list":{"0":"post-9801","1":"product","2":"type-product","3":"status-publish","4":"has-post-thumbnail","6":"product_cat-sin-categorizar","8":"first","9":"instock","10":"shipping-taxable","11":"product-type-external"},"jetpack_sharing_enabled":true,"_links":{"self":[{"href":"https:\/\/ofertacular.com\/index.php\/wp-json\/wp\/v2\/product\/9801","targetHints":{"allow":["GET"]}}],"collection":[{"href":"https:\/\/ofertacular.com\/index.php\/wp-json\/wp\/v2\/product"}],"about":[{"href":"https:\/\/ofertacular.com\/index.php\/wp-json\/wp\/v2\/types\/product"}],"wp:featuredmedia":[{"embeddable":true,"href":"https:\/\/ofertacular.com\/index.php\/wp-json\/wp\/v2\/media\/9800"}],"wp:attachment":[{"href":"https:\/\/ofertacular.com\/index.php\/wp-json\/wp\/v2\/media?parent=9801"}],"wp:term":[{"taxonomy":"store","embeddable":true,"href":"https:\/\/ofertacular.com\/index.php\/wp-json\/wp\/v2\/store?post=9801"},{"taxonomy":"product_brand","embeddable":true,"href":"https:\/\/ofertacular.com\/index.php\/wp-json\/wp\/v2\/product_brand?post=9801"},{"taxonomy":"product_cat","embeddable":true,"href":"https:\/\/ofertacular.com\/index.php\/wp-json\/wp\/v2\/product_cat?post=9801"},{"taxonomy":"product_tag","embeddable":true,"href":"https:\/\/ofertacular.com\/index.php\/wp-json\/wp\/v2\/product_tag?post=9801"}],"curies":[{"name":"wp","href":"https:\/\/api.w.org\/{rel}","templated":true}]}}