{"id":9821,"date":"2025-11-27T08:34:53","date_gmt":"2025-11-27T07:34:53","guid":{"rendered":"https:\/\/ofertacular.com\/index.php\/producto\/1005009361797201-2\/"},"modified":"2025-11-27T08:34:53","modified_gmt":"2025-11-27T07:34:53","slug":"1005009361797201-2","status":"publish","type":"product","link":"https:\/\/ofertacular.com\/index.php\/producto\/1005009361797201-2\/","title":{"rendered":"MagSafe Powerbank"},"content":{"rendered":"<div class=\"oferta-container\">\n<p>\ud83d\udfe5 <b>DATE PRISA<\/b> \ud83d\udfe5 #Publicidad #Amazon #<\/p>\n<p>\ud83d\udd34 <b>Powerbank MagSafe <\/b><\/p>\n<p>\u2705 <b>AHORA 11.87\u20ac \u20ac<\/b> \u2714\ufe0f\ud83d\udfe1<\/p>\n<p>\u274c Antes 25.00 \u20ac<\/p>\n<p>\ud83d\uded2: <a href=\"https:\/\/btz.es\/5dJ8CFO\" target=\"_blank\" rel=\"nofollow noopener\">https:\/\/btz.es\/5dJ8CFO<\/a><\/p>\n<p>Descubre la revoluci\u00f3n en carga port\u00e1til con el Powerbank MagSafe, dise\u00f1ado exclusivamente para usuarios que buscan eficiencia y comodidad. Este dispositivo ofrece una soluci\u00f3n pr\u00e1ctica para mantener tus dispositivos Apple siempre cargados gracias a su compatibilidad con la tecnolog\u00eda MagSafe, que asegura una conexi\u00f3n magn\u00e9tica segura y estable. Ideal para quienes est\u00e1n siempre en movimiento, este powerbank compacto y ligero se ajusta perfectamente a tu estilo de vida din\u00e1mico. Con una capacidad de carga potente, permite recargar tu iPhone varias veces, garantizando que nunca te quedes sin bater\u00eda durante tus jornadas laborales, viajes o actividades al aire libre. Adem\u00e1s, su dise\u00f1o elegante y moderno combina funcionalidad con estilo, haciendo de este powerbank un accesorio imprescindible para cualquier usuario Apple. La tecnolog\u00eda inteligente integrada optimiza la entrega de energ\u00eda, protegiendo tus dispositivos contra sobrecargas, sobrecalentamiento y cortocircuitos, proporcionando una carga segura y eficiente en todo momento. Compatible con iPhone 12 y modelos superiores, este Powerbank MagSafe es la elecci\u00f3n perfecta para maximizar la autonom\u00eda de tus dispositivos sin sacrificar la comodidad ni la est\u00e9tica.<\/p>\n<\/p><\/div>\n","protected":false},"excerpt":{"rendered":"<p>\ud83d\udfe5 DATE PRISA \ud83d\udfe5 #Publicidad #Amazon # \ud83d\udd34 Powerbank MagSafe \u2705 AHORA 11.87\u20ac \u20ac \u2714\ufe0f\ud83d\udfe1 \u274c Antes 25.00 \u20ac \ud83d\uded2: https:\/\/btz.es\/5dJ8CFO Descubre la revoluci\u00f3n en carga port\u00e1til con el Powerbank MagSafe, dise\u00f1ado exclusivamente para usuarios que buscan eficiencia y comodidad. Este dispositivo ofrece una soluci\u00f3n pr\u00e1ctica para mantener tus dispositivos Apple siempre cargados gracias a [&hellip;]<\/p>\n","protected":false},"featured_media":9820,"template":"","meta":{"_gspb_post_css":""},"store":[],"product_brand":[],"product_cat":[16],"product_tag":[],"class_list":{"0":"post-9821","1":"product","2":"type-product","3":"status-publish","4":"has-post-thumbnail","6":"product_cat-sin-categorizar","8":"first","9":"instock","10":"shipping-taxable","11":"product-type-external"},"jetpack_sharing_enabled":true,"_links":{"self":[{"href":"https:\/\/ofertacular.com\/index.php\/wp-json\/wp\/v2\/product\/9821","targetHints":{"allow":["GET"]}}],"collection":[{"href":"https:\/\/ofertacular.com\/index.php\/wp-json\/wp\/v2\/product"}],"about":[{"href":"https:\/\/ofertacular.com\/index.php\/wp-json\/wp\/v2\/types\/product"}],"wp:featuredmedia":[{"embeddable":true,"href":"https:\/\/ofertacular.com\/index.php\/wp-json\/wp\/v2\/media\/9820"}],"wp:attachment":[{"href":"https:\/\/ofertacular.com\/index.php\/wp-json\/wp\/v2\/media?parent=9821"}],"wp:term":[{"taxonomy":"store","embeddable":true,"href":"https:\/\/ofertacular.com\/index.php\/wp-json\/wp\/v2\/store?post=9821"},{"taxonomy":"product_brand","embeddable":true,"href":"https:\/\/ofertacular.com\/index.php\/wp-json\/wp\/v2\/product_brand?post=9821"},{"taxonomy":"product_cat","embeddable":true,"href":"https:\/\/ofertacular.com\/index.php\/wp-json\/wp\/v2\/product_cat?post=9821"},{"taxonomy":"product_tag","embeddable":true,"href":"https:\/\/ofertacular.com\/index.php\/wp-json\/wp\/v2\/product_tag?post=9821"}],"curies":[{"name":"wp","href":"https:\/\/api.w.org\/{rel}","templated":true}]}}