{"id":9833,"date":"2025-11-27T10:41:39","date_gmt":"2025-11-27T09:41:39","guid":{"rendered":"https:\/\/ofertacular.com\/index.php\/producto\/lg-oled\/"},"modified":"2025-11-27T10:41:39","modified_gmt":"2025-11-27T09:41:39","slug":"lg-oled","status":"publish","type":"product","link":"https:\/\/ofertacular.com\/index.php\/producto\/lg-oled\/","title":{"rendered":"LG OLED"},"content":{"rendered":"<div class=\"oferta-container\">\n<p>\ud83d\udfe5 <b>\u00a1NO TE LA PIERDAS!<\/b> \ud83d\udfe5 #Publicidad #Amazon #16<\/p>\n<p>\ud83d\udd34 <b>TV OLED <\/b><\/p>\n<p>\u2705 <b>AHORA 888 \u20ac<\/b> \u2714\ufe0f\ud83d\udfe1<\/p>\n<p>\u274c Antes 979.00 \u20ac<\/p>\n<p>\ud83d\uded2: <a href=\"https:\/\/btz.es\/5dKe6Pk\" target=\"_blank\" rel=\"nofollow noopener\">https:\/\/btz.es\/5dKe6Pk<\/a><\/p>\n<p>Descubre la calidad visual superior con la TV OLED de LG, que ofrece colores vibrantes y negros profundos gracias a su tecnolog\u00eda avanzada. Ideal para amantes del cine y videojuegos, esta televisi\u00f3n inteligente combina un dise\u00f1o elegante con funcionalidades innovadoras para una experiencia audiovisual inigualable.<\/p>\n<\/p><\/div>\n","protected":false},"excerpt":{"rendered":"<p>\ud83d\udfe5 \u00a1NO TE LA PIERDAS! \ud83d\udfe5 #Publicidad #Amazon #16 \ud83d\udd34 TV OLED \u2705 AHORA 888 \u20ac \u2714\ufe0f\ud83d\udfe1 \u274c Antes 979.00 \u20ac \ud83d\uded2: https:\/\/btz.es\/5dKe6Pk Descubre la calidad visual superior con la TV OLED de LG, que ofrece colores vibrantes y negros profundos gracias a su tecnolog\u00eda avanzada. Ideal para amantes del cine y videojuegos, esta televisi\u00f3n [&hellip;]<\/p>\n","protected":false},"featured_media":9832,"template":"","meta":{"_gspb_post_css":""},"store":[],"product_brand":[],"product_cat":[16],"product_tag":[],"class_list":{"0":"post-9833","1":"product","2":"type-product","3":"status-publish","4":"has-post-thumbnail","6":"product_cat-sin-categorizar","8":"first","9":"instock","10":"sale","11":"shipping-taxable","12":"product-type-external"},"jetpack_sharing_enabled":true,"_links":{"self":[{"href":"https:\/\/ofertacular.com\/index.php\/wp-json\/wp\/v2\/product\/9833","targetHints":{"allow":["GET"]}}],"collection":[{"href":"https:\/\/ofertacular.com\/index.php\/wp-json\/wp\/v2\/product"}],"about":[{"href":"https:\/\/ofertacular.com\/index.php\/wp-json\/wp\/v2\/types\/product"}],"wp:featuredmedia":[{"embeddable":true,"href":"https:\/\/ofertacular.com\/index.php\/wp-json\/wp\/v2\/media\/9832"}],"wp:attachment":[{"href":"https:\/\/ofertacular.com\/index.php\/wp-json\/wp\/v2\/media?parent=9833"}],"wp:term":[{"taxonomy":"store","embeddable":true,"href":"https:\/\/ofertacular.com\/index.php\/wp-json\/wp\/v2\/store?post=9833"},{"taxonomy":"product_brand","embeddable":true,"href":"https:\/\/ofertacular.com\/index.php\/wp-json\/wp\/v2\/product_brand?post=9833"},{"taxonomy":"product_cat","embeddable":true,"href":"https:\/\/ofertacular.com\/index.php\/wp-json\/wp\/v2\/product_cat?post=9833"},{"taxonomy":"product_tag","embeddable":true,"href":"https:\/\/ofertacular.com\/index.php\/wp-json\/wp\/v2\/product_tag?post=9833"}],"curies":[{"name":"wp","href":"https:\/\/api.w.org\/{rel}","templated":true}]}}